{"id":614,"date":"2024-05-21T15:35:35","date_gmt":"2024-05-21T15:35:35","guid":{"rendered":"https:\/\/lacreateka.es\/avis-juridique\/"},"modified":"2024-08-19T10:48:04","modified_gmt":"2024-08-19T10:48:04","slug":"avis-juridique","status":"publish","type":"page","link":"https:\/\/benazetnavarro.com\/fr\/avis-juridique\/","title":{"rendered":"Avis juridique"},"content":{"rendered":"<p>[et_pb_section fb_built=\u00a0\u00bb1&Prime; theme_builder_area=\u00a0\u00bbpost_content\u00a0\u00bb _builder_version=\u00a0\u00bb4.25.0&Prime; _module_preset=\u00a0\u00bbdefault\u00a0\u00bb da_is_popup=\u00a0\u00bboff\u00a0\u00bb da_exit_intent=\u00a0\u00bboff\u00a0\u00bb da_has_close=\u00a0\u00bbon\u00a0\u00bb da_alt_close=\u00a0\u00bboff\u00a0\u00bb da_dark_close=\u00a0\u00bboff\u00a0\u00bb da_not_modal=\u00a0\u00bbon\u00a0\u00bb da_is_singular=\u00a0\u00bboff\u00a0\u00bb da_with_loader=\u00a0\u00bboff\u00a0\u00bb da_has_shadow=\u00a0\u00bbon\u00a0\u00bb da_disable_devices=\u00a0\u00bboff|off|off\u00a0\u00bb][et_pb_row _builder_version=\u00a0\u00bb4.25.0&Prime; _module_preset=\u00a0\u00bbdefault\u00a0\u00bb theme_builder_area=\u00a0\u00bbpost_content\u00a0\u00bb][et_pb_column _builder_version=\u00a0\u00bb4.25.0&Prime; _module_preset=\u00a0\u00bbdefault\u00a0\u00bb type=\u00a0\u00bb4_4&Prime; theme_builder_area=\u00a0\u00bbpost_content\u00a0\u00bb][et_pb_text _builder_version=\u00a0\u00bb4.25.0&Prime; _module_preset=\u00a0\u00bbdefault\u00a0\u00bb theme_builder_area=\u00a0\u00bbpost_content\u00a0\u00bb hover_enabled=\u00a0\u00bb0&Prime; sticky_enabled=\u00a0\u00bb0&Prime;]<\/p>\n<h1>Avis juridique<\/h1>\n<p>[\/et_pb_text][et_pb_text _builder_version=\u00a0\u00bb4.25.0&Prime; _module_preset=\u00a0\u00bbdefault\u00a0\u00bb theme_builder_area=\u00a0\u00bbpost_content\u00a0\u00bb hover_enabled=\u00a0\u00bb0&Prime; sticky_enabled=\u00a0\u00bb0&Prime;]<\/p>\n<p><em>Conform\u00e9ment \u00e0 la loi 34\/2002, du 11 juillet, sur les services de la soci\u00e9t\u00e9 de l&rsquo;information et le commerce \u00e9lectronique (LSSI-CE), l&rsquo;entreprise vous informe qu&rsquo;elle est propri\u00e9taire du site web. Conform\u00e9ment aux exigences de l&rsquo;article 10 de la loi susmentionn\u00e9e, il communique les donn\u00e9es suivantes :  <\/em><\/p>\n<p><em>Le propri\u00e9taire de ce site web est :  <\/em><\/p>\n<table>\n<tbody>\n<tr>\n<td width=\"151\">\n<p>Nom de l&rsquo;entreprise<\/p>\n<\/td>\n<td width=\"415\">\n<p>Ignacio Benazet Navarro<\/p>\n<\/td>\n<\/tr>\n<tr>\n<td width=\"151\">\n<p>Carte d&rsquo;identit\u00e9<\/p>\n<\/td>\n<td width=\"415\">\n<p>52427670K<\/p>\n<\/td>\n<\/tr>\n<tr>\n<td width=\"151\">\n<p>Adresse<\/p>\n<\/td>\n<td width=\"415\">\n<p>Carrer Sant Isidre 14, Local, 08870, Sitges, Barcelona<\/p>\n<\/td>\n<\/tr>\n<tr>\n<td width=\"151\">\n<p>Inscription au registre du commerce<\/p>\n<\/td>\n<td width=\"415\">\n<p>Num\u00e9ro d&rsquo;enregistrement<\/p>\n<\/td>\n<\/tr>\n<\/tbody>\n<\/table>\n<p><strong><em><u><\/u><\/em><\/strong><\/p>\n<p><strong><em><u>UTILISATEURS<\/u><\/em><\/strong><\/p>\n<p><em>L&rsquo;acc\u00e8s et\/ou l&rsquo;utilisation de ce portail conf\u00e8re la condition d&rsquo;UTILISATEUR, qui accepte, \u00e0 partir de cet acc\u00e8s et\/ou de cette utilisation, les conditions g\u00e9n\u00e9rales d&rsquo;utilisation refl\u00e9t\u00e9es dans le pr\u00e9sent document. Les conditions susmentionn\u00e9es s&rsquo;appliquent ind\u00e9pendamment des conditions g\u00e9n\u00e9rales de vente qui peuvent \u00eatre obligatoires.<\/em><\/p>\n<p><strong><em><u>UTILISATION DU PORTAIL<\/u><\/em><\/strong><\/p>\n<p><em>Le site web donne acc\u00e8s \u00e0 une multitude d&rsquo;informations, de services, de programmes ou de donn\u00e9es (ci-apr\u00e8s d\u00e9nomm\u00e9s \u00ab\u00a0le contenu\u00a0\u00bb) sur Internet appartenant \u00e0 Ignacio Benazet Navarro ou \u00e0 ses conc\u00e9dants de licence, auxquels l&rsquo;UTILISATEUR peut avoir acc\u00e8s. L&rsquo;UTILISATEUR assume la responsabilit\u00e9 de l&rsquo;utilisation du portail. Cette responsabilit\u00e9 s&rsquo;\u00e9tend \u00e0 tout enregistrement qui pourrait \u00eatre n\u00e9cessaire pour acc\u00e9der \u00e0 certains services ou contenus.<\/em><\/p>\n<p><em>L&rsquo;UTILISATEUR est responsable de la v\u00e9racit\u00e9 et de la l\u00e9galit\u00e9 des informations qu&rsquo;il fournit lors de son inscription. En cons\u00e9quence de cet enregistrement, l&rsquo;UTILISATEUR peut se voir attribuer un mot de passe dont il sera responsable, s&rsquo;engageant \u00e0 l&rsquo;utiliser avec diligence et de mani\u00e8re confidentielle. L&rsquo;UTILISATEUR s&rsquo;engage \u00e0 faire un usage appropri\u00e9 des contenus et des services qu&rsquo;Ignacio Benazet Navarro propose \u00e0 travers son portail et, \u00e0 titre d&rsquo;exemple mais non limitatif, \u00e0 ne pas les utiliser pour :  <\/em><\/p>\n<ol>\n<li><em>s&rsquo;engager dans des activit\u00e9s ill\u00e9gales, illicites ou contraires \u00e0 la bonne foi et \u00e0 l&rsquo;ordre public<\/em><\/li>\n<li><em>la diffusion de contenu ou de propagande \u00e0 caract\u00e8re raciste, x\u00e9nophobe, pornographique, ill\u00e9gal, terroriste ou relatif aux droits de l&rsquo;homme<\/em><\/li>\n<li><em>causer des dommages aux syst\u00e8mes physiques et logiques d&rsquo;Ignacio Benazet Navarro, de ses fournisseurs ou de tiers, introduire ou propager des virus informatiques ou tout autre syst\u00e8me physique ou logique susceptible de causer les dommages susmentionn\u00e9s ;<\/em><\/li>\n<li><em>tenter d&rsquo;acc\u00e9der et, le cas \u00e9ch\u00e9ant, d&rsquo;utiliser les comptes de courrier \u00e9lectronique d&rsquo;autres utilisateurs et de modifier ou d&rsquo;alt\u00e9rer leurs messages. Ignacio Benazet Navarro se r\u00e9serve le droit de supprimer tous les commentaires et contributions qui violent le respect de la dignit\u00e9 de la personne, qui sont discriminatoires, x\u00e9nophobes, racistes, pornographiques, qui portent atteinte \u00e0 la jeunesse ou \u00e0 l&rsquo;enfance, \u00e0 l&rsquo;ordre public ou \u00e0 la s\u00e9curit\u00e9 ou qui, \u00e0 son avis, ne sont pas appropri\u00e9s pour la publication. En tout \u00e9tat de cause, Ignacio Benazet Navarro ne sera pas responsable des opinions exprim\u00e9es par les utilisateurs par le biais des forums, des chats ou d&rsquo;autres outils de participation.<\/em><em><\/em><\/li>\n<\/ol>\n<p><strong><em><u>PROPRI\u00c9T\u00c9 INTELLECTUELLE ET INDUSTRIELLE<\/u><\/em><\/strong><\/p>\n<p><em>Ignacio Benazet Navarro est titulaire de tous les droits de propri\u00e9t\u00e9 intellectuelle et industrielle de son site web, ainsi que des \u00e9l\u00e9ments qu&rsquo;il contient (y compris, mais sans s&rsquo;y limiter, les images, le son, l&rsquo;audio, la vid\u00e9o, les logiciels ou les textes ; les marques ou les logos, les combinaisons de couleurs, la structure et la conception, la s\u00e9lection des mat\u00e9riaux utilis\u00e9s, les programmes informatiques n\u00e9cessaires \u00e0 son fonctionnement, \u00e0 son acc\u00e8s et \u00e0 son utilisation, etc.)<\/em><\/p>\n<p><em>Tous droits r\u00e9serv\u00e9s. En vertu des dispositions des articles 8 et 32.1, deuxi\u00e8me alin\u00e9a, de la loi sur la propri\u00e9t\u00e9 intellectuelle, la reproduction, la distribution et la communication publique, y compris la modalit\u00e9 de mise \u00e0 disposition, de tout ou partie du contenu de ce site web, \u00e0 des fins commerciales, sur tout support et par tout moyen technique, sans l&rsquo;autorisation d&rsquo;Ignacio Benazet Navarro, sont express\u00e9ment interdites. L&rsquo;UTILISATEUR s&rsquo;engage \u00e0 respecter les droits de propri\u00e9t\u00e9 intellectuelle et industrielle d\u00e9tenus par Ignacio Benazet Navarro. Vous pouvez visualiser les \u00e9l\u00e9ments du portail et m\u00eame les imprimer, les copier et les stocker sur le disque dur de votre ordinateur ou sur tout autre support physique, \u00e0 condition que ce soit uniquement et exclusivement pour votre usage personnel et priv\u00e9. L&rsquo;UTILISATEUR doit s&rsquo;abstenir de supprimer, d&rsquo;alt\u00e9rer, d&rsquo;\u00e9luder ou de manipuler tout dispositif de protection ou syst\u00e8me de s\u00e9curit\u00e9 install\u00e9 sur les pages d&rsquo;Ignacio Benazet Navarro.<\/em><\/p>\n<p><strong><em><u>EXCLUSION DES GARANTIES ET DE LA RESPONSABILIT\u00c9<\/u><\/em><\/strong><\/p>\n<p><em>Ignacio Benazet Navarro n&rsquo;est en aucun cas responsable des dommages de toute nature qui pourraient \u00eatre caus\u00e9s par des erreurs ou des omissions dans les contenus, le manque de disponibilit\u00e9 du portail ou la transmission de virus ou de programmes malveillants ou nuisibles dans les contenus, bien qu&rsquo;il ait adopt\u00e9 toutes les mesures technologiques n\u00e9cessaires pour l&rsquo;\u00e9viter.<\/em><\/p>\n<p><strong><em><u>MODIFICATIONS<\/u><\/em><\/strong><\/p>\n<p><em>Ignacio Benazet Navarro se r\u00e9serve le droit d&rsquo;apporter les modifications qu&rsquo;il juge opportunes \u00e0 son portail sans avis pr\u00e9alable, pouvant changer, supprimer ou ajouter aussi bien les contenus et les services fournis \u00e0 travers celui-ci que la mani\u00e8re dont ils sont pr\u00e9sent\u00e9s ou localis\u00e9s sur son portail.<\/em><\/p>\n<p><strong><em><u>LIENS<\/u><\/em><\/strong><\/p>\n<p><em>Dans le cas o\u00f9 le site web contiendrait des liens ou des hyperliens vers d&rsquo;autres sites Internet, Ignacio Benazet Navarro n&rsquo;exercera aucun type de contr\u00f4le sur ces sites et leur contenu. Ignacio Benazet Navarro n&rsquo;assume en aucun cas la responsabilit\u00e9 du contenu d&rsquo;un lien appartenant \u00e0 un site web externe et ne garantit pas la disponibilit\u00e9 technique, la qualit\u00e9, la fiabilit\u00e9, l&rsquo;exactitude, l&rsquo;exhaustivit\u00e9, la v\u00e9racit\u00e9, la validit\u00e9 et la constitutionnalit\u00e9 de tout mat\u00e9riel ou information contenu dans l&rsquo;un de ces hyperliens ou dans d&rsquo;autres sites Internet.<\/em><\/p>\n<p><em>De m\u00eame, l&rsquo;inclusion de ces connexions externes n&rsquo;implique aucune forme d&rsquo;association, de fusion ou de participation avec les entit\u00e9s connect\u00e9es.<\/em><\/p>\n<p><strong><em><u>DROIT D&rsquo;EXCLUSION<\/u><\/em><\/strong><\/p>\n<p><em>Ignacio Benazet Navarro se r\u00e9serve le droit de refuser ou de retirer l&rsquo;acc\u00e8s au portail et\/ou aux services offerts sans avis pr\u00e9alable, \u00e0 sa demande ou \u00e0 la demande d&rsquo;un tiers, aux utilisateurs qui ne respectent pas les pr\u00e9sentes conditions g\u00e9n\u00e9rales d&rsquo;utilisation.<\/em><\/p>\n<p><strong><em><u>G\u00c9N\u00c9RALIT\u00c9S<\/u><\/em><\/strong><\/p>\n<p><em>Ignacio Benazet Navarro poursuivra toute violation de ces conditions, ainsi que toute utilisation abusive de son portail, en exer\u00e7ant toutes les actions civiles et p\u00e9nales qui peuvent lui correspondre en vertu de la loi.<\/em><\/p>\n<p><strong><em><u>MODIFICATION DE CES CONDITIONS ET DUR\u00c9E<\/u><\/em><\/strong><\/p>\n<p><em>Ignacio Benazet Navarro peut modifier \u00e0 tout moment les conditions sp\u00e9cifi\u00e9es ici, d\u00fbment publi\u00e9es telles qu&rsquo;elles apparaissent ici.<\/em><\/p>\n<p><em>La validit\u00e9 de ces conditions d\u00e9pend de leur exposition et reste en vigueur jusqu&rsquo;\u00e0 ce qu&rsquo;elles soient modifi\u00e9es par d&rsquo;autres conditions d\u00fbment publi\u00e9es.<\/em><\/p>\n<p><strong><em><u>DROIT APPLICABLE ET JURIDICTION<\/u><\/em><\/strong><\/p>\n<p><em>Les relations entre Ignacio Benazet Navarro et l&rsquo;UTILISATEUR sont r\u00e9gies par la l\u00e9gislation espagnole en vigueur et tout litige sera soumis aux cours et tribunaux de la ville susmentionn\u00e9e.<\/em><\/p>\n<p>[\/et_pb_text][\/et_pb_column][\/et_pb_row][\/et_pb_section]<\/p>\n","protected":false},"excerpt":{"rendered":"<p>Avis juridiqueConform\u00e9ment \u00e0 la loi 34\/2002, du 11 juillet, sur les services de la soci\u00e9t\u00e9 de l&rsquo;information et le commerce \u00e9lectronique (LSSI-CE), l&rsquo;entreprise vous informe qu&rsquo;elle est propri\u00e9taire du site web. Conform\u00e9ment aux exigences de l&rsquo;article 10 de la loi susmentionn\u00e9e, il communique les donn\u00e9es suivantes : Le propri\u00e9taire de ce site web est : [&hellip;]<\/p>\n","protected":false},"author":1,"featured_media":0,"parent":0,"menu_order":0,"comment_status":"closed","ping_status":"closed","template":"","meta":{"_et_pb_use_builder":"on","_et_pb_old_content":"","_et_gb_content_width":"","footnotes":""},"class_list":["post-614","page","type-page","status-publish","hentry"],"yoast_head":"<!-- This site is optimized with the Yoast SEO plugin v23.3 - https:\/\/yoast.com\/wordpress\/plugins\/seo\/ -->\n<title>Avis juridique - Benazet Navarro<\/title>\n<meta name=\"robots\" content=\"noindex, nofollow\" \/>\n<meta property=\"og:locale\" content=\"fr_FR\" \/>\n<meta property=\"og:type\" content=\"article\" \/>\n<meta property=\"og:title\" content=\"Avis juridique - Benazet Navarro\" \/>\n<meta property=\"og:description\" content=\"Avis juridiqueConform\u00e9ment \u00e0 la loi 34\/2002, du 11 juillet, sur les services de la soci\u00e9t\u00e9 de l&#039;information et le commerce \u00e9lectronique (LSSI-CE), l&#039;entreprise vous informe qu&#039;elle est propri\u00e9taire du site web. Conform\u00e9ment aux exigences de l&#039;article 10 de la loi susmentionn\u00e9e, il communique les donn\u00e9es suivantes : Le propri\u00e9taire de ce site web est : [&hellip;]\" \/>\n<meta property=\"og:url\" content=\"https:\/\/benazetnavarro.com\/fr\/avis-juridique\/\" \/>\n<meta property=\"og:site_name\" content=\"Benazet Navarro\" \/>\n<meta property=\"article:modified_time\" content=\"2024-08-19T10:48:04+00:00\" \/>\n<meta name=\"twitter:card\" content=\"summary_large_image\" \/>\n<meta name=\"twitter:label1\" content=\"Dur\u00e9e de lecture estim\u00e9e\" \/>\n\t<meta name=\"twitter:data1\" content=\"6 minutes\" \/>\n<script type=\"application\/ld+json\" class=\"yoast-schema-graph\">{\"@context\":\"https:\/\/schema.org\",\"@graph\":[{\"@type\":\"WebPage\",\"@id\":\"https:\/\/benazetnavarro.com\/fr\/avis-juridique\/\",\"url\":\"https:\/\/benazetnavarro.com\/fr\/avis-juridique\/\",\"name\":\"Avis juridique - Benazet Navarro\",\"isPartOf\":{\"@id\":\"https:\/\/benazetnavarro.com\/fr\/#website\"},\"datePublished\":\"2024-05-21T15:35:35+00:00\",\"dateModified\":\"2024-08-19T10:48:04+00:00\",\"breadcrumb\":{\"@id\":\"https:\/\/benazetnavarro.com\/fr\/avis-juridique\/#breadcrumb\"},\"inLanguage\":\"fr-FR\",\"potentialAction\":[{\"@type\":\"ReadAction\",\"target\":[\"https:\/\/benazetnavarro.com\/fr\/avis-juridique\/\"]}]},{\"@type\":\"BreadcrumbList\",\"@id\":\"https:\/\/benazetnavarro.com\/fr\/avis-juridique\/#breadcrumb\",\"itemListElement\":[{\"@type\":\"ListItem\",\"position\":1,\"name\":\"Portada\",\"item\":\"https:\/\/benazetnavarro.com\/fr\/\"},{\"@type\":\"ListItem\",\"position\":2,\"name\":\"Avis juridique\"}]},{\"@type\":\"WebSite\",\"@id\":\"https:\/\/benazetnavarro.com\/fr\/#website\",\"url\":\"https:\/\/benazetnavarro.com\/fr\/\",\"name\":\"Benazet Navarro\",\"description\":\"Administraci\u00f3n de comunidades, gesti\u00f3n de urbanizaciones, administraci\u00f3n de alquileres y asesoramiento jur\u00eddico\",\"publisher\":{\"@id\":\"https:\/\/benazetnavarro.com\/fr\/#organization\"},\"potentialAction\":[{\"@type\":\"SearchAction\",\"target\":{\"@type\":\"EntryPoint\",\"urlTemplate\":\"https:\/\/benazetnavarro.com\/fr\/?s={search_term_string}\"},\"query-input\":\"required name=search_term_string\"}],\"inLanguage\":\"fr-FR\"},{\"@type\":\"Organization\",\"@id\":\"https:\/\/benazetnavarro.com\/fr\/#organization\",\"name\":\"Benazet Navarro\",\"url\":\"https:\/\/benazetnavarro.com\/fr\/\",\"logo\":{\"@type\":\"ImageObject\",\"inLanguage\":\"fr-FR\",\"@id\":\"https:\/\/benazetnavarro.com\/fr\/#\/schema\/logo\/image\/\",\"url\":\"https:\/\/benazetnavarro.com\/wp-content\/uploads\/cropped-favicon-benazet-navarro.jpg\",\"contentUrl\":\"https:\/\/benazetnavarro.com\/wp-content\/uploads\/cropped-favicon-benazet-navarro.jpg\",\"width\":512,\"height\":512,\"caption\":\"Benazet Navarro\"},\"image\":{\"@id\":\"https:\/\/benazetnavarro.com\/fr\/#\/schema\/logo\/image\/\"}}]}<\/script>\n<!-- \/ Yoast SEO plugin. -->","yoast_head_json":{"title":"Avis juridique - Benazet Navarro","robots":{"index":"noindex","follow":"nofollow"},"og_locale":"fr_FR","og_type":"article","og_title":"Avis juridique - Benazet Navarro","og_description":"Avis juridiqueConform\u00e9ment \u00e0 la loi 34\/2002, du 11 juillet, sur les services de la soci\u00e9t\u00e9 de l'information et le commerce \u00e9lectronique (LSSI-CE), l'entreprise vous informe qu'elle est propri\u00e9taire du site web. Conform\u00e9ment aux exigences de l'article 10 de la loi susmentionn\u00e9e, il communique les donn\u00e9es suivantes : Le propri\u00e9taire de ce site web est : [&hellip;]","og_url":"https:\/\/benazetnavarro.com\/fr\/avis-juridique\/","og_site_name":"Benazet Navarro","article_modified_time":"2024-08-19T10:48:04+00:00","twitter_card":"summary_large_image","twitter_misc":{"Dur\u00e9e de lecture estim\u00e9e":"6 minutes"},"schema":{"@context":"https:\/\/schema.org","@graph":[{"@type":"WebPage","@id":"https:\/\/benazetnavarro.com\/fr\/avis-juridique\/","url":"https:\/\/benazetnavarro.com\/fr\/avis-juridique\/","name":"Avis juridique - Benazet Navarro","isPartOf":{"@id":"https:\/\/benazetnavarro.com\/fr\/#website"},"datePublished":"2024-05-21T15:35:35+00:00","dateModified":"2024-08-19T10:48:04+00:00","breadcrumb":{"@id":"https:\/\/benazetnavarro.com\/fr\/avis-juridique\/#breadcrumb"},"inLanguage":"fr-FR","potentialAction":[{"@type":"ReadAction","target":["https:\/\/benazetnavarro.com\/fr\/avis-juridique\/"]}]},{"@type":"BreadcrumbList","@id":"https:\/\/benazetnavarro.com\/fr\/avis-juridique\/#breadcrumb","itemListElement":[{"@type":"ListItem","position":1,"name":"Portada","item":"https:\/\/benazetnavarro.com\/fr\/"},{"@type":"ListItem","position":2,"name":"Avis juridique"}]},{"@type":"WebSite","@id":"https:\/\/benazetnavarro.com\/fr\/#website","url":"https:\/\/benazetnavarro.com\/fr\/","name":"Benazet Navarro","description":"Administraci\u00f3n de comunidades, gesti\u00f3n de urbanizaciones, administraci\u00f3n de alquileres y asesoramiento jur\u00eddico","publisher":{"@id":"https:\/\/benazetnavarro.com\/fr\/#organization"},"potentialAction":[{"@type":"SearchAction","target":{"@type":"EntryPoint","urlTemplate":"https:\/\/benazetnavarro.com\/fr\/?s={search_term_string}"},"query-input":"required name=search_term_string"}],"inLanguage":"fr-FR"},{"@type":"Organization","@id":"https:\/\/benazetnavarro.com\/fr\/#organization","name":"Benazet Navarro","url":"https:\/\/benazetnavarro.com\/fr\/","logo":{"@type":"ImageObject","inLanguage":"fr-FR","@id":"https:\/\/benazetnavarro.com\/fr\/#\/schema\/logo\/image\/","url":"https:\/\/benazetnavarro.com\/wp-content\/uploads\/cropped-favicon-benazet-navarro.jpg","contentUrl":"https:\/\/benazetnavarro.com\/wp-content\/uploads\/cropped-favicon-benazet-navarro.jpg","width":512,"height":512,"caption":"Benazet Navarro"},"image":{"@id":"https:\/\/benazetnavarro.com\/fr\/#\/schema\/logo\/image\/"}}]}},"_links":{"self":[{"href":"https:\/\/benazetnavarro.com\/fr\/wp-json\/wp\/v2\/pages\/614"}],"collection":[{"href":"https:\/\/benazetnavarro.com\/fr\/wp-json\/wp\/v2\/pages"}],"about":[{"href":"https:\/\/benazetnavarro.com\/fr\/wp-json\/wp\/v2\/types\/page"}],"author":[{"embeddable":true,"href":"https:\/\/benazetnavarro.com\/fr\/wp-json\/wp\/v2\/users\/1"}],"replies":[{"embeddable":true,"href":"https:\/\/benazetnavarro.com\/fr\/wp-json\/wp\/v2\/comments?post=614"}],"version-history":[{"count":9,"href":"https:\/\/benazetnavarro.com\/fr\/wp-json\/wp\/v2\/pages\/614\/revisions"}],"predecessor-version":[{"id":809,"href":"https:\/\/benazetnavarro.com\/fr\/wp-json\/wp\/v2\/pages\/614\/revisions\/809"}],"wp:attachment":[{"href":"https:\/\/benazetnavarro.com\/fr\/wp-json\/wp\/v2\/media?parent=614"}],"curies":[{"name":"wp","href":"https:\/\/api.w.org\/{rel}","templated":true}]}}