{"id":599,"date":"2024-05-21T15:29:35","date_gmt":"2024-05-21T15:29:35","guid":{"rendered":"https:\/\/lacreateka.es\/politique-de-confidentialite\/"},"modified":"2024-08-21T12:10:09","modified_gmt":"2024-08-21T12:10:09","slug":"politique-de-confidentialite","status":"publish","type":"page","link":"https:\/\/benazetnavarro.com\/fr\/politique-de-confidentialite\/","title":{"rendered":"Politique de confidentialit\u00e9"},"content":{"rendered":"<p>[et_pb_section fb_built=\u00a0\u00bb1&Prime; _builder_version=\u00a0\u00bb4.25.0&Prime; _module_preset=\u00a0\u00bbdefault\u00a0\u00bb da_disable_devices=\u00a0\u00bboff|off|off\u00a0\u00bb global_colors_info=\u00a0\u00bb{}\u00a0\u00bb da_is_popup=\u00a0\u00bboff\u00a0\u00bb da_exit_intent=\u00a0\u00bboff\u00a0\u00bb da_has_close=\u00a0\u00bbon\u00a0\u00bb da_alt_close=\u00a0\u00bboff\u00a0\u00bb da_dark_close=\u00a0\u00bboff\u00a0\u00bb da_not_modal=\u00a0\u00bbon\u00a0\u00bb da_is_singular=\u00a0\u00bboff\u00a0\u00bb da_with_loader=\u00a0\u00bboff\u00a0\u00bb da_has_shadow=\u00a0\u00bbon\u00a0\u00bb][et_pb_row _builder_version=\u00a0\u00bb4.25.0&Prime; _module_preset=\u00a0\u00bbdefault\u00a0\u00bb global_colors_info=\u00a0\u00bb{}\u00a0\u00bb][et_pb_column type=\u00a0\u00bb4_4&Prime; _builder_version=\u00a0\u00bb4.25.0&Prime; _module_preset=\u00a0\u00bbdefault\u00a0\u00bb global_colors_info=\u00a0\u00bb{}\u00a0\u00bb][et_pb_text _builder_version=\u00a0\u00bb4.25.0&Prime; _module_preset=\u00a0\u00bbdefault\u00a0\u00bb hover_enabled=\u00a0\u00bb0&Prime; sticky_enabled=\u00a0\u00bb0&Prime;]<\/p>\n<h1>Politique de confidentialit\u00e9<\/h1>\n<p>[\/et_pb_text][et_pb_text _builder_version=\u00a0\u00bb4.25.0&Prime; _module_preset=\u00a0\u00bbdefault\u00a0\u00bb custom_padding=\u00a0\u00bb|||0px||\u00a0\u00bb global_colors_info=\u00a0\u00bb{}\u00a0\u00bb]<\/p>\n<p><strong><em><u><\/u><\/em><\/strong><\/p>\n<p><strong><em><u>POLITIQUE DE CONFIDENTIALIT\u00c9 DU SITE WEB<\/u><\/em><\/strong><\/p>\n<p><em>Nous <\/em><em>sommes une entreprise dans laquelle la transparence de l&rsquo;information est essentielle pour \u00e9tablir une relation de confiance avec les personnes qui composent notre projet et avec nos fournisseurs et clients, la protection des donn\u00e9es personnelles des personnes qui nous font confiance \u00e9tant d&rsquo;une importance vitale, c&rsquo;est pourquoi nous souhaitons vous informer par le biais de cette politique de confidentialit\u00e9 de la mani\u00e8re dont nous recueillons et traitons ou utilisons ces donn\u00e9es.<\/em><\/p>\n<p><em>Dans ce <\/em><em>p<\/em><em>a politique de protection de la vie priv\u00e9e d\u00e9finit la base sur laquelle l&rsquo;entreprise <\/em><em>l&rsquo;entreprise<\/em><em>traite les donn\u00e9es personnelles qui lui sont volontairement fournies par ses utilisateurs par l&rsquo;interm\u00e9diaire du site web.<\/em><\/p>\n<p><em>La pr\u00e9sente politique s&rsquo;appliquera toujours lorsque des donn\u00e9es sont fournies \u00e0 <\/em><em>l&rsquo;entreprise<\/em><em>qui sera responsable de vos donn\u00e9es (contr\u00f4leur de donn\u00e9es), et par le biais de tout formulaire de contact ou d&rsquo;abonnement dans lequel des donn\u00e9es personnelles (nom, adresse \u00e9lectronique, etc.) sont collect\u00e9es.<\/em><em>.<\/em><\/p>\n<p><strong><em><u>CE QUE NOUS NOUS ENGAGEONS \u00c0 FAIRE<\/u><\/em><\/strong><\/p>\n<ul>\n<li><em>Respecter la vie priv\u00e9e de nos utilisateurs et traiter les donn\u00e9es personnelles avec leur consentement.<\/em><\/li>\n<li><em>Traiter les donn\u00e9es personnelles dont nous avons strictement besoin pour fournir le service demand\u00e9, et les traiter de mani\u00e8re s\u00fbre et confidentielle, en prenant les mesures n\u00e9cessaires pour emp\u00eacher l&rsquo;acc\u00e8s non autoris\u00e9 et l&rsquo;utilisation abusive.<\/em><\/li>\n<li><em>Ne pas utiliser les donn\u00e9es \u00e0 caract\u00e8re personnel \u00e0 des fins pour lesquelles nous n&rsquo;avons pas obtenu de consentement pr\u00e9alable.<\/em><\/li>\n<li><em>Ne pas communiquer les donn\u00e9es personnelles \u00e0 des tiers ou les partager.<\/em><\/li>\n<li><em>Conserver les donn\u00e9es personnelles pendant la dur\u00e9e strictement n\u00e9cessaire \u00e0 la finalit\u00e9 sp\u00e9cifique pour laquelle elles ont \u00e9t\u00e9 fournies.<\/em><\/li>\n<\/ul>\n<p><em> <\/em><\/p>\n<p><strong><em><u>QUI EST RESPONSABLE DE VOS DONN\u00c9ES PERSONNELLES<\/u><\/em><\/strong><\/p>\n<table>\n<tbody>\n<tr>\n<td width=\"179\">\n<p>Nom de l&rsquo;entreprise<\/p>\n<\/td>\n<td width=\"387\">\n<p>Ignacio Benazet Navarro<\/p>\n<\/td>\n<\/tr>\n<tr>\n<td width=\"179\">\n<p>Carte d&rsquo;identit\u00e9<\/p>\n<\/td>\n<td width=\"387\">\n<p>52427670K<\/p>\n<\/td>\n<\/tr>\n<tr>\n<td width=\"179\">\n<p>Adresse<\/p>\n<\/td>\n<td width=\"387\">\n<p>Carrer Sant Isidre 14, Local, 08870, Sitges, Barcelona<\/p>\n<\/td>\n<\/tr>\n<\/tbody>\n<\/table>\n<p>&nbsp;<\/p>\n<p><strong><em><u>QU&rsquo;EST-CE QUE LES DONN\u00c9ES PERSONNELLES ET LE TRAITEMENT DES DONN\u00c9ES PERSONNELLES ?<\/u><\/em><\/strong><\/p>\n<p><em>Les donn\u00e9es \u00e0 caract\u00e8re personnel sont toutes les informations relatives \u00e0 une personne physique identifi\u00e9e ou identifiable. Une personne physique identifiable est toute personne dont l&rsquo;identit\u00e9 peut \u00eatre \u00e9tablie directement ou indirectement, notamment au moyen d&rsquo;un identifiant tel qu&rsquo;un nom, un num\u00e9ro d&rsquo;identification, des donn\u00e9es de localisation, un identifiant en ligne ou un ou plusieurs \u00e9l\u00e9ments de l&rsquo;identit\u00e9 physique, physiologique, g\u00e9n\u00e9tique, psychique, \u00e9conomique, culturelle ou sociale de cette personne.  <\/em><\/p>\n<p><em>En outre, le traitement des donn\u00e9es \u00e0 caract\u00e8re personnel comprend toute op\u00e9ration ou tout ensemble d&rsquo;op\u00e9rations effectu\u00e9es ou non \u00e0 l&rsquo;aide de proc\u00e9d\u00e9s automatis\u00e9s et appliqu\u00e9es \u00e0 des donn\u00e9es ou des ensembles de donn\u00e9es \u00e0 caract\u00e8re personnel, telles que la collecte, l&rsquo;enregistrement, l&rsquo;organisation, la structuration, la conservation, l&rsquo;adaptation ou la modification, l&rsquo;extraction, la consultation, l&rsquo;utilisation, la divulgation par transmission, la diffusion ou toute autre forme de mise \u00e0 disposition, le rapprochement ou l&rsquo;interconnexion, la limitation, l&rsquo;effacement ou la destruction.<\/em><\/p>\n<p>&nbsp;<\/p>\n<p><strong><em><u>LE TRAITEMENT QUE NOUS EFFECTUONS SUR VOS DONN\u00c9ES \u00c0 CARACT\u00c8RE PERSONNEL ET \u00c0 QUELLES FINS<\/u><\/em><\/strong><\/p>\n<ul>\n<li><em>Demande d&rsquo;informations \u00e0 l&rsquo;utilisateur<\/em><\/li>\n<\/ul>\n<p><em>G\u00e9rer la demande d&rsquo;information envoy\u00e9e par l&rsquo;utilisateur via le formulaire de contact et\/ou l&rsquo;adresse \u00e9lectronique, l&rsquo;adresse postale et\/ou le num\u00e9ro de t\u00e9l\u00e9phone fournis sur le site web.  <\/em><\/p>\n<p><em> <\/em><\/p>\n<ul>\n<li><em>Abonnement \u00e0 la lettre d&rsquo;information<\/em><\/li>\n<\/ul>\n<p><em>G\u00e9rer l&rsquo;abonnement \u00e0 la lettre d&rsquo;information  <\/em><\/p>\n<p><em> <\/em><\/p>\n<ul>\n<li><em>Travaillez avec nous en nous envoyant votre curriculum vitae<\/em><\/li>\n<\/ul>\n<p><em>Gestion des CV re\u00e7us par le biais du formulaire disponible sur le site web.<\/em><\/p>\n<p><em> <\/em><\/p>\n<ul>\n<li><em>Enregistrement et acc\u00e8s au profil de l&rsquo;utilisateur<\/em><\/li>\n<\/ul>\n<p><em>Gestion de l&rsquo;enregistrement et de l&rsquo;acc\u00e8s au portail des utilisateurs au moyen du compte d&rsquo;utilisateur et du mot de passe correspondants.<\/em><\/p>\n<p><em><\/em><\/p>\n<ul>\n<li><em>Gestion des commentaires sur les blogs.<\/em><\/li>\n<\/ul>\n<p><em>G\u00e9rer l&rsquo;envoi et la r\u00e9ception des commentaires laiss\u00e9s par l&rsquo;utilisateur sur le blog.<\/em><\/p>\n<p><em> <\/em><\/p>\n<p><strong><em><u>QUELLES SONT LES DONN\u00c9ES PERSONNELLES QUE NOUS COLLECTONS<span style=\"text-decoration: line-through;\"><\/span><\/u><\/em><\/strong><\/p>\n<p><em>Par le biais de notre site web, nous pouvons collecter des donn\u00e9es personnelles \u00e0 diff\u00e9rentes fins :<\/em><\/p>\n<ul>\n<li><em>Demande d&rsquo;informations \u00e0 l&rsquo;utilisateur<\/em><\/li>\n<\/ul>\n<p><em>Nous collecterons les donn\u00e9es personnelles que vous nous avez fournies dans le cadre de la demande que vous avez faite.<\/em><\/p>\n<p><em> <\/em><\/p>\n<ul>\n<li><em>Abonnement \u00e0 la lettre d&rsquo;information<\/em><\/li>\n<\/ul>\n<p><em>Nous enregistrerons votre adresse \u00e9lectronique.  <\/em><\/p>\n<p><em> <\/em><\/p>\n<ul>\n<li><em>Travaillez avec nous en nous envoyant votre curriculum vitae  <\/em><\/li>\n<\/ul>\n<p><em>Nous saisirons les informations contenues dans le CV que vous nous avez fourni.  <\/em><\/p>\n<p><em> <\/em><\/p>\n<ul>\n<li><em>Enregistrement et acc\u00e8s au profil de l&rsquo;utilisateur<\/em><\/li>\n<\/ul>\n<p><em>Nom d&rsquo;utilisateur et mot de passe, ainsi que toute autre donn\u00e9e fournie aux fins de la cr\u00e9ation du compte ou du profil.<\/em><\/p>\n<p><em> <\/em><\/p>\n<ul>\n<li><em>Gestion des commentaires sur les blogs.<\/em><\/li>\n<\/ul>\n<p><em>Toute information fournie lors de la publication du commentaire correspondant.  <\/em><\/p>\n<p><em> <\/em><\/p>\n<p><em>En fonction de la finalit\u00e9 pour laquelle les donn\u00e9es sont fournies, seules les donn\u00e9es strictement n\u00e9cessaires seront requises.  <\/em><\/p>\n<p><em>Il est important que les utilisateurs soient conscients des donn\u00e9es qu&rsquo;ils fournissent et de la finalit\u00e9 pour laquelle ils les fournissent, car lorsqu&rsquo;ils les fournissent, ils acceptent que nous les collections, les conservions et les utilisions pour la finalit\u00e9 requise, et peuvent \u00e0 tout moment retirer le consentement donn\u00e9 par les voies appropri\u00e9es, le consentement de l&rsquo;int\u00e9ress\u00e9 \u00e9tant la base juridique et la l\u00e9gitimation du traitement de ses donn\u00e9es \u00e0 caract\u00e8re personnel<\/em><em>.<\/em><\/p>\n<p>&nbsp;<\/p>\n<p><strong><em><u>QUELLE EST LA L\u00c9GITIMIT\u00c9 DU TRAITEMENT DES DONN\u00c9ES PERSONNELLES ?<\/u><\/em><\/strong><\/p>\n<p><em>Conform\u00e9ment \u00e0 la r\u00e9glementation applicable en mati\u00e8re de protection des donn\u00e9es, nous avons besoin d&rsquo;une base l\u00e9gitime pour traiter vos donn\u00e9es \u00e0 caract\u00e8re personnel. La base de la l\u00e9gitimit\u00e9 est votre consentement.  <\/em><\/p>\n<p><strong><em><u>LES DROITS DONT VOUS DISPOSEZ SUR LES DONN\u00c9ES \u00c0 CARACT\u00c8RE PERSONNEL FOURNIES<\/u><\/em><\/strong><\/p>\n<p><em>En tant qu&rsquo;utilisateur, vous pouvez exercer les droits suivants :  <\/em><\/p>\n<ul>\n<li><u><em>Droit d&rsquo;acc\u00e8s<\/em><\/u><em> : vous avez le droit d&rsquo;obtenir de l&rsquo;entreprise la confirmation que des donn\u00e9es \u00e0 caract\u00e8re personnel vous concernant sont ou ne sont pas trait\u00e9es et, dans l&rsquo;affirmative, quelles sont les donn\u00e9es trait\u00e9es.<\/em><\/li>\n<li><em><u>Droit de rectification<\/u><\/em><em>Vous avez le droit d&rsquo;obtenir d&rsquo;Ignacio Benazet Navarro la rectification des donn\u00e9es personnelles inexactes vous concernant. Dans la demande de rectification, vous devez indiquer les donn\u00e9es que vous souhaitez voir modifi\u00e9es.<\/em><\/li>\n<li><em><u>Droit d&rsquo;opposition<\/u><\/em><em>Vous avez le droit de vous opposer \u00e0 tout moment, pour des raisons tenant \u00e0 votre situation particuli\u00e8re, au traitement des donn\u00e9es \u00e0 caract\u00e8re personnel vous concernant sur la base de l&rsquo;int\u00e9r\u00eat l\u00e9gitime de l&rsquo;entreprise. Dans ce cas, l&rsquo;entreprise cessera de traiter les donn\u00e9es \u00e0 caract\u00e8re personnel, \u00e0 moins que nous puissions d\u00e9montrer qu&rsquo;il existe des motifs l\u00e9gitimes imp\u00e9rieux pour le traitement qui pr\u00e9valent sur vos int\u00e9r\u00eats, droits et libert\u00e9s, ou pour la formulation, l&rsquo;exercice ou la d\u00e9fense de r\u00e9clamations.<\/em><\/li>\n<li><u><em>Droit \u00e0 l&rsquo;effacement<\/em><\/u> <em>: Vous avez le droit d&rsquo;obtenir d&rsquo;Ignacio Benazet Navarro l&rsquo;effacement des donn\u00e9es \u00e0 caract\u00e8re personnel vous concernant.<\/em><\/li>\n<li><em><u>Droit \u00e0 la portabilit\u00e9 des donn\u00e9es<\/u><\/em><em>Vous avez le droit de faire transf\u00e9rer vos donn\u00e9es \u00e0 caract\u00e8re personnel par l&rsquo;entreprise \u00e0 un autre responsable du traitement. Ce droit ne peut \u00eatre exerc\u00e9 que si le traitement est fond\u00e9 sur l&rsquo;ex\u00e9cution d&rsquo;un contrat ou sur votre consentement et que le traitement est effectu\u00e9 par des moyens automatis\u00e9s.<\/em><\/li>\n<li><em><u>Vous avez le droit de nous demander<\/u><\/em> <em>de suspendre le traitement de vos donn\u00e9es lorsque : vous contestez l&rsquo;exactitude des donn\u00e9es, alors qu&rsquo;Ignacio Benazet Navarro v\u00e9rifie cette exactitude ; vous avez exerc\u00e9 votre droit d&rsquo;opposition au traitement de vos donn\u00e9es, alors que nous v\u00e9rifions si les motifs l\u00e9gitimes d&rsquo;Ignacio Benazet Navarro pr\u00e9valent sur ceux que vous avez en tant que personne concern\u00e9e.<\/em><\/li>\n<\/ul>\n<p>&nbsp;<\/p>\n<p><em>Vous pouvez \u00e0 tout moment exercer ces droits par \u00e9crit et en justifiant de votre identit\u00e9, en vous adressant \u00e0<\/em><em>au responsable du traitement \u00e0 l&rsquo;adresse indiqu\u00e9e ci-dessus<\/em><em>ou par l&rsquo;interm\u00e9diaire de l&rsquo;adresse \u00e9lectronique <\/em><em>serveis@benazetnavarro.com<\/em><em>.<\/em><\/p>\n<p><em>En outre, vous pouvez d\u00e9poser une plainte aupr\u00e8s de l&rsquo;autorit\u00e9 de contr\u00f4le, en l&rsquo;occurrence l&rsquo;Agence espagnole de protection des donn\u00e9es, si vous estimez que le traitement des donn\u00e9es \u00e0 caract\u00e8re personnel est contraire \u00e0 la loi applicable.<\/em><\/p>\n<p><strong><em><u>LA S\u00c9CURIT\u00c9 ET LE STOCKAGE DES DONN\u00c9ES<\/u><\/em><\/strong><\/p>\n<p><em>Nous conserverons les donn\u00e9es pendant la p\u00e9riode strictement n\u00e9cessaire \u00e0 la fourniture du service demand\u00e9 et aussi longtemps que la personne concern\u00e9e ne demandera pas leur suppression, en prenant les mesures techniques et organisationnelles appropri\u00e9es contre le traitement non autoris\u00e9 ou ill\u00e9gal et contre la perte, la destruction ou les dommages accidentels, en faisant tout notre possible pour les prot\u00e9ger et les conserver en toute s\u00e9curit\u00e9<\/em><em>.<\/em><\/p>\n<p><strong><em><u>LES DONN\u00c9ES PERSONNELLES QUE NOUS PARTAGEONS AVEC DES TIERS<\/u><\/em><\/strong><\/p>\n<p><em>Aucun transfert de donn\u00e9es n&rsquo;est pr\u00e9vu, sauf en cas d&rsquo;obligation l\u00e9gale ou de communication n\u00e9cessaire pour pouvoir vous fournir le service demand\u00e9 de mani\u00e8re ad\u00e9quate. Il n&rsquo;y a pas de plans pour les transferts de donn\u00e9es internationaux.<\/em><\/p>\n<p>[\/et_pb_text][\/et_pb_column][\/et_pb_row][\/et_pb_section]<\/p>\n","protected":false},"excerpt":{"rendered":"<p>Politique de confidentialit\u00e9 POLITIQUE DE CONFIDENTIALIT\u00c9 DU SITE WEB Nous sommes une entreprise dans laquelle la transparence de l&rsquo;information est essentielle pour \u00e9tablir une relation de confiance avec les personnes qui composent notre projet et avec nos fournisseurs et clients, la protection des donn\u00e9es personnelles des personnes qui nous font confiance \u00e9tant d&rsquo;une importance vitale, [&hellip;]<\/p>\n","protected":false},"author":1,"featured_media":0,"parent":0,"menu_order":0,"comment_status":"closed","ping_status":"closed","template":"","meta":{"_et_pb_use_builder":"on","_et_pb_old_content":"","_et_gb_content_width":"","footnotes":""},"class_list":["post-599","page","type-page","status-publish","hentry"],"yoast_head":"<!-- This site is optimized with the Yoast SEO plugin v23.3 - https:\/\/yoast.com\/wordpress\/plugins\/seo\/ -->\n<title>Politique de confidentialit\u00e9 - Benazet Navarro<\/title>\n<meta name=\"robots\" content=\"noindex, nofollow\" \/>\n<meta property=\"og:locale\" content=\"fr_FR\" \/>\n<meta property=\"og:type\" content=\"article\" \/>\n<meta property=\"og:title\" content=\"Politique de confidentialit\u00e9 - Benazet Navarro\" \/>\n<meta property=\"og:description\" content=\"Politique de confidentialit\u00e9 POLITIQUE DE CONFIDENTIALIT\u00c9 DU SITE WEB Nous sommes une entreprise dans laquelle la transparence de l&#039;information est essentielle pour \u00e9tablir une relation de confiance avec les personnes qui composent notre projet et avec nos fournisseurs et clients, la protection des donn\u00e9es personnelles des personnes qui nous font confiance \u00e9tant d&#039;une importance vitale, [&hellip;]\" \/>\n<meta property=\"og:url\" content=\"https:\/\/benazetnavarro.com\/fr\/politique-de-confidentialite\/\" \/>\n<meta property=\"og:site_name\" content=\"Benazet Navarro\" \/>\n<meta property=\"article:modified_time\" content=\"2024-08-21T12:10:09+00:00\" \/>\n<meta name=\"twitter:card\" content=\"summary_large_image\" \/>\n<meta name=\"twitter:label1\" content=\"Dur\u00e9e de lecture estim\u00e9e\" \/>\n\t<meta name=\"twitter:data1\" content=\"8 minutes\" \/>\n<script type=\"application\/ld+json\" class=\"yoast-schema-graph\">{\"@context\":\"https:\/\/schema.org\",\"@graph\":[{\"@type\":\"WebPage\",\"@id\":\"https:\/\/benazetnavarro.com\/fr\/politique-de-confidentialite\/\",\"url\":\"https:\/\/benazetnavarro.com\/fr\/politique-de-confidentialite\/\",\"name\":\"Politique de confidentialit\u00e9 - Benazet Navarro\",\"isPartOf\":{\"@id\":\"https:\/\/benazetnavarro.com\/fr\/#website\"},\"datePublished\":\"2024-05-21T15:29:35+00:00\",\"dateModified\":\"2024-08-21T12:10:09+00:00\",\"breadcrumb\":{\"@id\":\"https:\/\/benazetnavarro.com\/fr\/politique-de-confidentialite\/#breadcrumb\"},\"inLanguage\":\"fr-FR\",\"potentialAction\":[{\"@type\":\"ReadAction\",\"target\":[\"https:\/\/benazetnavarro.com\/fr\/politique-de-confidentialite\/\"]}]},{\"@type\":\"BreadcrumbList\",\"@id\":\"https:\/\/benazetnavarro.com\/fr\/politique-de-confidentialite\/#breadcrumb\",\"itemListElement\":[{\"@type\":\"ListItem\",\"position\":1,\"name\":\"Portada\",\"item\":\"https:\/\/benazetnavarro.com\/fr\/\"},{\"@type\":\"ListItem\",\"position\":2,\"name\":\"Politique de confidentialit\u00e9\"}]},{\"@type\":\"WebSite\",\"@id\":\"https:\/\/benazetnavarro.com\/fr\/#website\",\"url\":\"https:\/\/benazetnavarro.com\/fr\/\",\"name\":\"Benazet Navarro\",\"description\":\"Administraci\u00f3n de comunidades, gesti\u00f3n de urbanizaciones, administraci\u00f3n de alquileres y asesoramiento jur\u00eddico\",\"publisher\":{\"@id\":\"https:\/\/benazetnavarro.com\/fr\/#organization\"},\"potentialAction\":[{\"@type\":\"SearchAction\",\"target\":{\"@type\":\"EntryPoint\",\"urlTemplate\":\"https:\/\/benazetnavarro.com\/fr\/?s={search_term_string}\"},\"query-input\":\"required name=search_term_string\"}],\"inLanguage\":\"fr-FR\"},{\"@type\":\"Organization\",\"@id\":\"https:\/\/benazetnavarro.com\/fr\/#organization\",\"name\":\"Benazet Navarro\",\"url\":\"https:\/\/benazetnavarro.com\/fr\/\",\"logo\":{\"@type\":\"ImageObject\",\"inLanguage\":\"fr-FR\",\"@id\":\"https:\/\/benazetnavarro.com\/fr\/#\/schema\/logo\/image\/\",\"url\":\"https:\/\/benazetnavarro.com\/wp-content\/uploads\/cropped-favicon-benazet-navarro.jpg\",\"contentUrl\":\"https:\/\/benazetnavarro.com\/wp-content\/uploads\/cropped-favicon-benazet-navarro.jpg\",\"width\":512,\"height\":512,\"caption\":\"Benazet Navarro\"},\"image\":{\"@id\":\"https:\/\/benazetnavarro.com\/fr\/#\/schema\/logo\/image\/\"}}]}<\/script>\n<!-- \/ Yoast SEO plugin. -->","yoast_head_json":{"title":"Politique de confidentialit\u00e9 - Benazet Navarro","robots":{"index":"noindex","follow":"nofollow"},"og_locale":"fr_FR","og_type":"article","og_title":"Politique de confidentialit\u00e9 - Benazet Navarro","og_description":"Politique de confidentialit\u00e9 POLITIQUE DE CONFIDENTIALIT\u00c9 DU SITE WEB Nous sommes une entreprise dans laquelle la transparence de l'information est essentielle pour \u00e9tablir une relation de confiance avec les personnes qui composent notre projet et avec nos fournisseurs et clients, la protection des donn\u00e9es personnelles des personnes qui nous font confiance \u00e9tant d'une importance vitale, [&hellip;]","og_url":"https:\/\/benazetnavarro.com\/fr\/politique-de-confidentialite\/","og_site_name":"Benazet Navarro","article_modified_time":"2024-08-21T12:10:09+00:00","twitter_card":"summary_large_image","twitter_misc":{"Dur\u00e9e de lecture estim\u00e9e":"8 minutes"},"schema":{"@context":"https:\/\/schema.org","@graph":[{"@type":"WebPage","@id":"https:\/\/benazetnavarro.com\/fr\/politique-de-confidentialite\/","url":"https:\/\/benazetnavarro.com\/fr\/politique-de-confidentialite\/","name":"Politique de confidentialit\u00e9 - Benazet Navarro","isPartOf":{"@id":"https:\/\/benazetnavarro.com\/fr\/#website"},"datePublished":"2024-05-21T15:29:35+00:00","dateModified":"2024-08-21T12:10:09+00:00","breadcrumb":{"@id":"https:\/\/benazetnavarro.com\/fr\/politique-de-confidentialite\/#breadcrumb"},"inLanguage":"fr-FR","potentialAction":[{"@type":"ReadAction","target":["https:\/\/benazetnavarro.com\/fr\/politique-de-confidentialite\/"]}]},{"@type":"BreadcrumbList","@id":"https:\/\/benazetnavarro.com\/fr\/politique-de-confidentialite\/#breadcrumb","itemListElement":[{"@type":"ListItem","position":1,"name":"Portada","item":"https:\/\/benazetnavarro.com\/fr\/"},{"@type":"ListItem","position":2,"name":"Politique de confidentialit\u00e9"}]},{"@type":"WebSite","@id":"https:\/\/benazetnavarro.com\/fr\/#website","url":"https:\/\/benazetnavarro.com\/fr\/","name":"Benazet Navarro","description":"Administraci\u00f3n de comunidades, gesti\u00f3n de urbanizaciones, administraci\u00f3n de alquileres y asesoramiento jur\u00eddico","publisher":{"@id":"https:\/\/benazetnavarro.com\/fr\/#organization"},"potentialAction":[{"@type":"SearchAction","target":{"@type":"EntryPoint","urlTemplate":"https:\/\/benazetnavarro.com\/fr\/?s={search_term_string}"},"query-input":"required name=search_term_string"}],"inLanguage":"fr-FR"},{"@type":"Organization","@id":"https:\/\/benazetnavarro.com\/fr\/#organization","name":"Benazet Navarro","url":"https:\/\/benazetnavarro.com\/fr\/","logo":{"@type":"ImageObject","inLanguage":"fr-FR","@id":"https:\/\/benazetnavarro.com\/fr\/#\/schema\/logo\/image\/","url":"https:\/\/benazetnavarro.com\/wp-content\/uploads\/cropped-favicon-benazet-navarro.jpg","contentUrl":"https:\/\/benazetnavarro.com\/wp-content\/uploads\/cropped-favicon-benazet-navarro.jpg","width":512,"height":512,"caption":"Benazet Navarro"},"image":{"@id":"https:\/\/benazetnavarro.com\/fr\/#\/schema\/logo\/image\/"}}]}},"_links":{"self":[{"href":"https:\/\/benazetnavarro.com\/fr\/wp-json\/wp\/v2\/pages\/599"}],"collection":[{"href":"https:\/\/benazetnavarro.com\/fr\/wp-json\/wp\/v2\/pages"}],"about":[{"href":"https:\/\/benazetnavarro.com\/fr\/wp-json\/wp\/v2\/types\/page"}],"author":[{"embeddable":true,"href":"https:\/\/benazetnavarro.com\/fr\/wp-json\/wp\/v2\/users\/1"}],"replies":[{"embeddable":true,"href":"https:\/\/benazetnavarro.com\/fr\/wp-json\/wp\/v2\/comments?post=599"}],"version-history":[{"count":17,"href":"https:\/\/benazetnavarro.com\/fr\/wp-json\/wp\/v2\/pages\/599\/revisions"}],"predecessor-version":[{"id":893,"href":"https:\/\/benazetnavarro.com\/fr\/wp-json\/wp\/v2\/pages\/599\/revisions\/893"}],"wp:attachment":[{"href":"https:\/\/benazetnavarro.com\/fr\/wp-json\/wp\/v2\/media?parent=599"}],"curies":[{"name":"wp","href":"https:\/\/api.w.org\/{rel}","templated":true}]}}