{"id":552,"date":"2024-04-30T18:33:26","date_gmt":"2024-04-30T18:33:26","guid":{"rendered":"https:\/\/lacreateka.es\/services\/conseil-juridique\/"},"modified":"2024-08-21T11:53:37","modified_gmt":"2024-08-21T11:53:37","slug":"conseil-juridique","status":"publish","type":"page","link":"https:\/\/benazetnavarro.com\/fr\/services\/conseil-juridique\/","title":{"rendered":"Conseil juridique"},"content":{"rendered":"<p>[et_pb_section fb_built=\u00a0\u00bb1&Prime; _builder_version=\u00a0\u00bb4.25.0&Prime; _module_preset=\u00a0\u00bbdefault\u00a0\u00bb background_image=\u00a0\u00bbhttps:\/\/benazetnavarro.com\/wp-content\/uploads\/Assesorament_juridic-1.jpg\u00a0\u00bb height=\u00a0\u00bb40vh\u00a0\u00bb da_disable_devices=\u00a0\u00bboff|off|off\u00a0\u00bb locked=\u00a0\u00bboff\u00a0\u00bb global_colors_info=\u00a0\u00bb{}\u00a0\u00bb da_is_popup=\u00a0\u00bboff\u00a0\u00bb da_exit_intent=\u00a0\u00bboff\u00a0\u00bb da_has_close=\u00a0\u00bbon\u00a0\u00bb da_alt_close=\u00a0\u00bboff\u00a0\u00bb da_dark_close=\u00a0\u00bboff\u00a0\u00bb da_not_modal=\u00a0\u00bbon\u00a0\u00bb da_is_singular=\u00a0\u00bboff\u00a0\u00bb da_with_loader=\u00a0\u00bboff\u00a0\u00bb da_has_shadow=\u00a0\u00bbon\u00a0\u00bb][et_pb_row column_structure=\u00a0\u00bb1_2,1_2&Prime; _builder_version=\u00a0\u00bb4.25.0&Prime; _module_preset=\u00a0\u00bbdefault\u00a0\u00bb global_colors_info=\u00a0\u00bb{}\u00a0\u00bb][et_pb_column type=\u00a0\u00bb1_2&Prime; _builder_version=\u00a0\u00bb4.25.0&Prime; _module_preset=\u00a0\u00bbdefault\u00a0\u00bb global_colors_info=\u00a0\u00bb{}\u00a0\u00bb][et_pb_text _builder_version=\u00a0\u00bb4.25.0&Prime; _module_preset=\u00a0\u00bbdefault\u00a0\u00bb header_font=\u00a0\u00bb|700|||||||\u00a0\u00bb header_text_color=\u00a0\u00bb#062A30&Prime; header_line_height=\u00a0\u00bb1.3em\u00a0\u00bb background_color=\u00a0\u00bbrgba(255,255,255,0.7)\u00a0\u00bb custom_margin=\u00a0\u00bb||||false|false\u00a0\u00bb custom_padding=\u00a0\u00bb30px|20px|30px|20px|true|true\u00a0\u00bb header_font_size_tablet=\u00a0\u00bb\u00a0\u00bb header_font_size_phone=\u00a0\u00bb30px\u00a0\u00bb header_font_size_last_edited=\u00a0\u00bbon|phone\u00a0\u00bb global_colors_info=\u00a0\u00bb{}\u00a0\u00bb header_font_size__hover_enabled=\u00a0\u00bboff|desktop\u00a0\u00bb]<\/p>\n<h1>Conseil juridique<\/h1>\n<p>[\/et_pb_text][\/et_pb_column][et_pb_column type=\u00a0\u00bb1_2&Prime; _builder_version=\u00a0\u00bb4.25.0&Prime; _module_preset=\u00a0\u00bbdefault\u00a0\u00bb global_colors_info=\u00a0\u00bb{}\u00a0\u00bb][\/et_pb_column][\/et_pb_row][\/et_pb_section][et_pb_section fb_built=\u00a0\u00bb1&Prime; _builder_version=\u00a0\u00bb4.25.0&Prime; _module_preset=\u00a0\u00bbdefault\u00a0\u00bb da_disable_devices=\u00a0\u00bboff|off|off\u00a0\u00bb global_colors_info=\u00a0\u00bb{}\u00a0\u00bb da_is_popup=\u00a0\u00bboff\u00a0\u00bb da_exit_intent=\u00a0\u00bboff\u00a0\u00bb da_has_close=\u00a0\u00bbon\u00a0\u00bb da_alt_close=\u00a0\u00bboff\u00a0\u00bb da_dark_close=\u00a0\u00bboff\u00a0\u00bb da_not_modal=\u00a0\u00bbon\u00a0\u00bb da_is_singular=\u00a0\u00bboff\u00a0\u00bb da_with_loader=\u00a0\u00bboff\u00a0\u00bb da_has_shadow=\u00a0\u00bbon\u00a0\u00bb][et_pb_row column_structure=\u00a0\u00bb1_4,1_4,1_4,1_4&Prime; _builder_version=\u00a0\u00bb4.25.0&Prime; _module_preset=\u00a0\u00bbdefault\u00a0\u00bb global_colors_info=\u00a0\u00bb{}\u00a0\u00bb custom_margin=\u00a0\u00bb|auto|26px|auto||\u00a0\u00bb][et_pb_column type=\u00a0\u00bb1_4&Prime; _builder_version=\u00a0\u00bb4.25.0&Prime; _module_preset=\u00a0\u00bbdefault\u00a0\u00bb global_colors_info=\u00a0\u00bb{}\u00a0\u00bb][et_pb_blurb title=\u00a0\u00bbContrats de location\u00a0\u00bb image=\u00a0\u00bbhttps:\/\/benazetnavarro.com\/wp-content\/uploads\/BN_icone_contractes-de-lloguer.png\u00a0\u00bb _builder_version=\u00a0\u00bb4.25.0&Prime; _module_preset=\u00a0\u00bbdefault\u00a0\u00bb header_font=\u00a0\u00bb|700||on|||||\u00a0\u00bb header_text_align=\u00a0\u00bbcenter\u00a0\u00bb header_text_color=\u00a0\u00bb#062A30&Prime; header_line_height=\u00a0\u00bb1.2em\u00a0\u00bb text_orientation=\u00a0\u00bbcenter\u00a0\u00bb global_colors_info=\u00a0\u00bb{}\u00a0\u00bb][\/et_pb_blurb][\/et_pb_column][et_pb_column type=\u00a0\u00bb1_4&Prime; _builder_version=\u00a0\u00bb4.25.0&Prime; _module_preset=\u00a0\u00bbdefault\u00a0\u00bb global_colors_info=\u00a0\u00bb{}\u00a0\u00bb][et_pb_blurb title=\u00a0\u00bbExpulsions\u00a0\u00bb image=\u00a0\u00bbhttps:\/\/benazetnavarro.com\/wp-content\/uploads\/BN_icone_desnonaments.png\u00a0\u00bb _builder_version=\u00a0\u00bb4.25.0&Prime; _module_preset=\u00a0\u00bbdefault\u00a0\u00bb header_font=\u00a0\u00bb|700||on|||||\u00a0\u00bb header_text_align=\u00a0\u00bbcenter\u00a0\u00bb header_text_color=\u00a0\u00bb#062A30&Prime; header_line_height=\u00a0\u00bb1.2em\u00a0\u00bb text_orientation=\u00a0\u00bbcenter\u00a0\u00bb global_colors_info=\u00a0\u00bb{}\u00a0\u00bb][\/et_pb_blurb][\/et_pb_column][et_pb_column type=\u00a0\u00bb1_4&Prime; _builder_version=\u00a0\u00bb4.25.0&Prime; _module_preset=\u00a0\u00bbdefault\u00a0\u00bb global_colors_info=\u00a0\u00bb{}\u00a0\u00bb][et_pb_blurb title=\u00a0\u00bbRecouvrement judiciaire de sommes d&#039;argent\u00a0\u00bb image=\u00a0\u00bbhttps:\/\/benazetnavarro.com\/wp-content\/uploads\/BN_icone_reclamacions.png\u00a0\u00bb _builder_version=\u00a0\u00bb4.25.0&Prime; _module_preset=\u00a0\u00bbdefault\u00a0\u00bb header_font=\u00a0\u00bb|700||on|||||\u00a0\u00bb header_text_align=\u00a0\u00bbcenter\u00a0\u00bb header_text_color=\u00a0\u00bb#062A30&Prime; header_line_height=\u00a0\u00bb1.2em\u00a0\u00bb text_orientation=\u00a0\u00bbcenter\u00a0\u00bb global_colors_info=\u00a0\u00bb{}\u00a0\u00bb][\/et_pb_blurb][\/et_pb_column][et_pb_column type=\u00a0\u00bb1_4&Prime; _builder_version=\u00a0\u00bb4.25.0&Prime; _module_preset=\u00a0\u00bbdefault\u00a0\u00bb global_colors_info=\u00a0\u00bb{}\u00a0\u00bb][et_pb_blurb title=\u00a0\u00bbTestaments, h\u00e9ritages et legs\u00a0\u00bb image=\u00a0\u00bbhttps:\/\/benazetnavarro.com\/wp-content\/uploads\/BN_icone_testaments.png\u00a0\u00bb _builder_version=\u00a0\u00bb4.25.0&Prime; _module_preset=\u00a0\u00bbdefault\u00a0\u00bb header_font=\u00a0\u00bb|700||on|||||\u00a0\u00bb header_text_align=\u00a0\u00bbcenter\u00a0\u00bb header_text_color=\u00a0\u00bb#062A30&Prime; header_line_height=\u00a0\u00bb1.2em\u00a0\u00bb text_orientation=\u00a0\u00bbcenter\u00a0\u00bb global_colors_info=\u00a0\u00bb{}\u00a0\u00bb][\/et_pb_blurb][\/et_pb_column][\/et_pb_row][\/et_pb_section][et_pb_section fb_built=\u00a0\u00bb1&Prime; _builder_version=\u00a0\u00bb4.25.0&Prime; _module_preset=\u00a0\u00bbdefault\u00a0\u00bb background_color=\u00a0\u00bbRGBA(255,255,255,0)\u00a0\u00bb custom_margin=\u00a0\u00bb0px||0px||false|false\u00a0\u00bb custom_padding=\u00a0\u00bb0px||0px||false|false\u00a0\u00bb sticky_position=\u00a0\u00bbbottom\u00a0\u00bb sticky_offset_bottom=\u00a0\u00bb16px\u00a0\u00bb sticky_limit_top=\u00a0\u00bbbody\u00a0\u00bb da_disable_devices=\u00a0\u00bboff|off|off\u00a0\u00bb global_module=\u00a0\u00bb338&Prime; saved_tabs=\u00a0\u00bball\u00a0\u00bb global_colors_info=\u00a0\u00bb{}\u00a0\u00bb da_is_popup=\u00a0\u00bboff\u00a0\u00bb da_exit_intent=\u00a0\u00bboff\u00a0\u00bb da_has_close=\u00a0\u00bbon\u00a0\u00bb da_alt_close=\u00a0\u00bboff\u00a0\u00bb da_dark_close=\u00a0\u00bboff\u00a0\u00bb da_not_modal=\u00a0\u00bbon\u00a0\u00bb da_is_singular=\u00a0\u00bboff\u00a0\u00bb da_with_loader=\u00a0\u00bboff\u00a0\u00bb da_has_shadow=\u00a0\u00bbon\u00a0\u00bb][et_pb_row _builder_version=\u00a0\u00bb4.25.0&Prime; _module_preset=\u00a0\u00bbdefault\u00a0\u00bb background_color=\u00a0\u00bbRGBA(255,255,255,0)\u00a0\u00bb custom_margin=\u00a0\u00bb0px||0px||false|false\u00a0\u00bb custom_padding=\u00a0\u00bb0px||0px||false|false\u00a0\u00bb global_colors_info=\u00a0\u00bb{}\u00a0\u00bb][et_pb_column type=\u00a0\u00bb4_4&Prime; _builder_version=\u00a0\u00bb4.25.0&Prime; _module_preset=\u00a0\u00bbdefault\u00a0\u00bb global_colors_info=\u00a0\u00bb{}\u00a0\u00bb][et_pb_button button_url=\u00a0\u00bbhttps:\/\/benazetnavarro.com\/fr\/contact\/\u00a0\u00bb button_text=\u00a0\u00bbContactez-nous\u00a0\u00bb disabled_on=\u00a0\u00bboff|off|off\u00a0\u00bb _builder_version=\u00a0\u00bb4.25.0&Prime; _module_preset=\u00a0\u00bbdefault\u00a0\u00bb custom_button=\u00a0\u00bbon\u00a0\u00bb button_text_color=\u00a0\u00bb#FFFFFF\u00a0\u00bb button_bg_color=\u00a0\u00bb#062A30&Prime; button_border_width=\u00a0\u00bb0px\u00a0\u00bb button_border_color=\u00a0\u00bbRGBA(255,255,255,0)\u00a0\u00bb button_border_radius=\u00a0\u00bb14px\u00a0\u00bb button_icon=\u00a0\u00bb&#x76;||divi||400&Prime; button_icon_placement=\u00a0\u00bbleft\u00a0\u00bb button_on_hover=\u00a0\u00bboff\u00a0\u00bb positioning=\u00a0\u00bbfixed\u00a0\u00bb position_origin_f=\u00a0\u00bbbottom_right\u00a0\u00bb vertical_offset=\u00a0\u00bb15px\u00a0\u00bb horizontal_offset=\u00a0\u00bb15px\u00a0\u00bb z_index=\u00a0\u00bb99999&Prime; vertical_offset_tablet=\u00a0\u00bb\u00a0\u00bb vertical_offset_phone=\u00a0\u00bb5px\u00a0\u00bb vertical_offset_last_edited=\u00a0\u00bbon|phone\u00a0\u00bb horizontal_offset_tablet=\u00a0\u00bb\u00a0\u00bb horizontal_offset_phone=\u00a0\u00bb5px\u00a0\u00bb horizontal_offset_last_edited=\u00a0\u00bbon|phone\u00a0\u00bb custom_margin=\u00a0\u00bb0px||0px||false|false\u00a0\u00bb button_text_size_tablet=\u00a0\u00bb\u00a0\u00bb button_text_size_phone=\u00a0\u00bb17px\u00a0\u00bb button_text_size_last_edited=\u00a0\u00bbon|phone\u00a0\u00bb global_colors_info=\u00a0\u00bb{}\u00a0\u00bb button_text_color__hover_enabled=\u00a0\u00bbon|hover\u00a0\u00bb button_text_color__hover=\u00a0\u00bb#DEE2E3&Prime; button_border_color__hover_enabled=\u00a0\u00bbon|desktop\u00a0\u00bb button_border_color__hover=\u00a0\u00bb#FFFFFF\u00a0\u00bb][\/et_pb_button][\/et_pb_column][\/et_pb_row][\/et_pb_section]<\/p>\n","protected":false},"excerpt":{"rendered":"<p>Conseil juridique<\/p>\n","protected":false},"author":1,"featured_media":0,"parent":519,"menu_order":0,"comment_status":"closed","ping_status":"closed","template":"","meta":{"_et_pb_use_builder":"on","_et_pb_old_content":"","_et_gb_content_width":"","footnotes":""},"class_list":["post-552","page","type-page","status-publish","hentry"],"yoast_head":"<!-- This site is optimized with the Yoast SEO plugin v23.3 - https:\/\/yoast.com\/wordpress\/plugins\/seo\/ -->\n<title>Conseil juridique - Benazet Navarro<\/title>\n<meta name=\"description\" content=\"Service de conseils juridiques \u00e0 Sitges. Contrats, expulsions, r\u00e9clamations l\u00e9gales, testaments, h\u00e9ritages et legs.\" \/>\n<meta name=\"robots\" content=\"index, follow, max-snippet:-1, max-image-preview:large, max-video-preview:-1\" \/>\n<link rel=\"canonical\" href=\"https:\/\/benazetnavarro.com\/fr\/services\/conseil-juridique\/\" \/>\n<meta property=\"og:locale\" content=\"fr_FR\" \/>\n<meta property=\"og:type\" content=\"article\" \/>\n<meta property=\"og:title\" content=\"Conseil juridique - Benazet Navarro\" \/>\n<meta property=\"og:description\" content=\"Service de conseils juridiques \u00e0 Sitges. Contrats, expulsions, r\u00e9clamations l\u00e9gales, testaments, h\u00e9ritages et legs.\" \/>\n<meta property=\"og:url\" content=\"https:\/\/benazetnavarro.com\/fr\/services\/conseil-juridique\/\" \/>\n<meta property=\"og:site_name\" content=\"Benazet Navarro\" \/>\n<meta property=\"article:modified_time\" content=\"2024-08-21T11:53:37+00:00\" \/>\n<meta name=\"twitter:card\" content=\"summary_large_image\" \/>\n<meta name=\"twitter:label1\" content=\"Dur\u00e9e de lecture estim\u00e9e\" \/>\n\t<meta name=\"twitter:data1\" content=\"4 minutes\" \/>\n<script type=\"application\/ld+json\" class=\"yoast-schema-graph\">{\"@context\":\"https:\/\/schema.org\",\"@graph\":[{\"@type\":\"WebPage\",\"@id\":\"https:\/\/benazetnavarro.com\/fr\/services\/conseil-juridique\/\",\"url\":\"https:\/\/benazetnavarro.com\/fr\/services\/conseil-juridique\/\",\"name\":\"Conseil juridique - Benazet Navarro\",\"isPartOf\":{\"@id\":\"https:\/\/benazetnavarro.com\/fr\/#website\"},\"datePublished\":\"2024-04-30T18:33:26+00:00\",\"dateModified\":\"2024-08-21T11:53:37+00:00\",\"description\":\"Service de conseils juridiques \u00e0 Sitges. Contrats, expulsions, r\u00e9clamations l\u00e9gales, testaments, h\u00e9ritages et legs.\",\"breadcrumb\":{\"@id\":\"https:\/\/benazetnavarro.com\/fr\/services\/conseil-juridique\/#breadcrumb\"},\"inLanguage\":\"fr-FR\",\"potentialAction\":[{\"@type\":\"ReadAction\",\"target\":[\"https:\/\/benazetnavarro.com\/fr\/services\/conseil-juridique\/\"]}]},{\"@type\":\"BreadcrumbList\",\"@id\":\"https:\/\/benazetnavarro.com\/fr\/services\/conseil-juridique\/#breadcrumb\",\"itemListElement\":[{\"@type\":\"ListItem\",\"position\":1,\"name\":\"Portada\",\"item\":\"https:\/\/benazetnavarro.com\/fr\/\"},{\"@type\":\"ListItem\",\"position\":2,\"name\":\"Services\",\"item\":\"https:\/\/benazetnavarro.com\/fr\/services\/\"},{\"@type\":\"ListItem\",\"position\":3,\"name\":\"Conseil juridique\"}]},{\"@type\":\"WebSite\",\"@id\":\"https:\/\/benazetnavarro.com\/fr\/#website\",\"url\":\"https:\/\/benazetnavarro.com\/fr\/\",\"name\":\"Benazet Navarro\",\"description\":\"Administraci\u00f3n de comunidades, gesti\u00f3n de urbanizaciones, administraci\u00f3n de alquileres y asesoramiento jur\u00eddico\",\"publisher\":{\"@id\":\"https:\/\/benazetnavarro.com\/fr\/#organization\"},\"potentialAction\":[{\"@type\":\"SearchAction\",\"target\":{\"@type\":\"EntryPoint\",\"urlTemplate\":\"https:\/\/benazetnavarro.com\/fr\/?s={search_term_string}\"},\"query-input\":\"required name=search_term_string\"}],\"inLanguage\":\"fr-FR\"},{\"@type\":\"Organization\",\"@id\":\"https:\/\/benazetnavarro.com\/fr\/#organization\",\"name\":\"Benazet Navarro\",\"url\":\"https:\/\/benazetnavarro.com\/fr\/\",\"logo\":{\"@type\":\"ImageObject\",\"inLanguage\":\"fr-FR\",\"@id\":\"https:\/\/benazetnavarro.com\/fr\/#\/schema\/logo\/image\/\",\"url\":\"https:\/\/benazetnavarro.com\/wp-content\/uploads\/cropped-favicon-benazet-navarro.jpg\",\"contentUrl\":\"https:\/\/benazetnavarro.com\/wp-content\/uploads\/cropped-favicon-benazet-navarro.jpg\",\"width\":512,\"height\":512,\"caption\":\"Benazet Navarro\"},\"image\":{\"@id\":\"https:\/\/benazetnavarro.com\/fr\/#\/schema\/logo\/image\/\"}}]}<\/script>\n<!-- \/ Yoast SEO plugin. -->","yoast_head_json":{"title":"Conseil juridique - Benazet Navarro","description":"Service de conseils juridiques \u00e0 Sitges. Contrats, expulsions, r\u00e9clamations l\u00e9gales, testaments, h\u00e9ritages et legs.","robots":{"index":"index","follow":"follow","max-snippet":"max-snippet:-1","max-image-preview":"max-image-preview:large","max-video-preview":"max-video-preview:-1"},"canonical":"https:\/\/benazetnavarro.com\/fr\/services\/conseil-juridique\/","og_locale":"fr_FR","og_type":"article","og_title":"Conseil juridique - Benazet Navarro","og_description":"Service de conseils juridiques \u00e0 Sitges. Contrats, expulsions, r\u00e9clamations l\u00e9gales, testaments, h\u00e9ritages et legs.","og_url":"https:\/\/benazetnavarro.com\/fr\/services\/conseil-juridique\/","og_site_name":"Benazet Navarro","article_modified_time":"2024-08-21T11:53:37+00:00","twitter_card":"summary_large_image","twitter_misc":{"Dur\u00e9e de lecture estim\u00e9e":"4 minutes"},"schema":{"@context":"https:\/\/schema.org","@graph":[{"@type":"WebPage","@id":"https:\/\/benazetnavarro.com\/fr\/services\/conseil-juridique\/","url":"https:\/\/benazetnavarro.com\/fr\/services\/conseil-juridique\/","name":"Conseil juridique - Benazet Navarro","isPartOf":{"@id":"https:\/\/benazetnavarro.com\/fr\/#website"},"datePublished":"2024-04-30T18:33:26+00:00","dateModified":"2024-08-21T11:53:37+00:00","description":"Service de conseils juridiques \u00e0 Sitges. Contrats, expulsions, r\u00e9clamations l\u00e9gales, testaments, h\u00e9ritages et legs.","breadcrumb":{"@id":"https:\/\/benazetnavarro.com\/fr\/services\/conseil-juridique\/#breadcrumb"},"inLanguage":"fr-FR","potentialAction":[{"@type":"ReadAction","target":["https:\/\/benazetnavarro.com\/fr\/services\/conseil-juridique\/"]}]},{"@type":"BreadcrumbList","@id":"https:\/\/benazetnavarro.com\/fr\/services\/conseil-juridique\/#breadcrumb","itemListElement":[{"@type":"ListItem","position":1,"name":"Portada","item":"https:\/\/benazetnavarro.com\/fr\/"},{"@type":"ListItem","position":2,"name":"Services","item":"https:\/\/benazetnavarro.com\/fr\/services\/"},{"@type":"ListItem","position":3,"name":"Conseil juridique"}]},{"@type":"WebSite","@id":"https:\/\/benazetnavarro.com\/fr\/#website","url":"https:\/\/benazetnavarro.com\/fr\/","name":"Benazet Navarro","description":"Administraci\u00f3n de comunidades, gesti\u00f3n de urbanizaciones, administraci\u00f3n de alquileres y asesoramiento jur\u00eddico","publisher":{"@id":"https:\/\/benazetnavarro.com\/fr\/#organization"},"potentialAction":[{"@type":"SearchAction","target":{"@type":"EntryPoint","urlTemplate":"https:\/\/benazetnavarro.com\/fr\/?s={search_term_string}"},"query-input":"required name=search_term_string"}],"inLanguage":"fr-FR"},{"@type":"Organization","@id":"https:\/\/benazetnavarro.com\/fr\/#organization","name":"Benazet Navarro","url":"https:\/\/benazetnavarro.com\/fr\/","logo":{"@type":"ImageObject","inLanguage":"fr-FR","@id":"https:\/\/benazetnavarro.com\/fr\/#\/schema\/logo\/image\/","url":"https:\/\/benazetnavarro.com\/wp-content\/uploads\/cropped-favicon-benazet-navarro.jpg","contentUrl":"https:\/\/benazetnavarro.com\/wp-content\/uploads\/cropped-favicon-benazet-navarro.jpg","width":512,"height":512,"caption":"Benazet Navarro"},"image":{"@id":"https:\/\/benazetnavarro.com\/fr\/#\/schema\/logo\/image\/"}}]}},"_links":{"self":[{"href":"https:\/\/benazetnavarro.com\/fr\/wp-json\/wp\/v2\/pages\/552"}],"collection":[{"href":"https:\/\/benazetnavarro.com\/fr\/wp-json\/wp\/v2\/pages"}],"about":[{"href":"https:\/\/benazetnavarro.com\/fr\/wp-json\/wp\/v2\/types\/page"}],"author":[{"embeddable":true,"href":"https:\/\/benazetnavarro.com\/fr\/wp-json\/wp\/v2\/users\/1"}],"replies":[{"embeddable":true,"href":"https:\/\/benazetnavarro.com\/fr\/wp-json\/wp\/v2\/comments?post=552"}],"version-history":[{"count":4,"href":"https:\/\/benazetnavarro.com\/fr\/wp-json\/wp\/v2\/pages\/552\/revisions"}],"predecessor-version":[{"id":883,"href":"https:\/\/benazetnavarro.com\/fr\/wp-json\/wp\/v2\/pages\/552\/revisions\/883"}],"up":[{"embeddable":true,"href":"https:\/\/benazetnavarro.com\/fr\/wp-json\/wp\/v2\/pages\/519"}],"wp:attachment":[{"href":"https:\/\/benazetnavarro.com\/fr\/wp-json\/wp\/v2\/media?parent=552"}],"curies":[{"name":"wp","href":"https:\/\/api.w.org\/{rel}","templated":true}]}}