{"id":575,"date":"2024-04-30T19:01:17","date_gmt":"2024-04-30T19:01:17","guid":{"rendered":"https:\/\/lacreateka.es\/contact\/"},"modified":"2024-08-21T12:10:30","modified_gmt":"2024-08-21T12:10:30","slug":"contact","status":"publish","type":"page","link":"https:\/\/benazetnavarro.com\/en\/contact\/","title":{"rendered":"Contact"},"content":{"rendered":"<p>[et_pb_section fb_built=&#8221;1&#8243; _builder_version=&#8221;4.25.0&#8243; _module_preset=&#8221;default&#8221; background_image=&#8221;https:\/\/benazetnavarro.com\/wp-content\/uploads\/Sitges_nit.jpg&#8221; height=&#8221;40vh&#8221; da_disable_devices=&#8221;off|off|off&#8221; locked=&#8221;off&#8221; global_colors_info=&#8221;{}&#8221; da_is_popup=&#8221;off&#8221; da_exit_intent=&#8221;off&#8221; da_has_close=&#8221;on&#8221; da_alt_close=&#8221;off&#8221; da_dark_close=&#8221;off&#8221; da_not_modal=&#8221;on&#8221; da_is_singular=&#8221;off&#8221; da_with_loader=&#8221;off&#8221; da_has_shadow=&#8221;on&#8221;][et_pb_row column_structure=&#8221;1_2,1_2&#8243; _builder_version=&#8221;4.25.0&#8243; _module_preset=&#8221;default&#8221; global_colors_info=&#8221;{}&#8221;][et_pb_column type=&#8221;1_2&#8243; _builder_version=&#8221;4.25.0&#8243; _module_preset=&#8221;default&#8221; global_colors_info=&#8221;{}&#8221;][et_pb_text _builder_version=&#8221;4.25.0&#8243; _module_preset=&#8221;default&#8221; header_font=&#8221;|700|||||||&#8221; header_text_color=&#8221;#062A30&#8243; header_line_height=&#8221;1.3em&#8221; background_color=&#8221;rgba(255,255,255,0.69)&#8221; custom_margin=&#8221;||||false|false&#8221; custom_padding=&#8221;30px|20px|30px|20px|true|true&#8221; global_colors_info=&#8221;{}&#8221;]<\/p>\n<h1>Contact<\/h1>\n<p>[\/et_pb_text][\/et_pb_column][et_pb_column type=&#8221;1_2&#8243; _builder_version=&#8221;4.25.0&#8243; _module_preset=&#8221;default&#8221; global_colors_info=&#8221;{}&#8221;][\/et_pb_column][\/et_pb_row][\/et_pb_section][et_pb_section fb_built=&#8221;1&#8243; _builder_version=&#8221;4.25.0&#8243; _module_preset=&#8221;default&#8221; custom_padding=&#8221;||6px|||&#8221; da_disable_devices=&#8221;off|off|off&#8221; global_colors_info=&#8221;{}&#8221; da_is_popup=&#8221;off&#8221; da_exit_intent=&#8221;off&#8221; da_has_close=&#8221;on&#8221; da_alt_close=&#8221;off&#8221; da_dark_close=&#8221;off&#8221; da_not_modal=&#8221;on&#8221; da_is_singular=&#8221;off&#8221; da_with_loader=&#8221;off&#8221; da_has_shadow=&#8221;on&#8221;][et_pb_row column_structure=&#8221;1_4,1_4,1_4,1_4&#8243; _builder_version=&#8221;4.25.0&#8243; _module_preset=&#8221;default&#8221; global_colors_info=&#8221;{}&#8221;][et_pb_column type=&#8221;1_4&#8243; _builder_version=&#8221;4.25.0&#8243; _module_preset=&#8221;default&#8221; global_colors_info=&#8221;{}&#8221;][et_pb_blurb title=&#8221;Phone&#8221; use_icon=&#8221;on&#8221; font_icon=&#8221;&#xf3cd;||fa||900&#8243; icon_color=&#8221;#859498&#8243; image_icon_width=&#8221;70px&#8221; _builder_version=&#8221;4.25.1&#8243; _module_preset=&#8221;default&#8221; header_font=&#8221;|700|||||||&#8221; header_text_align=&#8221;center&#8221; header_text_color=&#8221;#062A30&#8243; header_font_size=&#8221;20px&#8221; body_link_text_color=&#8221;#1A171B&#8221; hover_enabled=&#8221;0&#8243; global_colors_info=&#8221;{}&#8221; sticky_enabled=&#8221;0&#8243;]<\/p>\n<p style=\"text-align: center;\"><a href=\"tel:+34933212829\">T. (+34) 93.321.28.29<\/a><\/p>\n<p>[\/et_pb_blurb][\/et_pb_column][et_pb_column type=&#8221;1_4&#8243; _builder_version=&#8221;4.25.0&#8243; _module_preset=&#8221;default&#8221; global_colors_info=&#8221;{}&#8221;][et_pb_blurb title=&#8221;Mail&#8221; use_icon=&#8221;on&#8221; font_icon=&#8221;&#xe010;||divi||400&#8243; icon_color=&#8221;#859498&#8243; image_icon_width=&#8221;70px&#8221; _builder_version=&#8221;4.25.0&#8243; _module_preset=&#8221;default&#8221; header_font=&#8221;|700|||||||&#8221; header_text_align=&#8221;center&#8221; header_text_color=&#8221;#062A30&#8243; header_font_size=&#8221;20px&#8221; body_link_text_color=&#8221;#1A171B&#8221; global_colors_info=&#8221;{}&#8221;]<\/p>\n<p style=\"text-align: center;\"><a href=\"mailto:serveis@benazetnavarro.com\">serveis@benazetnavarro.com<\/a><\/p>\n<p>[\/et_pb_blurb][\/et_pb_column][et_pb_column type=&#8221;1_4&#8243; _builder_version=&#8221;4.25.0&#8243; _module_preset=&#8221;default&#8221; global_colors_info=&#8221;{}&#8221;][et_pb_blurb title=&#8221;Address&#8221; use_icon=&#8221;on&#8221; font_icon=&#8221;&#xe01d;||divi||400&#8243; icon_color=&#8221;#859498&#8243; image_icon_width=&#8221;70px&#8221; _builder_version=&#8221;4.25.0&#8243; _module_preset=&#8221;default&#8221; header_font=&#8221;|700|||||||&#8221; header_text_align=&#8221;center&#8221; header_text_color=&#8221;#062A30&#8243; header_font_size=&#8221;20px&#8221; global_colors_info=&#8221;{}&#8221;]<\/p>\n<p style=\"text-align: center;\">c\/ Sant Isidre, 14 Local (bajos)<br \/>08870 Sitges (Barcelona)<\/p>\n<p>[\/et_pb_blurb][\/et_pb_column][et_pb_column type=&#8221;1_4&#8243; _builder_version=&#8221;4.25.0&#8243; _module_preset=&#8221;default&#8221; global_colors_info=&#8221;{}&#8221;][et_pb_blurb title=&#8221;Opening Hours&#8221; use_icon=&#8221;on&#8221; font_icon=&#8221;&#x7d;||divi||400&#8243; icon_color=&#8221;#859498&#8243; image_icon_width=&#8221;70px&#8221; _builder_version=&#8221;4.25.1&#8243; _module_preset=&#8221;default&#8221; header_font=&#8221;|700|||||||&#8221; header_text_align=&#8221;center&#8221; header_text_color=&#8221;#062A30&#8243; header_font_size=&#8221;20px&#8221; body_text_align=&#8221;center&#8221; hover_enabled=&#8221;0&#8243; global_colors_info=&#8221;{}&#8221; sticky_enabled=&#8221;0&#8243;]<\/p>\n<p><span>Monday to Thursday from 10:00 to 13:00 and from 17:00 to 18:30, <\/span><\/p>\n<p><span>Friday from 10:00 to 13:00.<\/span><\/p>\n<p>[\/et_pb_blurb][\/et_pb_column][\/et_pb_row][\/et_pb_section][et_pb_section fb_built=&#8221;1&#8243; _builder_version=&#8221;4.25.0&#8243; _module_preset=&#8221;default&#8221; background_color=&#8221;#DEE2E3&#8243; custom_padding=&#8221;||0px|||&#8221; da_disable_devices=&#8221;off|off|off&#8221; global_colors_info=&#8221;{}&#8221; da_is_popup=&#8221;off&#8221; da_exit_intent=&#8221;off&#8221; da_has_close=&#8221;on&#8221; da_alt_close=&#8221;off&#8221; da_dark_close=&#8221;off&#8221; da_not_modal=&#8221;on&#8221; da_is_singular=&#8221;off&#8221; da_with_loader=&#8221;off&#8221; da_has_shadow=&#8221;on&#8221;][et_pb_row column_structure=&#8221;2_5,3_5&#8243; _builder_version=&#8221;4.25.0&#8243; _module_preset=&#8221;default&#8221; background_enable_color=&#8221;off&#8221; global_colors_info=&#8221;{}&#8221;][et_pb_column type=&#8221;2_5&#8243; _builder_version=&#8221;4.25.0&#8243; _module_preset=&#8221;default&#8221; global_colors_info=&#8221;{}&#8221;][et_pb_text _builder_version=&#8221;4.25.0&#8243; _module_preset=&#8221;default&#8221; text_text_color=&#8221;#062A30&#8243; text_font_size=&#8221;52px&#8221; text_line_height=&#8221;1.8em&#8221; global_colors_info=&#8221;{}&#8221;]<\/p>\n<p>How can we help you?<\/p>\n<p>[\/et_pb_text][\/et_pb_column][et_pb_column type=&#8221;3_5&#8243; _builder_version=&#8221;4.25.0&#8243; _module_preset=&#8221;default&#8221; global_colors_info=&#8221;{}&#8221;][et_pb_code _builder_version=&#8221;4.25.0&#8243; _module_preset=&#8221;default&#8221; custom_margin=&#8221;||-1px|||&#8221; custom_padding=&#8221;||0px|||&#8221; global_colors_info=&#8221;{}&#8221;]\n<div class=\"wpcf7 no-js\" id=\"wpcf7-f579-o1\" lang=\"en-US\" dir=\"ltr\" data-wpcf7-id=\"579\">\n<div class=\"screen-reader-response\"><p role=\"status\" aria-live=\"polite\" aria-atomic=\"true\"><\/p> <ul><\/ul><\/div>\n<form action=\"\/en\/wp-json\/wp\/v2\/pages\/575#wpcf7-f579-o1\" method=\"post\" class=\"wpcf7-form init\" aria-label=\"Contact form\" novalidate=\"novalidate\" data-status=\"init\">\n<div style=\"display: none;\">\n<input type=\"hidden\" name=\"_wpcf7\" value=\"579\" \/>\n<input type=\"hidden\" name=\"_wpcf7_version\" value=\"6.0.6\" \/>\n<input type=\"hidden\" name=\"_wpcf7_locale\" value=\"en_US\" \/>\n<input type=\"hidden\" name=\"_wpcf7_unit_tag\" value=\"wpcf7-f579-o1\" \/>\n<input type=\"hidden\" name=\"_wpcf7_container_post\" value=\"0\" \/>\n<input type=\"hidden\" name=\"_wpcf7_posted_data_hash\" value=\"\" \/>\n<input type=\"hidden\" name=\"_wpcf7_recaptcha_response\" value=\"\" \/>\n<\/div>\n<div id=\"responsive-form\" class=\"clearfix\">\n\t<div class=\"form-row\">\n\t\t<div class=\"column-half\">\n\t\t\t<p><span class=\"wpcf7-form-control-wrap\" data-name=\"first-name\"><input size=\"40\" maxlength=\"400\" class=\"wpcf7-form-control wpcf7-text wpcf7-validates-as-required\" autocomplete=\"name\" aria-required=\"true\" aria-invalid=\"false\" placeholder=\"Name\" value=\"\" type=\"text\" name=\"first-name\" \/><\/span>\n\t\t\t<\/p>\n\t\t<\/div>\n\t\t<div class=\"column-half\">\n\t\t\t<p><span class=\"wpcf7-form-control-wrap\" data-name=\"last-name\"><input size=\"40\" maxlength=\"400\" class=\"wpcf7-form-control wpcf7-text\" autocomplete=\"family-name\" aria-invalid=\"false\" placeholder=\"Last name\" value=\"\" type=\"text\" name=\"last-name\" \/><\/span>\n\t\t\t<\/p>\n\t\t<\/div>\n\t<\/div>\n\t<div class=\"form-row\">\n\t\t<div class=\"column-half\">\n\t\t\t<p><span class=\"wpcf7-form-control-wrap\" data-name=\"your-email\"><input size=\"40\" maxlength=\"400\" class=\"wpcf7-form-control wpcf7-email wpcf7-validates-as-required wpcf7-text wpcf7-validates-as-email\" autocomplete=\"email\" aria-required=\"true\" aria-invalid=\"false\" placeholder=\"E-mail\" value=\"\" type=\"email\" name=\"your-email\" \/><\/span>\n\t\t\t<\/p>\n\t\t<\/div>\n\t\t<div class=\"column-half\">\n\t\t\t<p><span class=\"wpcf7-form-control-wrap\" data-name=\"your-phone\"><input size=\"40\" maxlength=\"400\" class=\"wpcf7-form-control wpcf7-text\" autocomplete=\"tel\" aria-invalid=\"false\" placeholder=\"Phone\" value=\"\" type=\"text\" name=\"your-phone\" \/><\/span>\n\t\t\t<\/p>\n\t\t<\/div>\n\t<\/div>\n\t<div class=\"form-row\">\n\t\t<div class=\"column-full\">\n\t\t\t<p><span class=\"wpcf7-form-control-wrap\" data-name=\"your-message\"><textarea cols=\"40\" rows=\"10\" maxlength=\"2000\" class=\"wpcf7-form-control wpcf7-textarea\" aria-invalid=\"false\" placeholder=\"Tell us how we can help you\" name=\"your-message\"><\/textarea><\/span>\n\t\t\t<\/p>\n\t\t<\/div>\n\t<\/div>\n\t<div class=\"form-row\">\n\t\t<div class=\"column-full\">\n\t\t\t<p><span class=\"wpcf7-form-control-wrap\" data-name=\"acceptance-816\"><span class=\"wpcf7-form-control wpcf7-acceptance\"><span class=\"wpcf7-list-item\"><input type=\"checkbox\" name=\"acceptance-816\" value=\"1\" aria-invalid=\"false\" \/><\/span><\/span><\/span> I have read and I accept the <a target=\"_blank\" href=\"\/en\/privacy-policy\/\">Privacy Policy<\/a>\n\t\t\t<\/p>\n\t\t<\/div>\n\t\t<div class=\"form-row\">\n\t\t\t<div class=\"column-full\">\n\t\t\t\t<p><input class=\"wpcf7-form-control wpcf7-submit has-spinner\" type=\"submit\" value=\"Send\" \/>\n\t\t\t\t<\/p>\n\t\t\t<\/div>\n\t\t<\/div>\n\t<\/div><!--end responsive-form-->\n<\/div><div class=\"wpcf7-response-output\" aria-hidden=\"true\"><\/div>\n<\/form>\n<\/div>\n[\/et_pb_code][et_pb_text _builder_version=&#8221;4.25.1&#8243; _module_preset=&#8221;default&#8221; text_font_size=&#8221;12px&#8221; text_line_height=&#8221;1.5em&#8221; custom_padding=&#8221;|10%||10%|false|true&#8221; global_colors_info=&#8221;{}&#8221;]<\/p>\n<p>CONTROLLER Ignacio Benazet Navarro Tax ID Number: 52427670K Zip Code: Carrer Sant Isidre 14, Local, 08870, Sitges, Barcelona<br \/>PURPOSES Management of your request and give an answer to it.<br \/>LEGITIMATE BASIS Your consent<br \/>RECIPIENTS The personal data will not be forwarded to third parties unless legal obligation or necessary in order to give an answer to your request.<br \/>RIGHTS You are entitled to exercise your rights of access, to rectification, erasure, restriction, data portability and object. Moreover, you own the right to lodge a complaint with a supervisory authority<br \/>ADDITIONAL INFORMATION You can check additional information about the processing of your personal data <a href=\"https:\/\/benazetnavarro.com\/en\/privacy-policy\/\">here<\/a>. <\/p>\n<p>[\/et_pb_text][\/et_pb_column][\/et_pb_row][\/et_pb_section][et_pb_section fb_built=&#8221;1&#8243; _builder_version=&#8221;4.25.0&#8243; _module_preset=&#8221;default&#8221; custom_padding=&#8221;0px||0px||false|false&#8221; da_disable_devices=&#8221;off|off|off&#8221; global_colors_info=&#8221;{}&#8221; da_is_popup=&#8221;off&#8221; da_exit_intent=&#8221;off&#8221; da_has_close=&#8221;on&#8221; da_alt_close=&#8221;off&#8221; da_dark_close=&#8221;off&#8221; da_not_modal=&#8221;on&#8221; da_is_singular=&#8221;off&#8221; da_with_loader=&#8221;off&#8221; da_has_shadow=&#8221;on&#8221;][et_pb_row _builder_version=&#8221;4.25.0&#8243; _module_preset=&#8221;default&#8221; width=&#8221;100%&#8221; max_width=&#8221;100%&#8221; custom_padding=&#8221;0px||0px||false|false&#8221; global_colors_info=&#8221;{}&#8221;][et_pb_column type=&#8221;4_4&#8243; _builder_version=&#8221;4.25.0&#8243; _module_preset=&#8221;default&#8221; global_colors_info=&#8221;{}&#8221;][et_pb_code _builder_version=&#8221;4.25.0&#8243; _module_preset=&#8221;default&#8221; custom_padding=&#8221;||0px|||&#8221; filter_saturate=&#8221;46%&#8221; global_colors_info=&#8221;{}&#8221;]<iframe src=\"https:\/\/www.google.com\/maps\/embed?pb=!1m18!1m12!1m3!1d3000.236567728233!2d1.811215248323115!3d41.23840456026105!2m3!1f0!2f0!3f0!3m2!1i1024!2i768!4f13.1!3m3!1m2!1s0x12a38047a2a83cc1%3A0xfb937e45a5ffbcc6!2sCarrer%20de%20Sant%20Isidre%2C%2014%2C%2008870%20Sitges%2C%20Barcelona!5e0!3m2!1sca!2ses!4v1714634740855!5m2!1sca!2ses\" width=\"100%\" height=\"450\" style=\"border:0;\" allowfullscreen=\"\" loading=\"lazy\" referrerpolicy=\"no-referrer-when-downgrade\"><\/iframe>[\/et_pb_code][\/et_pb_column][\/et_pb_row][\/et_pb_section]<\/p>\n","protected":false},"excerpt":{"rendered":"<p>ContactT. (+34) 93.321.28.29serveis@benazetnavarro.comc\/ Sant Isidre, 14 Local (bajos)08870 Sitges (Barcelona)Monday to Thursday from 10:00 to 13:00 and from 17:00 to 18:30, Friday from 10:00 to 13:00.How can we help you?\n<div class=\"wpcf7 no-js\" id=\"wpcf7-f579-o2\" lang=\"en-US\" dir=\"ltr\" data-wpcf7-id=\"579\">\n<div class=\"screen-reader-response\"><p role=\"status\" aria-live=\"polite\" aria-atomic=\"true\"><\/p> <ul><\/ul><\/div>\n<form action=\"\/en\/wp-json\/wp\/v2\/pages\/575#wpcf7-f579-o2\" method=\"post\" class=\"wpcf7-form init\" aria-label=\"Contact form\" novalidate=\"novalidate\" data-status=\"init\">\n<div style=\"display: none;\">\n<input type=\"hidden\" name=\"_wpcf7\" value=\"579\" \/>\n<input type=\"hidden\" name=\"_wpcf7_version\" value=\"6.0.6\" \/>\n<input type=\"hidden\" name=\"_wpcf7_locale\" value=\"en_US\" \/>\n<input type=\"hidden\" name=\"_wpcf7_unit_tag\" value=\"wpcf7-f579-o2\" \/>\n<input type=\"hidden\" name=\"_wpcf7_container_post\" value=\"0\" \/>\n<input type=\"hidden\" name=\"_wpcf7_posted_data_hash\" value=\"\" \/>\n<input type=\"hidden\" name=\"_wpcf7_recaptcha_response\" value=\"\" \/>\n<\/div>\n<div id=\"responsive-form\" class=\"clearfix\">\n\t<div class=\"form-row\">\n\t\t<div class=\"column-half\">\n\t\t\t<p><span class=\"wpcf7-form-control-wrap\" data-name=\"first-name\"><input size=\"40\" maxlength=\"400\" class=\"wpcf7-form-control wpcf7-text wpcf7-validates-as-required\" autocomplete=\"name\" aria-required=\"true\" aria-invalid=\"false\" placeholder=\"Name\" value=\"\" type=\"text\" name=\"first-name\" \/><\/span>\n\t\t\t<\/p>\n\t\t<\/div>\n\t\t<div class=\"column-half\">\n\t\t\t<p><span class=\"wpcf7-form-control-wrap\" data-name=\"last-name\"><input size=\"40\" maxlength=\"400\" class=\"wpcf7-form-control wpcf7-text\" autocomplete=\"family-name\" aria-invalid=\"false\" placeholder=\"Last name\" value=\"\" type=\"text\" name=\"last-name\" \/><\/span>\n\t\t\t<\/p>\n\t\t<\/div>\n\t<\/div>\n\t<div class=\"form-row\">\n\t\t<div class=\"column-half\">\n\t\t\t<p><span class=\"wpcf7-form-control-wrap\" data-name=\"your-email\"><input size=\"40\" maxlength=\"400\" class=\"wpcf7-form-control wpcf7-email wpcf7-validates-as-required wpcf7-text wpcf7-validates-as-email\" autocomplete=\"email\" aria-required=\"true\" aria-invalid=\"false\" placeholder=\"E-mail\" value=\"\" type=\"email\" name=\"your-email\" \/><\/span>\n\t\t\t<\/p>\n\t\t<\/div>\n\t\t<div class=\"column-half\">\n\t\t\t<p><span class=\"wpcf7-form-control-wrap\" data-name=\"your-phone\"><input size=\"40\" maxlength=\"400\" class=\"wpcf7-form-control wpcf7-text\" autocomplete=\"tel\" aria-invalid=\"false\" placeholder=\"Phone\" value=\"\" type=\"text\" name=\"your-phone\" \/><\/span>\n\t\t\t<\/p>\n\t\t<\/div>\n\t<\/div>\n\t<div class=\"form-row\">\n\t\t<div class=\"column-full\">\n\t\t\t<p><span class=\"wpcf7-form-control-wrap\" data-name=\"your-message\"><textarea cols=\"40\" rows=\"10\" maxlength=\"2000\" class=\"wpcf7-form-control wpcf7-textarea\" aria-invalid=\"false\" placeholder=\"Tell us how we can help you\" name=\"your-message\"><\/textarea><\/span>\n\t\t\t<\/p>\n\t\t<\/div>\n\t<\/div>\n\t<div class=\"form-row\">\n\t\t<div class=\"column-full\">\n\t\t\t<p><span class=\"wpcf7-form-control-wrap\" data-name=\"acceptance-816\"><span class=\"wpcf7-form-control wpcf7-acceptance\"><span class=\"wpcf7-list-item\"><input type=\"checkbox\" name=\"acceptance-816\" value=\"1\" aria-invalid=\"false\" \/><\/span><\/span><\/span> I have read and I accept the <a target=\"_blank\" href=\"\/en\/privacy-policy\/\">Privacy Policy<\/a>\n\t\t\t<\/p>\n\t\t<\/div>\n\t\t<div class=\"form-row\">\n\t\t\t<div class=\"column-full\">\n\t\t\t\t<p><input class=\"wpcf7-form-control wpcf7-submit has-spinner\" type=\"submit\" value=\"Send\" \/>\n\t\t\t\t<\/p>\n\t\t\t<\/div>\n\t\t<\/div>\n\t<\/div><!--end responsive-form-->\n<\/div><div class=\"wpcf7-response-output\" aria-hidden=\"true\"><\/div>\n<\/form>\n<\/div>\nCONTROLLER Ignacio Benazet Navarro Tax ID Number: 52427670K Zip Code: Carrer Sant Isidre 14, Local, 08870, Sitges, BarcelonaPURPOSES Management of your [&hellip;]<\/p>\n","protected":false},"author":1,"featured_media":0,"parent":0,"menu_order":0,"comment_status":"closed","ping_status":"closed","template":"","meta":{"_et_pb_use_builder":"on","_et_pb_old_content":"","_et_gb_content_width":"","footnotes":""},"class_list":["post-575","page","type-page","status-publish","hentry"],"yoast_head":"<!-- This site is optimized with the Yoast SEO plugin v23.3 - https:\/\/yoast.com\/wordpress\/plugins\/seo\/ -->\n<title>Contact - Benazet Navarro<\/title>\n<meta name=\"description\" content=\"At Benazet Navarro Sitges, we can help you with the management of properties, communities, urbanizations and rentals, do not hesitate to contact us.\" \/>\n<meta name=\"robots\" content=\"index, follow, max-snippet:-1, max-image-preview:large, max-video-preview:-1\" \/>\n<link rel=\"canonical\" href=\"https:\/\/benazetnavarro.com\/en\/contact\/\" \/>\n<meta property=\"og:locale\" content=\"en_US\" \/>\n<meta property=\"og:type\" content=\"article\" \/>\n<meta property=\"og:title\" content=\"Contact - Benazet Navarro\" \/>\n<meta property=\"og:description\" content=\"At Benazet Navarro Sitges, we can help you with the management of properties, communities, urbanizations and rentals, do not hesitate to contact us.\" \/>\n<meta property=\"og:url\" content=\"https:\/\/benazetnavarro.com\/en\/contact\/\" \/>\n<meta property=\"og:site_name\" content=\"Benazet Navarro\" \/>\n<meta property=\"article:modified_time\" content=\"2024-08-21T12:10:30+00:00\" \/>\n<meta name=\"twitter:card\" content=\"summary_large_image\" \/>\n<meta name=\"twitter:label1\" content=\"Est. reading time\" \/>\n\t<meta name=\"twitter:data1\" content=\"5 minutes\" \/>\n<script type=\"application\/ld+json\" class=\"yoast-schema-graph\">{\"@context\":\"https:\/\/schema.org\",\"@graph\":[{\"@type\":\"WebPage\",\"@id\":\"https:\/\/benazetnavarro.com\/en\/contact\/\",\"url\":\"https:\/\/benazetnavarro.com\/en\/contact\/\",\"name\":\"Contact - Benazet Navarro\",\"isPartOf\":{\"@id\":\"https:\/\/benazetnavarro.com\/en\/#website\"},\"datePublished\":\"2024-04-30T19:01:17+00:00\",\"dateModified\":\"2024-08-21T12:10:30+00:00\",\"description\":\"At Benazet Navarro Sitges, we can help you with the management of properties, communities, urbanizations and rentals, do not hesitate to contact us.\",\"breadcrumb\":{\"@id\":\"https:\/\/benazetnavarro.com\/en\/contact\/#breadcrumb\"},\"inLanguage\":\"en-US\",\"potentialAction\":[{\"@type\":\"ReadAction\",\"target\":[\"https:\/\/benazetnavarro.com\/en\/contact\/\"]}]},{\"@type\":\"BreadcrumbList\",\"@id\":\"https:\/\/benazetnavarro.com\/en\/contact\/#breadcrumb\",\"itemListElement\":[{\"@type\":\"ListItem\",\"position\":1,\"name\":\"Portada\",\"item\":\"https:\/\/benazetnavarro.com\/en\/\"},{\"@type\":\"ListItem\",\"position\":2,\"name\":\"Contact\"}]},{\"@type\":\"WebSite\",\"@id\":\"https:\/\/benazetnavarro.com\/en\/#website\",\"url\":\"https:\/\/benazetnavarro.com\/en\/\",\"name\":\"Benazet Navarro\",\"description\":\"Administraci\u00f3n de comunidades, gesti\u00f3n de urbanizaciones, administraci\u00f3n de alquileres y asesoramiento jur\u00eddico\",\"publisher\":{\"@id\":\"https:\/\/benazetnavarro.com\/en\/#organization\"},\"potentialAction\":[{\"@type\":\"SearchAction\",\"target\":{\"@type\":\"EntryPoint\",\"urlTemplate\":\"https:\/\/benazetnavarro.com\/en\/?s={search_term_string}\"},\"query-input\":\"required name=search_term_string\"}],\"inLanguage\":\"en-US\"},{\"@type\":\"Organization\",\"@id\":\"https:\/\/benazetnavarro.com\/en\/#organization\",\"name\":\"Benazet Navarro\",\"url\":\"https:\/\/benazetnavarro.com\/en\/\",\"logo\":{\"@type\":\"ImageObject\",\"inLanguage\":\"en-US\",\"@id\":\"https:\/\/benazetnavarro.com\/en\/#\/schema\/logo\/image\/\",\"url\":\"https:\/\/benazetnavarro.com\/wp-content\/uploads\/cropped-favicon-benazet-navarro.jpg\",\"contentUrl\":\"https:\/\/benazetnavarro.com\/wp-content\/uploads\/cropped-favicon-benazet-navarro.jpg\",\"width\":512,\"height\":512,\"caption\":\"Benazet Navarro\"},\"image\":{\"@id\":\"https:\/\/benazetnavarro.com\/en\/#\/schema\/logo\/image\/\"}}]}<\/script>\n<!-- \/ Yoast SEO plugin. -->","yoast_head_json":{"title":"Contact - Benazet Navarro","description":"At Benazet Navarro Sitges, we can help you with the management of properties, communities, urbanizations and rentals, do not hesitate to contact us.","robots":{"index":"index","follow":"follow","max-snippet":"max-snippet:-1","max-image-preview":"max-image-preview:large","max-video-preview":"max-video-preview:-1"},"canonical":"https:\/\/benazetnavarro.com\/en\/contact\/","og_locale":"en_US","og_type":"article","og_title":"Contact - Benazet Navarro","og_description":"At Benazet Navarro Sitges, we can help you with the management of properties, communities, urbanizations and rentals, do not hesitate to contact us.","og_url":"https:\/\/benazetnavarro.com\/en\/contact\/","og_site_name":"Benazet Navarro","article_modified_time":"2024-08-21T12:10:30+00:00","twitter_card":"summary_large_image","twitter_misc":{"Est. reading time":"5 minutes"},"schema":{"@context":"https:\/\/schema.org","@graph":[{"@type":"WebPage","@id":"https:\/\/benazetnavarro.com\/en\/contact\/","url":"https:\/\/benazetnavarro.com\/en\/contact\/","name":"Contact - Benazet Navarro","isPartOf":{"@id":"https:\/\/benazetnavarro.com\/en\/#website"},"datePublished":"2024-04-30T19:01:17+00:00","dateModified":"2024-08-21T12:10:30+00:00","description":"At Benazet Navarro Sitges, we can help you with the management of properties, communities, urbanizations and rentals, do not hesitate to contact us.","breadcrumb":{"@id":"https:\/\/benazetnavarro.com\/en\/contact\/#breadcrumb"},"inLanguage":"en-US","potentialAction":[{"@type":"ReadAction","target":["https:\/\/benazetnavarro.com\/en\/contact\/"]}]},{"@type":"BreadcrumbList","@id":"https:\/\/benazetnavarro.com\/en\/contact\/#breadcrumb","itemListElement":[{"@type":"ListItem","position":1,"name":"Portada","item":"https:\/\/benazetnavarro.com\/en\/"},{"@type":"ListItem","position":2,"name":"Contact"}]},{"@type":"WebSite","@id":"https:\/\/benazetnavarro.com\/en\/#website","url":"https:\/\/benazetnavarro.com\/en\/","name":"Benazet Navarro","description":"Administraci\u00f3n de comunidades, gesti\u00f3n de urbanizaciones, administraci\u00f3n de alquileres y asesoramiento jur\u00eddico","publisher":{"@id":"https:\/\/benazetnavarro.com\/en\/#organization"},"potentialAction":[{"@type":"SearchAction","target":{"@type":"EntryPoint","urlTemplate":"https:\/\/benazetnavarro.com\/en\/?s={search_term_string}"},"query-input":"required name=search_term_string"}],"inLanguage":"en-US"},{"@type":"Organization","@id":"https:\/\/benazetnavarro.com\/en\/#organization","name":"Benazet Navarro","url":"https:\/\/benazetnavarro.com\/en\/","logo":{"@type":"ImageObject","inLanguage":"en-US","@id":"https:\/\/benazetnavarro.com\/en\/#\/schema\/logo\/image\/","url":"https:\/\/benazetnavarro.com\/wp-content\/uploads\/cropped-favicon-benazet-navarro.jpg","contentUrl":"https:\/\/benazetnavarro.com\/wp-content\/uploads\/cropped-favicon-benazet-navarro.jpg","width":512,"height":512,"caption":"Benazet Navarro"},"image":{"@id":"https:\/\/benazetnavarro.com\/en\/#\/schema\/logo\/image\/"}}]}},"_links":{"self":[{"href":"https:\/\/benazetnavarro.com\/en\/wp-json\/wp\/v2\/pages\/575"}],"collection":[{"href":"https:\/\/benazetnavarro.com\/en\/wp-json\/wp\/v2\/pages"}],"about":[{"href":"https:\/\/benazetnavarro.com\/en\/wp-json\/wp\/v2\/types\/page"}],"author":[{"embeddable":true,"href":"https:\/\/benazetnavarro.com\/en\/wp-json\/wp\/v2\/users\/1"}],"replies":[{"embeddable":true,"href":"https:\/\/benazetnavarro.com\/en\/wp-json\/wp\/v2\/comments?post=575"}],"version-history":[{"count":11,"href":"https:\/\/benazetnavarro.com\/en\/wp-json\/wp\/v2\/pages\/575\/revisions"}],"predecessor-version":[{"id":899,"href":"https:\/\/benazetnavarro.com\/en\/wp-json\/wp\/v2\/pages\/575\/revisions\/899"}],"wp:attachment":[{"href":"https:\/\/benazetnavarro.com\/en\/wp-json\/wp\/v2\/media?parent=575"}],"curies":[{"name":"wp","href":"https:\/\/api.w.org\/{rel}","templated":true}]}}