{"id":531,"date":"2024-04-30T17:40:38","date_gmt":"2024-04-30T17:40:38","guid":{"rendered":"https:\/\/lacreateka.es\/services\/community-administration-and-urbanization-management\/"},"modified":"2024-08-21T11:48:09","modified_gmt":"2024-08-21T11:48:09","slug":"community-administration-and-urbanization-management","status":"publish","type":"page","link":"https:\/\/benazetnavarro.com\/en\/services\/community-administration-and-urbanization-management\/","title":{"rendered":"Community Administration And Urbanization Management"},"content":{"rendered":"<p>[et_pb_section fb_built=&#8221;1&#8243; _builder_version=&#8221;4.25.0&#8243; _module_preset=&#8221;default&#8221; background_image=&#8221;https:\/\/benazetnavarro.com\/wp-content\/uploads\/Administracio_comunitats_H.jpg&#8221; height=&#8221;40vh&#8221; da_disable_devices=&#8221;off|off|off&#8221; locked=&#8221;off&#8221; global_colors_info=&#8221;{}&#8221; da_is_popup=&#8221;off&#8221; da_exit_intent=&#8221;off&#8221; da_has_close=&#8221;on&#8221; da_alt_close=&#8221;off&#8221; da_dark_close=&#8221;off&#8221; da_not_modal=&#8221;on&#8221; da_is_singular=&#8221;off&#8221; da_with_loader=&#8221;off&#8221; da_has_shadow=&#8221;on&#8221;][et_pb_row column_structure=&#8221;1_2,1_2&#8243; _builder_version=&#8221;4.25.0&#8243; _module_preset=&#8221;default&#8221; global_colors_info=&#8221;{}&#8221;][et_pb_column type=&#8221;1_2&#8243; _builder_version=&#8221;4.25.0&#8243; _module_preset=&#8221;default&#8221; global_colors_info=&#8221;{}&#8221;][et_pb_text _builder_version=&#8221;4.25.0&#8243; _module_preset=&#8221;default&#8221; header_font=&#8221;|700|||||||&#8221; header_text_color=&#8221;#062A30&#8243; header_line_height=&#8221;1.3em&#8221; background_color=&#8221;rgba(255,255,255,0.7)&#8221; custom_margin=&#8221;||||false|false&#8221; custom_padding=&#8221;30px|20px|30px|20px|true|true&#8221; header_font_size_tablet=&#8221;&#8221; header_font_size_phone=&#8221;30px&#8221; header_font_size_last_edited=&#8221;on|phone&#8221; global_colors_info=&#8221;{}&#8221;]<\/p>\n<h1>Community Administration And Urbanization Management<\/h1>\n<p>[\/et_pb_text][\/et_pb_column][et_pb_column type=&#8221;1_2&#8243; _builder_version=&#8221;4.25.0&#8243; _module_preset=&#8221;default&#8221; global_colors_info=&#8221;{}&#8221;][\/et_pb_column][\/et_pb_row][\/et_pb_section][et_pb_section fb_built=&#8221;1&#8243; _builder_version=&#8221;4.25.0&#8243; _module_preset=&#8221;default&#8221; da_disable_devices=&#8221;off|off|off&#8221; global_colors_info=&#8221;{}&#8221; da_is_popup=&#8221;off&#8221; da_exit_intent=&#8221;off&#8221; da_has_close=&#8221;on&#8221; da_alt_close=&#8221;off&#8221; da_dark_close=&#8221;off&#8221; da_not_modal=&#8221;on&#8221; da_is_singular=&#8221;off&#8221; da_with_loader=&#8221;off&#8221; da_has_shadow=&#8221;on&#8221;][et_pb_row column_structure=&#8221;1_5,1_5,1_5,1_5,1_5&#8243; _builder_version=&#8221;4.25.0&#8243; _module_preset=&#8221;default&#8221; global_colors_info=&#8221;{}&#8221;][et_pb_column type=&#8221;1_5&#8243; _builder_version=&#8221;4.25.0&#8243; _module_preset=&#8221;default&#8221; global_colors_info=&#8221;{}&#8221;][et_pb_blurb title=&#8221;Accounting&#8221; image=&#8221;https:\/\/benazetnavarro.com\/wp-content\/uploads\/BN_icone_comptabilitat.png&#8221; _builder_version=&#8221;4.25.0&#8243; _module_preset=&#8221;default&#8221; header_font=&#8221;|700||on|||||&#8221; header_text_align=&#8221;center&#8221; header_text_color=&#8221;#062A30&#8243; header_line_height=&#8221;1.2em&#8221; text_orientation=&#8221;center&#8221; global_colors_info=&#8221;{}&#8221;]<\/p>\n<p><span>Management of the community&#8217;s accounts and funds with rigour and transparency.<\/span><\/p>\n<p>[\/et_pb_blurb][\/et_pb_column][et_pb_column type=&#8221;1_5&#8243; _builder_version=&#8221;4.25.0&#8243; _module_preset=&#8221;default&#8221; global_colors_info=&#8221;{}&#8221;][et_pb_blurb title=&#8221;Budgets and balance sheets&#8221; image=&#8221;https:\/\/benazetnavarro.com\/wp-content\/uploads\/BN_icone_pressupostos.png&#8221; _builder_version=&#8221;4.25.0&#8243; _module_preset=&#8221;default&#8221; header_font=&#8221;|700||on|||||&#8221; header_text_align=&#8221;center&#8221; header_text_color=&#8221;#062A30&#8243; header_line_height=&#8221;1.2em&#8221; text_orientation=&#8221;center&#8221; global_colors_info=&#8221;{}&#8221;]<\/p>\n<p><span>Preparation and control of the annual budget and balance sheets of expenses and management and control of budgets for works and repairs.<\/span><\/p>\n<p>[\/et_pb_blurb][\/et_pb_column][et_pb_column type=&#8221;1_5&#8243; _builder_version=&#8221;4.25.0&#8243; _module_preset=&#8221;default&#8221; global_colors_info=&#8221;{}&#8221;][et_pb_blurb title=&#8221;Incidents&#8221; image=&#8221;https:\/\/benazetnavarro.com\/wp-content\/uploads\/BN_icone_incidencies-.png&#8221; _builder_version=&#8221;4.25.1&#8243; _module_preset=&#8221;default&#8221; header_font=&#8221;|700||on|||||&#8221; header_text_align=&#8221;center&#8221; header_text_color=&#8221;#062A30&#8243; header_line_height=&#8221;1.2em&#8221; text_orientation=&#8221;center&#8221; hover_enabled=&#8221;0&#8243; global_colors_info=&#8221;{}&#8221; sticky_enabled=&#8221;0&#8243;]<\/p>\n<p><span>Computerized incident management.<\/span><\/p>\n<p>[\/et_pb_blurb][\/et_pb_column][et_pb_column type=&#8221;1_5&#8243; _builder_version=&#8221;4.25.0&#8243; _module_preset=&#8221;default&#8221; global_colors_info=&#8221;{}&#8221;][et_pb_blurb title=&#8221;Custody&#8221; image=&#8221;https:\/\/benazetnavarro.com\/wp-content\/uploads\/BN_icone_custodia.png&#8221; _builder_version=&#8221;4.25.0&#8243; _module_preset=&#8221;default&#8221; header_font=&#8221;|700||on|||||&#8221; header_text_align=&#8221;center&#8221; header_text_color=&#8221;#062A30&#8243; header_line_height=&#8221;1.2em&#8221; text_orientation=&#8221;center&#8221; global_colors_info=&#8221;{}&#8221;]<\/p>\n<p><span>We safeguard the keys and information with maximum security.<\/span><\/p>\n<p>[\/et_pb_blurb][\/et_pb_column][et_pb_column type=&#8221;1_5&#8243; _builder_version=&#8221;4.25.0&#8243; _module_preset=&#8221;default&#8221; global_colors_info=&#8221;{}&#8221;][et_pb_blurb title=&#8221;Languages&#8221; image=&#8221;https:\/\/benazetnavarro.com\/wp-content\/uploads\/BN_icone_idiomes.png&#8221; _builder_version=&#8221;4.25.0&#8243; _module_preset=&#8221;default&#8221; header_font=&#8221;|700||on|||||&#8221; header_text_align=&#8221;center&#8221; header_text_color=&#8221;#062A30&#8243; header_line_height=&#8221;1.2em&#8221; text_orientation=&#8221;center&#8221; global_colors_info=&#8221;{}&#8221;]<\/p>\n<p><span>In general, in Catalan or Spanish for communications; in particular, also in English and French.<\/span><\/p>\n<p>[\/et_pb_blurb][\/et_pb_column][\/et_pb_row][\/et_pb_section][et_pb_section fb_built=&#8221;1&#8243; admin_label=&#8221;Section&#8221; _builder_version=&#8221;4.25.0&#8243; _module_preset=&#8221;default&#8221; background_color=&#8221;RGBA(255,255,255,0)&#8221; custom_margin=&#8221;0px||0px||false|false&#8221; custom_padding=&#8221;0px||0px||false|false&#8221; sticky_position=&#8221;bottom&#8221; sticky_offset_bottom=&#8221;16px&#8221; sticky_limit_top=&#8221;body&#8221; da_disable_devices=&#8221;off|off|off&#8221; global_module=&#8221;338&#8243; saved_tabs=&#8221;all&#8221; global_colors_info=&#8221;{}&#8221; da_is_popup=&#8221;off&#8221; da_exit_intent=&#8221;off&#8221; da_has_close=&#8221;on&#8221; da_alt_close=&#8221;off&#8221; da_dark_close=&#8221;off&#8221; da_not_modal=&#8221;on&#8221; da_is_singular=&#8221;off&#8221; da_with_loader=&#8221;off&#8221; da_has_shadow=&#8221;on&#8221;][et_pb_row _builder_version=&#8221;4.25.0&#8243; _module_preset=&#8221;default&#8221; background_color=&#8221;RGBA(255,255,255,0)&#8221; custom_margin=&#8221;0px||0px||false|false&#8221; custom_padding=&#8221;0px||0px||false|false&#8221; global_colors_info=&#8221;{}&#8221;][et_pb_column type=&#8221;4_4&#8243; _builder_version=&#8221;4.25.0&#8243; _module_preset=&#8221;default&#8221; global_colors_info=&#8221;{}&#8221;][et_pb_button button_url=&#8221;https:\/\/benazetnavarro.com\/en\/contact\/&#8221; button_text=&#8221;Contact us&#8221; disabled_on=&#8221;off|off|off&#8221; _builder_version=&#8221;4.25.1&#8243; _module_preset=&#8221;default&#8221; custom_button=&#8221;on&#8221; button_text_color=&#8221;#FFFFFF&#8221; button_bg_color=&#8221;#062A30&#8243; button_border_width=&#8221;0px&#8221; button_border_color=&#8221;RGBA(255,255,255,0)&#8221; button_border_radius=&#8221;14px&#8221; button_icon=&#8221;&#x76;||divi||400&#8243; button_icon_placement=&#8221;left&#8221; button_on_hover=&#8221;off&#8221; positioning=&#8221;fixed&#8221; position_origin_f=&#8221;bottom_right&#8221; vertical_offset=&#8221;15px&#8221; horizontal_offset=&#8221;15px&#8221; z_index=&#8221;99999&#8243; vertical_offset_tablet=&#8221;&#8221; vertical_offset_phone=&#8221;5px&#8221; vertical_offset_last_edited=&#8221;on|phone&#8221; horizontal_offset_tablet=&#8221;&#8221; horizontal_offset_phone=&#8221;5px&#8221; horizontal_offset_last_edited=&#8221;on|phone&#8221; custom_margin=&#8221;0px||0px||false|false&#8221; button_text_size_tablet=&#8221;&#8221; button_text_size_phone=&#8221;17px&#8221; button_text_size_last_edited=&#8221;on|phone&#8221; global_colors_info=&#8221;{}&#8221; button_text_color__hover_enabled=&#8221;on|hover&#8221; button_text_color__hover=&#8221;#DEE2E3&#8243; button_border_color__hover_enabled=&#8221;on|desktop&#8221; button_border_color__hover=&#8221;#FFFFFF&#8221;][\/et_pb_button][\/et_pb_column][\/et_pb_row][\/et_pb_section]<\/p>\n","protected":false},"excerpt":{"rendered":"<p>Community Administration And Urbanization ManagementManagement of the community&#8217;s accounts and funds with rigour and transparency.Preparation and control of the annual budget and balance sheets of expenses and management and control of budgets for works and repairs.Computerized incident management.We safeguard the keys and information with maximum security.In general, in Catalan or Spanish for communications; in particular, [&hellip;]<\/p>\n","protected":false},"author":1,"featured_media":0,"parent":522,"menu_order":0,"comment_status":"closed","ping_status":"closed","template":"","meta":{"_et_pb_use_builder":"on","_et_pb_old_content":"","_et_gb_content_width":"","footnotes":""},"class_list":["post-531","page","type-page","status-publish","hentry"],"yoast_head":"<!-- This site is optimized with the Yoast SEO plugin v23.3 - https:\/\/yoast.com\/wordpress\/plugins\/seo\/ -->\n<title>Community Administration And Urbanization Management - Benazet Navarro<\/title>\n<meta name=\"description\" content=\"Community administration and urbanization management service in Sitges. Delegate to the team of professionals at Benazet Navarro.\" \/>\n<meta name=\"robots\" content=\"index, follow, max-snippet:-1, max-image-preview:large, max-video-preview:-1\" \/>\n<link rel=\"canonical\" href=\"https:\/\/benazetnavarro.com\/en\/services\/community-administration-and-urbanization-management\/\" \/>\n<meta property=\"og:locale\" content=\"en_US\" \/>\n<meta property=\"og:type\" content=\"article\" \/>\n<meta property=\"og:title\" content=\"Community Administration And Urbanization Management - Benazet Navarro\" \/>\n<meta property=\"og:description\" content=\"Community administration and urbanization management service in Sitges. Delegate to the team of professionals at Benazet Navarro.\" \/>\n<meta property=\"og:url\" content=\"https:\/\/benazetnavarro.com\/en\/services\/community-administration-and-urbanization-management\/\" \/>\n<meta property=\"og:site_name\" content=\"Benazet Navarro\" \/>\n<meta property=\"article:modified_time\" content=\"2024-08-21T11:48:09+00:00\" \/>\n<meta name=\"twitter:card\" content=\"summary_large_image\" \/>\n<meta name=\"twitter:label1\" content=\"Est. reading time\" \/>\n\t<meta name=\"twitter:data1\" content=\"5 minutes\" \/>\n<script type=\"application\/ld+json\" class=\"yoast-schema-graph\">{\"@context\":\"https:\/\/schema.org\",\"@graph\":[{\"@type\":\"WebPage\",\"@id\":\"https:\/\/benazetnavarro.com\/en\/services\/community-administration-and-urbanization-management\/\",\"url\":\"https:\/\/benazetnavarro.com\/en\/services\/community-administration-and-urbanization-management\/\",\"name\":\"Community Administration And Urbanization Management - Benazet Navarro\",\"isPartOf\":{\"@id\":\"https:\/\/benazetnavarro.com\/en\/#website\"},\"datePublished\":\"2024-04-30T17:40:38+00:00\",\"dateModified\":\"2024-08-21T11:48:09+00:00\",\"description\":\"Community administration and urbanization management service in Sitges. Delegate to the team of professionals at Benazet Navarro.\",\"breadcrumb\":{\"@id\":\"https:\/\/benazetnavarro.com\/en\/services\/community-administration-and-urbanization-management\/#breadcrumb\"},\"inLanguage\":\"en-US\",\"potentialAction\":[{\"@type\":\"ReadAction\",\"target\":[\"https:\/\/benazetnavarro.com\/en\/services\/community-administration-and-urbanization-management\/\"]}]},{\"@type\":\"BreadcrumbList\",\"@id\":\"https:\/\/benazetnavarro.com\/en\/services\/community-administration-and-urbanization-management\/#breadcrumb\",\"itemListElement\":[{\"@type\":\"ListItem\",\"position\":1,\"name\":\"Portada\",\"item\":\"https:\/\/benazetnavarro.com\/en\/\"},{\"@type\":\"ListItem\",\"position\":2,\"name\":\"Services\",\"item\":\"https:\/\/benazetnavarro.com\/en\/services\/\"},{\"@type\":\"ListItem\",\"position\":3,\"name\":\"Community Administration And Urbanization Management\"}]},{\"@type\":\"WebSite\",\"@id\":\"https:\/\/benazetnavarro.com\/en\/#website\",\"url\":\"https:\/\/benazetnavarro.com\/en\/\",\"name\":\"Benazet Navarro\",\"description\":\"Administraci\u00f3n de comunidades, gesti\u00f3n de urbanizaciones, administraci\u00f3n de alquileres y asesoramiento jur\u00eddico\",\"publisher\":{\"@id\":\"https:\/\/benazetnavarro.com\/en\/#organization\"},\"potentialAction\":[{\"@type\":\"SearchAction\",\"target\":{\"@type\":\"EntryPoint\",\"urlTemplate\":\"https:\/\/benazetnavarro.com\/en\/?s={search_term_string}\"},\"query-input\":\"required name=search_term_string\"}],\"inLanguage\":\"en-US\"},{\"@type\":\"Organization\",\"@id\":\"https:\/\/benazetnavarro.com\/en\/#organization\",\"name\":\"Benazet Navarro\",\"url\":\"https:\/\/benazetnavarro.com\/en\/\",\"logo\":{\"@type\":\"ImageObject\",\"inLanguage\":\"en-US\",\"@id\":\"https:\/\/benazetnavarro.com\/en\/#\/schema\/logo\/image\/\",\"url\":\"https:\/\/benazetnavarro.com\/wp-content\/uploads\/cropped-favicon-benazet-navarro.jpg\",\"contentUrl\":\"https:\/\/benazetnavarro.com\/wp-content\/uploads\/cropped-favicon-benazet-navarro.jpg\",\"width\":512,\"height\":512,\"caption\":\"Benazet Navarro\"},\"image\":{\"@id\":\"https:\/\/benazetnavarro.com\/en\/#\/schema\/logo\/image\/\"}}]}<\/script>\n<!-- \/ Yoast SEO plugin. -->","yoast_head_json":{"title":"Community Administration And Urbanization Management - Benazet Navarro","description":"Community administration and urbanization management service in Sitges. Delegate to the team of professionals at Benazet Navarro.","robots":{"index":"index","follow":"follow","max-snippet":"max-snippet:-1","max-image-preview":"max-image-preview:large","max-video-preview":"max-video-preview:-1"},"canonical":"https:\/\/benazetnavarro.com\/en\/services\/community-administration-and-urbanization-management\/","og_locale":"en_US","og_type":"article","og_title":"Community Administration And Urbanization Management - Benazet Navarro","og_description":"Community administration and urbanization management service in Sitges. Delegate to the team of professionals at Benazet Navarro.","og_url":"https:\/\/benazetnavarro.com\/en\/services\/community-administration-and-urbanization-management\/","og_site_name":"Benazet Navarro","article_modified_time":"2024-08-21T11:48:09+00:00","twitter_card":"summary_large_image","twitter_misc":{"Est. reading time":"5 minutes"},"schema":{"@context":"https:\/\/schema.org","@graph":[{"@type":"WebPage","@id":"https:\/\/benazetnavarro.com\/en\/services\/community-administration-and-urbanization-management\/","url":"https:\/\/benazetnavarro.com\/en\/services\/community-administration-and-urbanization-management\/","name":"Community Administration And Urbanization Management - Benazet Navarro","isPartOf":{"@id":"https:\/\/benazetnavarro.com\/en\/#website"},"datePublished":"2024-04-30T17:40:38+00:00","dateModified":"2024-08-21T11:48:09+00:00","description":"Community administration and urbanization management service in Sitges. Delegate to the team of professionals at Benazet Navarro.","breadcrumb":{"@id":"https:\/\/benazetnavarro.com\/en\/services\/community-administration-and-urbanization-management\/#breadcrumb"},"inLanguage":"en-US","potentialAction":[{"@type":"ReadAction","target":["https:\/\/benazetnavarro.com\/en\/services\/community-administration-and-urbanization-management\/"]}]},{"@type":"BreadcrumbList","@id":"https:\/\/benazetnavarro.com\/en\/services\/community-administration-and-urbanization-management\/#breadcrumb","itemListElement":[{"@type":"ListItem","position":1,"name":"Portada","item":"https:\/\/benazetnavarro.com\/en\/"},{"@type":"ListItem","position":2,"name":"Services","item":"https:\/\/benazetnavarro.com\/en\/services\/"},{"@type":"ListItem","position":3,"name":"Community Administration And Urbanization Management"}]},{"@type":"WebSite","@id":"https:\/\/benazetnavarro.com\/en\/#website","url":"https:\/\/benazetnavarro.com\/en\/","name":"Benazet Navarro","description":"Administraci\u00f3n de comunidades, gesti\u00f3n de urbanizaciones, administraci\u00f3n de alquileres y asesoramiento jur\u00eddico","publisher":{"@id":"https:\/\/benazetnavarro.com\/en\/#organization"},"potentialAction":[{"@type":"SearchAction","target":{"@type":"EntryPoint","urlTemplate":"https:\/\/benazetnavarro.com\/en\/?s={search_term_string}"},"query-input":"required name=search_term_string"}],"inLanguage":"en-US"},{"@type":"Organization","@id":"https:\/\/benazetnavarro.com\/en\/#organization","name":"Benazet Navarro","url":"https:\/\/benazetnavarro.com\/en\/","logo":{"@type":"ImageObject","inLanguage":"en-US","@id":"https:\/\/benazetnavarro.com\/en\/#\/schema\/logo\/image\/","url":"https:\/\/benazetnavarro.com\/wp-content\/uploads\/cropped-favicon-benazet-navarro.jpg","contentUrl":"https:\/\/benazetnavarro.com\/wp-content\/uploads\/cropped-favicon-benazet-navarro.jpg","width":512,"height":512,"caption":"Benazet Navarro"},"image":{"@id":"https:\/\/benazetnavarro.com\/en\/#\/schema\/logo\/image\/"}}]}},"_links":{"self":[{"href":"https:\/\/benazetnavarro.com\/en\/wp-json\/wp\/v2\/pages\/531"}],"collection":[{"href":"https:\/\/benazetnavarro.com\/en\/wp-json\/wp\/v2\/pages"}],"about":[{"href":"https:\/\/benazetnavarro.com\/en\/wp-json\/wp\/v2\/types\/page"}],"author":[{"embeddable":true,"href":"https:\/\/benazetnavarro.com\/en\/wp-json\/wp\/v2\/users\/1"}],"replies":[{"embeddable":true,"href":"https:\/\/benazetnavarro.com\/en\/wp-json\/wp\/v2\/comments?post=531"}],"version-history":[{"count":5,"href":"https:\/\/benazetnavarro.com\/en\/wp-json\/wp\/v2\/pages\/531\/revisions"}],"predecessor-version":[{"id":871,"href":"https:\/\/benazetnavarro.com\/en\/wp-json\/wp\/v2\/pages\/531\/revisions\/871"}],"up":[{"embeddable":true,"href":"https:\/\/benazetnavarro.com\/en\/wp-json\/wp\/v2\/pages\/522"}],"wp:attachment":[{"href":"https:\/\/benazetnavarro.com\/en\/wp-json\/wp\/v2\/media?parent=531"}],"curies":[{"name":"wp","href":"https:\/\/api.w.org\/{rel}","templated":true}]}}