{"id":607,"date":"2024-05-21T15:29:35","date_gmt":"2024-05-21T15:29:35","guid":{"rendered":"https:\/\/lacreateka.es\/politica-de-privadesa\/"},"modified":"2024-08-21T12:02:43","modified_gmt":"2024-08-21T12:02:43","slug":"politica-de-privadesa","status":"publish","type":"page","link":"https:\/\/benazetnavarro.com\/ca\/politica-de-privadesa\/","title":{"rendered":"Pol\u00edtica de privadesa"},"content":{"rendered":"<p>[et_pb_section fb_built=&#8221;1&#8243; _builder_version=&#8221;4.25.0&#8243; _module_preset=&#8221;default&#8221; da_disable_devices=&#8221;off|off|off&#8221; global_colors_info=&#8221;{}&#8221; da_is_popup=&#8221;off&#8221; da_exit_intent=&#8221;off&#8221; da_has_close=&#8221;on&#8221; da_alt_close=&#8221;off&#8221; da_dark_close=&#8221;off&#8221; da_not_modal=&#8221;on&#8221; da_is_singular=&#8221;off&#8221; da_with_loader=&#8221;off&#8221; da_has_shadow=&#8221;on&#8221;][et_pb_row _builder_version=&#8221;4.25.0&#8243; _module_preset=&#8221;default&#8221; global_colors_info=&#8221;{}&#8221;][et_pb_column type=&#8221;4_4&#8243; _builder_version=&#8221;4.25.0&#8243; _module_preset=&#8221;default&#8221; global_colors_info=&#8221;{}&#8221;][et_pb_text _builder_version=&#8221;4.25.0&#8243; _module_preset=&#8221;default&#8221; hover_enabled=&#8221;0&#8243; sticky_enabled=&#8221;0&#8243;]<\/p>\n<h1>Pol\u00edtica de privadesa<\/h1>\n<p>[\/et_pb_text][et_pb_text _builder_version=&#8221;4.25.0&#8243; _module_preset=&#8221;default&#8221; custom_padding=&#8221;|||0px||&#8221; global_colors_info=&#8221;{}&#8221;]<\/p>\n<p><strong><em><u><\/u><\/em><\/strong><\/p>\n<p><strong><em><u>POL\u00cdTICA DE PRIVACITAT DEL LLOC WEB<\/u><\/em><\/strong><\/p>\n<p><em>Som<\/em> <em>una empresa on la transpar\u00e8ncia en la informaci\u00f3 \u00e9s fonamental per establir una relaci\u00f3 de confian\u00e7a amb les persones que formen el nostre projecte i amb els nostres prove\u00efdors i clients, sent la protecci\u00f3 de les dades personals de les persones que confien en nosaltres de vital import\u00e0ncia , per la qual cosa volem mitjan\u00e7ant la present Pol\u00edtica de privadesa informar-te de com recaptem i com tractem o utilitzem aquestes dades.<\/em><\/p>\n<p><em>En aquesta<\/em> <em>pol\u00edtica<\/em> <em>de privadesa s&#8217;estableixen les bases sobre les quals<\/em> <em>l&#8217;empresa<\/em> <em>tracta les dades de car\u00e0cter personal que volunt\u00e0riament ens faciliten els nostres usuaris a trav\u00e9s de la p\u00e0gina web.<\/em><\/p>\n<p><em>Aquesta Pol\u00edtica sempre ser\u00e0 aplicable quan es facilitin dades a<\/em> <em>l&#8217;empresa<\/em> <em>, el qual ser\u00e0 responsable de les vostres dades (Responsable del Tractament de les Dades), ia trav\u00e9s de qualsevol dels formularis de contacte o subscripci\u00f3 on es recullin dades de car\u00e0cter personal (nom, email, etc.)<\/em> <em>.<\/em><\/p>\n<p><strong><em><u>A QU\u00c8 ENS COMPROMETEM<\/u><\/em><\/strong><\/p>\n<ul>\n<li><em>A respectar la privadesa dels nostres usuaris i tractar les dades personals amb el consentiment dels mateixos.<\/em><\/li>\n<li><em>A tractar les dades personals que estrictament necessitem per donar el servei sol\u00b7licitat, i tractar-les de forma segura i confidencial, prenent les mesures necess\u00e0ries per evitar-ne l&#8217;acc\u00e9s no autoritzat i l&#8217;\u00fas indegut.<\/em><\/li>\n<li><em>A no utilitzar les dades personals per a finalitats per a les quals no hem obtingut pr\u00e8viament el consentiment.<\/em><\/li>\n<li><em>A no donar les dades personals a tercers ni compartir-les.<\/em><\/li>\n<li><em>A conservar les dades personals durant el temps estrictament necessari per a la finalitat concreta per a la qual han estat proporcionades.<\/em><\/li>\n<\/ul>\n<p><em> <\/em><\/p>\n<p><strong><em><u>QUI \u00c9S EL RESPONSABLE DE LES TEVES DADES PERSONALS<\/u><\/em><\/strong><\/p>\n<table>\n<tbody>\n<tr>\n<td width=\"179\">\n<p>Nom de l&#8217;empresa<\/p>\n<\/td>\n<td width=\"387\">\n<p>Ignacio Benazet Navarro<\/p>\n<\/td>\n<\/tr>\n<tr>\n<td width=\"179\">\n<p>NIF<\/p>\n<\/td>\n<td width=\"387\">\n<p>52427670K<\/p>\n<\/td>\n<\/tr>\n<tr>\n<td width=\"179\">\n<p>Adre\u00e7a<\/p>\n<\/td>\n<td width=\"387\">\n<p>Carrer Sant Isidre 14, Local, 08870, Sitges, Barcelona<\/p>\n<\/td>\n<\/tr>\n<\/tbody>\n<\/table>\n<p>&nbsp;<\/p>\n<p><strong><em><u>QU\u00c8 \u00c9S UNA DADA PERSONAL I EL TRACTAMENT DE DADES PERSONALS<\/u><\/em><\/strong><\/p>\n<p><em>Una dada personal \u00e9s tota informaci\u00f3 sobre una persona f\u00edsica identificada o identificable. Es considera persona f\u00edsica identificable tota persona la identitat de la qual es pugui determinar directament o indirectament, en particular mitjan\u00e7ant un identificador, com ara un nom, un n\u00famero d&#8217;identificaci\u00f3, dades de localitzaci\u00f3, un identificador en l\u00ednia o un o diversos elements propis de la identitat f\u00edsica , fisiol\u00f2gica, gen\u00e8tica, ps\u00edquica, econ\u00f2mica, cultural o social de la persona esmentada.  <\/em><\/p>\n<p><em>Aix\u00ed mateix, el tractament de dades personals implica qualsevol operaci\u00f3 o conjunt d&#8217;operacions realitzades sobre dades personals o conjunts de dades personals, ja sigui per procediments automatitzats o no, com ara la recollida, registre, organitzaci\u00f3, estructuraci\u00f3, conservaci\u00f3, adaptaci\u00f3 o modificaci\u00f3, extracci\u00f3, consulta, utilitzaci\u00f3, comunicaci\u00f3 per transmissi\u00f3, difusi\u00f3 o qualsevol altra forma dhabilitaci\u00f3 dacc\u00e9s, confrontaci\u00f3 o interconnexi\u00f3, limitaci\u00f3, supressi\u00f3 o destrucci\u00f3.<\/em><\/p>\n<p>&nbsp;<\/p>\n<p><strong><em><u>QUINS TRACTAMENTS REALITZEM SOBRE LES SEVES DADES PERSONALS I PER A QUINES FINALITATS<\/u><\/em><\/strong><\/p>\n<ul>\n<li><em>Sol\u00b7licitud d&#8217;informaci\u00f3 per part de l&#8217;usuari<\/em><\/li>\n<\/ul>\n<p><em>Gestionar la sol\u00b7licitud d&#8217;informaci\u00f3 remesa per part de l&#8217;usuari a trav\u00e9s del formulari de contacte i\/o l&#8217;adre\u00e7a de correu electr\u00f2nic, el correu postal i\/o el n\u00famero de tel\u00e8fon facilitat a trav\u00e9s del lloc web.  <\/em><\/p>\n<p><em> <\/em><\/p>\n<ul>\n<li><em>Subscripci\u00f3 a newsletter<\/em><\/li>\n<\/ul>\n<p><em>Gestionar la subscripci\u00f3 a l&#8217;enviament de newsletter  <\/em><\/p>\n<p><em> <\/em><\/p>\n<ul>\n<li><em>Treballar amb nosaltres mitjan\u00e7ant l&#8217;enviament del curr\u00edculum<\/em><\/li>\n<\/ul>\n<p><em>Gesti\u00f3 dels CV rebuts a trav\u00e9s del formulari disponible al lloc web.<\/em><\/p>\n<p><em> <\/em><\/p>\n<ul>\n<li><em>Alta i acc\u00e9s al perfil d&#8217;usuari<\/em><\/li>\n<\/ul>\n<p><em>Gesti\u00f3 de l&#8217;alta i de l&#8217;acc\u00e9s al portal d&#8217;usuari mitjan\u00e7ant el compte d&#8217;usuari i la contrasenya corresponent.<\/em><\/p>\n<p><em><\/em><\/p>\n<ul>\n<li><em>Gesti\u00f3 dels comentaris al bloc.<\/em><\/li>\n<\/ul>\n<p><em>Gestionar l&#8217;enviament i recepci\u00f3 dels comentaris que l&#8217;usuari hagi deixat al bloc.<\/em><\/p>\n<p><em> <\/em><\/p>\n<p><strong><em><u>QUINES DADES PERSONALS CAPTEM<span style=\"text-decoration: line-through;\"><\/span><\/u><\/em><\/strong><\/p>\n<p><em>A trav\u00e9s de la nostra p\u00e0gina web podem demanar dades personals per a diferents finalitats:<\/em><\/p>\n<ul>\n<li><em>Sol\u00b7licitud d&#8217;informaci\u00f3 per part de l&#8217;usuari<\/em><\/li>\n<\/ul>\n<p><em>Captarem les dades personals que ens hagi facilitat amb motiu de la consulta plantejada.<\/em><\/p>\n<p><em> <\/em><\/p>\n<ul>\n<li><em>Subscripci\u00f3 a newsletter<\/em><\/li>\n<\/ul>\n<p><em>Captarem la vostra adre\u00e7a de correu electr\u00f2nic.  <\/em><\/p>\n<p><em> <\/em><\/p>\n<ul>\n<li><em>Treballa amb nosaltres mitjan\u00e7ant l&#8217;enviament de curr\u00edculum  <\/em><\/li>\n<\/ul>\n<p><em>Captarem la informaci\u00f3 continguda al CV que ens hagi facilitat.  <\/em><\/p>\n<p><em> <\/em><\/p>\n<ul>\n<li><em>Alta i acc\u00e9s al perfil d&#8217;usuari<\/em><\/li>\n<\/ul>\n<p><em>Nom d&#8217;usuari i contrasenya, aix\u00ed com qualsevol altra dada que s&#8217;hagi facilitat per crear el compte o perfil.<\/em><\/p>\n<p><em> <\/em><\/p>\n<ul>\n<li><em>Gesti\u00f3 dels comentaris al bloc.<\/em><\/li>\n<\/ul>\n<p><em>Qualsevol dada que s&#8217;hagi facilitat en publicar el comentari corresponent.  <\/em><\/p>\n<p><em> <\/em><\/p>\n<p><em>Depenent de la finalitat per a la qual s&#8217;aporten les dades, seran requerides les dades estrictament necess\u00e0ries.  <\/em><\/p>\n<p><em>\u00c9s important que l&#8217;usuari sigui conscient de les dades que aporta i la finalitat per a la qual ho fa perqu\u00e8 en el moment que les facilita, est\u00e0 acceptant que recopilem, emmagatzemem i fem servir aquestes dades per a la finalitat requerida, podent en qualsevol moment retirar el consentiment prestat per les vies oportunes sent el consentiment de linteressat la base legal i legitimaci\u00f3 per al tractament de les seves dades personals<\/em><em>.<\/em><\/p>\n<p>&nbsp;<\/p>\n<p><strong><em><u>QUINA \u00c9S LA LEGITIMACI\u00d3 PER AL TRACTAMENT DE LES DADES PERSONALS<\/u><\/em><\/strong><\/p>\n<p><em>D&#8217;acord amb la normativa vigent en mat\u00e8ria de protecci\u00f3 de dades, necessitem una base de legitimaci\u00f3 per al tractament de les vostres dades personals. La base de legitimaci\u00f3 n&#8217;\u00e9s el consentiment.  <\/em><\/p>\n<p><strong><em><u>QUINS DRETS T\u00c9 SOBRE LES DADES PERSONALS APORTADES<\/u><\/em><\/strong><\/p>\n<p><em>Com a usuari, pot exercitar els drets seg\u00fcents:  <\/em><\/p>\n<ul>\n<li><u><em>Dret d&#8217;acc\u00e9s:<\/em><\/u> <em>Teniu dret a obtenir per part de l&#8217;empresa confirmaci\u00f3 de si s&#8217;estan tractant o no les vostres dades personals que, i si escau, quines dades tracta.<\/em><\/li>\n<li><em><u>Dret de rectificaci\u00f3<\/u><\/em><em>: T\u00e9 dret a obtenir per part d&#8217;Ignacio Benazet Navarro, la rectificaci\u00f3 de les dades personals inexactes que li concerneixin. A la sol\u00b7licitud de rectificaci\u00f3 haureu d&#8217;indicar les dades que voleu que es modifiquin.<\/em><\/li>\n<li><em><u>Dret d&#8217;oposici\u00f3<\/u><\/em><em>: Teniu dret a oposar-vos en qualsevol moment, per motius relacionats amb la vostra situaci\u00f3 particular, que dades personals que us concerneixin siguin objecte d&#8217;un tractament basat en l&#8217;inter\u00e8s leg\u00edtim de l&#8217;empresa. En aquest cas, l&#8217;empresa deixar\u00e0 de tractar les dades personals, tret que acreditem motius leg\u00edtims imperiosos per al tractament que prevalguin sobre els seus interessos, drets i llibertats, o per a la formulaci\u00f3, l&#8217;exercici o la defensa de reclamacions.<\/em><\/li>\n<li><em><u>Dret de supressi\u00f3<\/u>:<\/em> <em>Teniu dret a obtenir per part d&#8217;Ignacio Benazet Navarro, la supressi\u00f3 de les dades personals que us concerneixin.<\/em><\/li>\n<li><em><u>Dret a la portabilitat de les dades<\/u><\/em><em>: Teniu dret que l&#8217;empresa transfereixi les vostres dades personals a un altre responsable del tractament. Nom\u00e9s \u00e9s possible exercir aquest dret quan el tractament estigui basat en l&#8217;execuci\u00f3 d&#8217;un contracte o en el seu consentiment i el tractament es faci mitjan\u00e7ant mitjans automatitzats.<\/em><\/li>\n<li><em><u>Dret a la limitaci\u00f3 del tractament<\/u>: <\/em>T<em>eniu dret a sol\u00b7licitar-nos que suspenguem el tractament de les vostres dades quan: impugneu l&#8217;exactitud de les dades, mentre Ignacio Benazet Navarro verifica aquesta exactitud; hagi exercit el dret d&#8217;oposici\u00f3 al tractament de les dades, mentre que es verifica si els motius leg\u00edtims d&#8217;Ignacio Benazet Navarro prevalen sobre els seus com a interessat.<\/em><\/li>\n<\/ul>\n<p>&nbsp;<\/p>\n<p><em>En qualsevol moment, podr\u00e0 exercitar aquests Drets, mitjan\u00e7ant un escrit i acreditant la seva personalitat dirigit al<\/em> <em>responsable del tractament a ladre\u00e7a assenyalada anteriorment<\/em> <em>, oa trav\u00e9s de ladre\u00e7a de correu electr\u00f2nic:<\/em> <em>serveis@benazetnavarro.com<\/em> <em>.<\/em><\/p>\n<p><em>A m\u00e9s, podr\u00e0 presentar una reclamaci\u00f3 davant de l&#8217;autoritat de control, en aquest cas, l&#8217;Ag\u00e8ncia Espanyola de Protecci\u00f3 de Dades, si considera que el tractament de dades personals infringeix la legislaci\u00f3 aplicable.<\/em><\/p>\n<p><strong><em><u>SEGURETAT I EMMAGATZEMATGE DE LES DADES<\/u><\/em><\/strong><\/p>\n<p><em>Mantendremos los datos durante el tiempo estrictamente necesario para la prestaci\u00f3n del servicio solicitado y mientras el titular no solicite su eliminaci\u00f3n, adoptando las medidas adecuadas de car\u00e1cter t\u00e9cnico y organizativo contra el tratamiento no autorizado o il\u00edcito y contra su p\u00e9rdida, destrucci\u00f3n o da\u00f1o accidentales, haciendo todo lo posible por protegerlos y mantenerlos de forma segura<\/em><em>.<\/em><\/p>\n<p><strong><em><u>QUINES DADES PERSONALS COMPARTIM AMB TERCERS<\/u><\/em><\/strong><\/p>\n<p><em>No es preveuen cessions de dades excepte en aquells casos en qu\u00e8 hi hagi una obligaci\u00f3 legal o comunicaci\u00f3 necess\u00e0ria per poder prestar-li el servei sol\u00b7licitat adequadament. No hi ha previsi\u00f3 de transfer\u00e8ncies de dades internacionals.<\/em><\/p>\n<p>[\/et_pb_text][\/et_pb_column][\/et_pb_row][\/et_pb_section]<\/p>\n","protected":false},"excerpt":{"rendered":"<p>Pol\u00edtica de privadesa POL\u00cdTICA DE PRIVACITAT DEL LLOC WEB Som una empresa on la transpar\u00e8ncia en la informaci\u00f3 \u00e9s fonamental per establir una relaci\u00f3 de confian\u00e7a amb les persones que formen el nostre projecte i amb els nostres prove\u00efdors i clients, sent la protecci\u00f3 de les dades personals de les persones que confien en nosaltres [&hellip;]<\/p>\n","protected":false},"author":1,"featured_media":0,"parent":0,"menu_order":0,"comment_status":"closed","ping_status":"closed","template":"","meta":{"_et_pb_use_builder":"on","_et_pb_old_content":"","_et_gb_content_width":"","footnotes":""},"class_list":["post-607","page","type-page","status-publish","hentry"],"yoast_head":"<!-- This site is optimized with the Yoast SEO plugin v23.3 - https:\/\/yoast.com\/wordpress\/plugins\/seo\/ -->\n<title>Pol\u00edtica de privadesa - Benazet Navarro<\/title>\n<meta name=\"robots\" content=\"noindex, nofollow\" \/>\n<meta property=\"og:locale\" content=\"ca_ES\" \/>\n<meta property=\"og:type\" content=\"article\" \/>\n<meta property=\"og:title\" content=\"Pol\u00edtica de privadesa - Benazet Navarro\" \/>\n<meta property=\"og:description\" content=\"Pol\u00edtica de privadesa POL\u00cdTICA DE PRIVACITAT DEL LLOC WEB Som una empresa on la transpar\u00e8ncia en la informaci\u00f3 \u00e9s fonamental per establir una relaci\u00f3 de confian\u00e7a amb les persones que formen el nostre projecte i amb els nostres prove\u00efdors i clients, sent la protecci\u00f3 de les dades personals de les persones que confien en nosaltres [&hellip;]\" \/>\n<meta property=\"og:url\" content=\"https:\/\/benazetnavarro.com\/ca\/politica-de-privadesa\/\" \/>\n<meta property=\"og:site_name\" content=\"Benazet Navarro\" \/>\n<meta property=\"article:modified_time\" content=\"2024-08-21T12:02:43+00:00\" \/>\n<meta name=\"twitter:card\" content=\"summary_large_image\" \/>\n<meta name=\"twitter:label1\" content=\"Temps estimat de lectura\" \/>\n\t<meta name=\"twitter:data1\" content=\"7 minuts\" \/>\n<script type=\"application\/ld+json\" class=\"yoast-schema-graph\">{\"@context\":\"https:\/\/schema.org\",\"@graph\":[{\"@type\":\"WebPage\",\"@id\":\"https:\/\/benazetnavarro.com\/ca\/politica-de-privadesa\/\",\"url\":\"https:\/\/benazetnavarro.com\/ca\/politica-de-privadesa\/\",\"name\":\"Pol\u00edtica de privadesa - Benazet Navarro\",\"isPartOf\":{\"@id\":\"https:\/\/benazetnavarro.com\/ca\/#website\"},\"datePublished\":\"2024-05-21T15:29:35+00:00\",\"dateModified\":\"2024-08-21T12:02:43+00:00\",\"breadcrumb\":{\"@id\":\"https:\/\/benazetnavarro.com\/ca\/politica-de-privadesa\/#breadcrumb\"},\"inLanguage\":\"ca\",\"potentialAction\":[{\"@type\":\"ReadAction\",\"target\":[\"https:\/\/benazetnavarro.com\/ca\/politica-de-privadesa\/\"]}]},{\"@type\":\"BreadcrumbList\",\"@id\":\"https:\/\/benazetnavarro.com\/ca\/politica-de-privadesa\/#breadcrumb\",\"itemListElement\":[{\"@type\":\"ListItem\",\"position\":1,\"name\":\"Portada\",\"item\":\"https:\/\/benazetnavarro.com\/ca\/\"},{\"@type\":\"ListItem\",\"position\":2,\"name\":\"Pol\u00edtica de privadesa\"}]},{\"@type\":\"WebSite\",\"@id\":\"https:\/\/benazetnavarro.com\/ca\/#website\",\"url\":\"https:\/\/benazetnavarro.com\/ca\/\",\"name\":\"Benazet Navarro\",\"description\":\"Administraci\u00f3n de comunidades, gesti\u00f3n de urbanizaciones, administraci\u00f3n de alquileres y asesoramiento jur\u00eddico\",\"publisher\":{\"@id\":\"https:\/\/benazetnavarro.com\/ca\/#organization\"},\"potentialAction\":[{\"@type\":\"SearchAction\",\"target\":{\"@type\":\"EntryPoint\",\"urlTemplate\":\"https:\/\/benazetnavarro.com\/ca\/?s={search_term_string}\"},\"query-input\":\"required name=search_term_string\"}],\"inLanguage\":\"ca\"},{\"@type\":\"Organization\",\"@id\":\"https:\/\/benazetnavarro.com\/ca\/#organization\",\"name\":\"Benazet Navarro\",\"url\":\"https:\/\/benazetnavarro.com\/ca\/\",\"logo\":{\"@type\":\"ImageObject\",\"inLanguage\":\"ca\",\"@id\":\"https:\/\/benazetnavarro.com\/ca\/#\/schema\/logo\/image\/\",\"url\":\"https:\/\/benazetnavarro.com\/wp-content\/uploads\/cropped-favicon-benazet-navarro.jpg\",\"contentUrl\":\"https:\/\/benazetnavarro.com\/wp-content\/uploads\/cropped-favicon-benazet-navarro.jpg\",\"width\":512,\"height\":512,\"caption\":\"Benazet Navarro\"},\"image\":{\"@id\":\"https:\/\/benazetnavarro.com\/ca\/#\/schema\/logo\/image\/\"}}]}<\/script>\n<!-- \/ Yoast SEO plugin. -->","yoast_head_json":{"title":"Pol\u00edtica de privadesa - Benazet Navarro","robots":{"index":"noindex","follow":"nofollow"},"og_locale":"ca_ES","og_type":"article","og_title":"Pol\u00edtica de privadesa - Benazet Navarro","og_description":"Pol\u00edtica de privadesa POL\u00cdTICA DE PRIVACITAT DEL LLOC WEB Som una empresa on la transpar\u00e8ncia en la informaci\u00f3 \u00e9s fonamental per establir una relaci\u00f3 de confian\u00e7a amb les persones que formen el nostre projecte i amb els nostres prove\u00efdors i clients, sent la protecci\u00f3 de les dades personals de les persones que confien en nosaltres [&hellip;]","og_url":"https:\/\/benazetnavarro.com\/ca\/politica-de-privadesa\/","og_site_name":"Benazet Navarro","article_modified_time":"2024-08-21T12:02:43+00:00","twitter_card":"summary_large_image","twitter_misc":{"Temps estimat de lectura":"7 minuts"},"schema":{"@context":"https:\/\/schema.org","@graph":[{"@type":"WebPage","@id":"https:\/\/benazetnavarro.com\/ca\/politica-de-privadesa\/","url":"https:\/\/benazetnavarro.com\/ca\/politica-de-privadesa\/","name":"Pol\u00edtica de privadesa - Benazet Navarro","isPartOf":{"@id":"https:\/\/benazetnavarro.com\/ca\/#website"},"datePublished":"2024-05-21T15:29:35+00:00","dateModified":"2024-08-21T12:02:43+00:00","breadcrumb":{"@id":"https:\/\/benazetnavarro.com\/ca\/politica-de-privadesa\/#breadcrumb"},"inLanguage":"ca","potentialAction":[{"@type":"ReadAction","target":["https:\/\/benazetnavarro.com\/ca\/politica-de-privadesa\/"]}]},{"@type":"BreadcrumbList","@id":"https:\/\/benazetnavarro.com\/ca\/politica-de-privadesa\/#breadcrumb","itemListElement":[{"@type":"ListItem","position":1,"name":"Portada","item":"https:\/\/benazetnavarro.com\/ca\/"},{"@type":"ListItem","position":2,"name":"Pol\u00edtica de privadesa"}]},{"@type":"WebSite","@id":"https:\/\/benazetnavarro.com\/ca\/#website","url":"https:\/\/benazetnavarro.com\/ca\/","name":"Benazet Navarro","description":"Administraci\u00f3n de comunidades, gesti\u00f3n de urbanizaciones, administraci\u00f3n de alquileres y asesoramiento jur\u00eddico","publisher":{"@id":"https:\/\/benazetnavarro.com\/ca\/#organization"},"potentialAction":[{"@type":"SearchAction","target":{"@type":"EntryPoint","urlTemplate":"https:\/\/benazetnavarro.com\/ca\/?s={search_term_string}"},"query-input":"required name=search_term_string"}],"inLanguage":"ca"},{"@type":"Organization","@id":"https:\/\/benazetnavarro.com\/ca\/#organization","name":"Benazet Navarro","url":"https:\/\/benazetnavarro.com\/ca\/","logo":{"@type":"ImageObject","inLanguage":"ca","@id":"https:\/\/benazetnavarro.com\/ca\/#\/schema\/logo\/image\/","url":"https:\/\/benazetnavarro.com\/wp-content\/uploads\/cropped-favicon-benazet-navarro.jpg","contentUrl":"https:\/\/benazetnavarro.com\/wp-content\/uploads\/cropped-favicon-benazet-navarro.jpg","width":512,"height":512,"caption":"Benazet Navarro"},"image":{"@id":"https:\/\/benazetnavarro.com\/ca\/#\/schema\/logo\/image\/"}}]}},"_links":{"self":[{"href":"https:\/\/benazetnavarro.com\/ca\/wp-json\/wp\/v2\/pages\/607"}],"collection":[{"href":"https:\/\/benazetnavarro.com\/ca\/wp-json\/wp\/v2\/pages"}],"about":[{"href":"https:\/\/benazetnavarro.com\/ca\/wp-json\/wp\/v2\/types\/page"}],"author":[{"embeddable":true,"href":"https:\/\/benazetnavarro.com\/ca\/wp-json\/wp\/v2\/users\/1"}],"replies":[{"embeddable":true,"href":"https:\/\/benazetnavarro.com\/ca\/wp-json\/wp\/v2\/comments?post=607"}],"version-history":[{"count":14,"href":"https:\/\/benazetnavarro.com\/ca\/wp-json\/wp\/v2\/pages\/607\/revisions"}],"predecessor-version":[{"id":891,"href":"https:\/\/benazetnavarro.com\/ca\/wp-json\/wp\/v2\/pages\/607\/revisions\/891"}],"wp:attachment":[{"href":"https:\/\/benazetnavarro.com\/ca\/wp-json\/wp\/v2\/media?parent=607"}],"curies":[{"name":"wp","href":"https:\/\/api.w.org\/{rel}","templated":true}]}}