{"id":594,"date":"2024-05-21T15:08:50","date_gmt":"2024-05-21T15:08:50","guid":{"rendered":"https:\/\/lacreateka.es\/politica-de-cookies\/"},"modified":"2024-08-19T11:14:28","modified_gmt":"2024-08-19T11:14:28","slug":"politica-de-cookies","status":"publish","type":"page","link":"https:\/\/benazetnavarro.com\/ca\/politica-de-cookies\/","title":{"rendered":"Pol\u00edtica de cookies"},"content":{"rendered":"<p>[et_pb_section fb_built=&#8221;1&#8243; _builder_version=&#8221;4.25.1&#8243; _module_preset=&#8221;default&#8221; da_disable_devices=&#8221;off|off|off&#8221; global_colors_info=&#8221;{}&#8221; da_is_popup=&#8221;off&#8221; da_exit_intent=&#8221;off&#8221; da_has_close=&#8221;on&#8221; da_alt_close=&#8221;off&#8221; da_dark_close=&#8221;off&#8221; da_not_modal=&#8221;on&#8221; da_is_singular=&#8221;off&#8221; da_with_loader=&#8221;off&#8221; da_has_shadow=&#8221;on&#8221;][et_pb_row _builder_version=&#8221;4.25.1&#8243; _module_preset=&#8221;default&#8221; global_colors_info=&#8221;{}&#8221;][et_pb_column type=&#8221;4_4&#8243; _builder_version=&#8221;4.25.1&#8243; _module_preset=&#8221;default&#8221; global_colors_info=&#8221;{}&#8221;][et_pb_text _builder_version=&#8221;4.25.1&#8243; _module_preset=&#8221;default&#8221; hover_enabled=&#8221;0&#8243; global_colors_info=&#8221;{}&#8221; sticky_enabled=&#8221;0&#8243;]<\/p>\n<p><em>Aquest lloc web utilitza galetes i\/o tecnologies similars que emmagatzemen i recuperen informaci\u00f3 quan navegues. En general, aquestes tecnologies poden servir per a finalitats molt diverses, com, per exemple, recon\u00e8ixer-te com a usuari, obtenir informaci\u00f3 sobre els teus h\u00e0bits de navegaci\u00f3 o personalitzes la manera com es mostra el contingut. Els usos concrets que fem daquestes tecnologies es descriuen a continuaci\u00f3.    <\/em><\/p>\n<p><strong><em><u>QUI UTILITZA LA INFORMACI\u00d3 DE LES COOKIES?<\/u><\/em><\/strong><\/p>\n<table>\n<tbody>\n<tr>\n<td width=\"151\">Nombre de la empresa<\/td>\n<td width=\"415\">Ignacio Benazet Navarro<\/td>\n<\/tr>\n<tr>\n<td width=\"151\">NIF<\/td>\n<td width=\"415\">52427670K<\/td>\n<\/tr>\n<tr>\n<td width=\"151\">Calle<\/td>\n<td width=\"415\">Carrer Sant Isidre 14, Local, 08870, Sitges, Barcelona<\/td>\n<\/tr>\n<\/tbody>\n<\/table>\n<p>&nbsp;<\/p>\n<p><strong><em><u>QUINS TIPUS DE COOKIES EXISTEIXEN?<\/u><\/em><\/strong><\/p>\n<p><em>Les galetes es poden classificar, en virtut de les seves caracter\u00edstiques pr\u00f2pies, dins de diverses categories.<\/em><\/p>\n<p><em>1. Segons l&#8217;entitat que la gestioni:<\/em><\/p>\n<ul>\n<li><em>Cookies pr\u00f2pies: S\u00f3n aquelles que s&#8217;envien al teu ordinador i s\u00f3n gestionades exclusivament per nosaltres pel millor funcionament del Lloc Web.<\/em><\/li>\n<li><em>Galetes de tercers: S\u00f3n aquelles que s&#8217;envien al teu ordinador i no s\u00f3n gestionades per nosaltres sin\u00f3 per una tercera entitat.  <\/em><em><\/em><\/li>\n<\/ul>\n<p><em>2. Segons el termini de temps que romanen activades:  <\/em><\/p>\n<ul>\n<li><em>Galetes de sessi\u00f3: Aquest tipus de galetes recullen i emmagatzemen dades \u00fanicament mentre l&#8217;Usuari accedeix al Lloc Web.  <\/em><\/li>\n<li><em>Galetes persistents: Mitjan\u00e7ant aquest tipus de galetes les dades segueixen emmagatzemades i poden ser accedides i tractades durant el per\u00edode definit pel responsable de la galeta, i pot anar d&#8217;uns minuts a diversos anys.<\/em><\/li>\n<\/ul>\n<p><em>  3.  <\/em><em>Segons la finalitat:<\/em><\/p>\n<ul>\n<li><em>Galetes t\u00e8cniques: S\u00f3n aquelles que permeten a l&#8217;usuari la navegaci\u00f3 a trav\u00e9s del lloc web, plataforma o aplicaci\u00f3 i la utilitzaci\u00f3 de les diferents opcions o serveis que aquest ofereix, com per exemple, controlar el tr\u00e0nsit i la comunicaci\u00f3 de dades, identificar la sessi\u00f3 , accedir a parts d&#8217;acc\u00e9s restringit, recordar els elements que integren una comanda, realitzar el proc\u00e9s de compra d&#8217;una comanda, fer la sol\u00b7licitud d&#8217;inscripci\u00f3 o participaci\u00f3 en un esdeveniment, utilitzar elements de seguretat durant la navegaci\u00f3, emmagatzemar continguts per a la difusi\u00f3 de v\u00eddeos o so o compartir continguts a trav\u00e9s de xarxes socials.<\/em><\/li>\n<li><em>Galetes de personalitzaci\u00f3: S\u00f3n aquelles que permeten a l&#8217;usuari accedir al servei amb algunes caracter\u00edstiques de car\u00e0cter general predefinides, com ara l&#8217;idioma, la configuraci\u00f3 regional des d&#8217;on accedeix al servei, etc.  <\/em><\/li>\n<li><em>Cookies d&#8217;an\u00e0lisi: S\u00f3n aquelles que permeten al responsable de les mateixes, el seguiment i l&#8217;an\u00e0lisi del comportament dels usuaris dels llocs web a qu\u00e8 estan La informaci\u00f3 recollida mitjan\u00e7ant aquest tipus de cookies s&#8217;utilitza en el mesurament de l&#8217;activitat dels llocs web, aplicaci\u00f3 o plataforma i per a l&#8217;elaboraci\u00f3 de perfils de navegaci\u00f3 dels usuaris d&#8217;aquests llocs, aplicacions i plataformes, per introduir millores en funci\u00f3 de l&#8217;an\u00e0lisi de les dades d&#8217;\u00fas que fan els usuaris del servei.<\/em><\/li>\n<li><em>Cookies publicit\u00e0ries: S\u00f3n aquelles que permeten la gesti\u00f3, de la manera m\u00e9s efica\u00e7 possible, dels espais publicitaris que, si escau, s&#8217;hagin incl\u00f2s al lloc web, aplicaci\u00f3 o plataforma des de la qual presta el servei sol\u00b7licitat en base als criteris com el contingut editat o la freq\u00fc\u00e8ncia en qu\u00e8 es mostren els anuncis.<\/em><\/li>\n<li><em>Cookies de publicitat comportamental: S\u00f3n aquelles que permeten la gesti\u00f3, de la manera m\u00e9s efica\u00e7 possible, dels espais publicitaris que, si escau, l&#8217;editor hagi incl\u00f2s a la seva p\u00e0gina web, aplicaci\u00f3 o plataforma des de la qual presta el servei sol\u00b7licitat. Aquestes cookies emmagatzemen informaci\u00f3 del comportament dels usuaris obtinguda a trav\u00e9s de l&#8217;observaci\u00f3 continuada dels seus h\u00e0bits de navegaci\u00f3, cosa que permet desenvolupar un perfil espec\u00edfic per mostrar publicitat en funci\u00f3 del mateix.<\/em><\/li>\n<\/ul>\n<p><em> <\/em><\/p>\n<p><strong><em><u>QUINS TIPUS DE COOKIES UTILITZA AQUEST LLOC WEB?<\/u><\/em><\/strong><\/p>\n<p><em>A continuaci\u00f3, s&#8217;especifiquen les cookies en concret emprades en aquest Lloc Web:<\/em><\/p>\n<table width=\"614\">\n<tbody>\n<tr>\n<td width=\"104\"><strong><em>Nom<\/em><\/strong><\/td>\n<td width=\"123\"><strong><em>Tipus (t\u00e8cniques, personalitzaci\u00f3, an\u00e0lisi o publicit\u00e0ries)<\/em><\/strong><\/td>\n<td width=\"76\"><strong><em>Duraci\u00f3<\/em><\/strong><\/td>\n<td width=\"141\"><strong><em>Finalitat<\/em><\/strong><\/td>\n<td width=\"171\">\n<p><strong><em>Pr\u00f2pies\/Tercers  <\/em><\/strong><\/p>\n<p><strong><em>*Identificaci\u00f3 del tercer (link a la Pol\u00edtica de Cookies del tercer)<\/em><\/strong><\/p>\n<\/td>\n<\/tr>\n<tr>\n<td width=\"104\"><strong> <\/strong><\/td>\n<td width=\"123\"><strong> <\/strong><\/td>\n<td width=\"76\"><strong> <\/strong><\/td>\n<td width=\"141\"><strong> <\/strong><\/td>\n<td width=\"171\"><strong> <\/strong><\/td>\n<\/tr>\n<tr>\n<td width=\"104\"><\/td>\n<td width=\"123\"><\/td>\n<td width=\"76\"><\/td>\n<td width=\"141\"><\/td>\n<td width=\"171\"><\/td>\n<\/tr>\n<tr>\n<td width=\"104\"><\/td>\n<td width=\"123\"><\/td>\n<td width=\"76\"><\/td>\n<td width=\"141\"><\/td>\n<td width=\"171\"><\/td>\n<\/tr>\n<tr>\n<td width=\"104\"><\/td>\n<td width=\"123\"><\/td>\n<td width=\"76\"><\/td>\n<td width=\"141\"><\/td>\n<td width=\"171\"><\/td>\n<\/tr>\n<tr>\n<td width=\"104\"><\/td>\n<td width=\"123\"><\/td>\n<td width=\"76\"><\/td>\n<td width=\"141\"><\/td>\n<td width=\"171\"><\/td>\n<\/tr>\n<tr>\n<td width=\"104\"><\/td>\n<td width=\"123\"><\/td>\n<td width=\"76\"><\/td>\n<td width=\"141\"><\/td>\n<td width=\"171\"><\/td>\n<\/tr>\n<\/tbody>\n<\/table>\n<p><em>Aquesta taula pot ser actualitzada d&#8217;acord amb les galetes emprades en cada moment. Us aconsellem que consulteu la nostra Pol\u00edtica de Cookies de forma regular.   <\/em><\/p>\n<p><em> <\/em><\/p>\n<p><strong><em><u>ES REALITZEN TRANFER\u00c8NCIES DE DADES A TERCERS PA\u00cfSOS?<\/u><\/em><\/strong><\/p>\n<p><em>Pots informar-te de les transfer\u00e8ncies a tercers pa\u00efsos que, si escau, realitzen els tercers identificats en aquesta pol\u00edtica de cookies en les seves pol\u00edtiques corresponents (Vegeu els enlla\u00e7os facilitats a la taula anterior, a l&#8217;apartat de cookies de tercers).<\/em><\/p>\n<p><strong><em><u>COM DESHABILITAR I BLOQUAR COOKIES?  <\/u><\/em><\/strong><\/p>\n<p><em>T&#8217;informem que, en qualsevol cas, pots deshabilitar o bloquejar les galetes activant la configuraci\u00f3 del teu navegador, permetent rebutjar la instal\u00b7laci\u00f3 de totes o algunes de les galetes. En cas de no permetre la instal\u00b7laci\u00f3 de cookies \u00e9s possible que no puguis accedir a algunes de les funcionalitats del present lloc web, i per tant, la teva experi\u00e8ncia com a usuari al lloc web sigui menys satisfact\u00f2ria. <\/em><\/p>\n<p><em>Pots permetre, bloquejar o eliminar les cookies instal\u00b7lades al teu equip mitjan\u00e7ant la configuraci\u00f3 de les opcions del navegador instal\u00b7lat al teu ordinador. Per a m\u00e9s informaci\u00f3 sobre com ajustar les vostres configuracions de cookies en els seg\u00fcents navegadors, us remetem a l&#8217;enlla\u00e7 pertinent: <\/em><\/p>\n<p><em>Internet Explorer<\/em><\/p>\n<p><span><a href=\"https:\/\/support.microsoft.com\/es-es\/help\/17442\/windows-internet-explorer-delete-manage-cookies\"><em>https:\/\/support.microsoft.com\/es-es\/help\/17442\/windows-internet-explorer-delete-manage-cookies<\/em><\/a><\/span><\/p>\n<p><em>Firefox<\/em><\/p>\n<p><span><a href=\"https:\/\/support.mozilla.org\/es\/kb\/habilitar-y-deshabilitar-cookies-sitios-web-rastrear-preferencias?redirectlocale=es&amp;redirectslug=habilitar-y-deshabilitar-cookies-que-los-sitios-we\"><em>https:\/\/support.mozilla.org\/es\/kb\/habilitar-y-deshabilitar-cookies-sitios-web-rastrear-preferencias?redirectlocale=es&amp;redirectslug=habilitar-y-deshabilitar-cookies-que-los-sitios-we<\/em><\/a><\/span><\/p>\n<p><em>Chrome<\/em><\/p>\n<p><span><a href=\"http:\/\/support.google.com\/chrome\/bin\/answer.py?hl=en&amp;answer=9564\"><em>http:\/\/support.google.com\/chrome\/bin\/answer.py?hl=en&amp;answer=9564<\/em><\/a><\/span><\/p>\n<p><em>Safari<\/em><\/p>\n<p><span><a href=\"https:\/\/support.apple.com\/kb\/PH19214?viewlocale=es_ES&amp;locale=es_ES\"><em>https:\/\/support.apple.com\/kb\/PH19214?viewlocale=es_ES&amp;locale=es_ES<\/em><\/a><\/span><\/p>\n<p><em>Opera<\/em><\/p>\n<p><span><a href=\"http:\/\/help.opera.com\/Windows\/11.50\/es-ES\/cookies.html\"><em>http:\/\/help.opera.com\/Windows\/11.50\/es-ES\/cookies.html<\/em><\/a><\/span><\/p>\n<p><strong><em><u><\/u><\/em><\/strong><\/p>\n<p><strong><em><u>QUINS DRETS TENS SOBRE LES DADES PERSONALS APORTADES?<\/u><\/em><\/strong><\/p>\n<p><em>Com a usuari, pots exercitar els drets seg\u00fcents:  <\/em><\/p>\n<ul>\n<li><em>Dret d&#8217;acc\u00e9s: Teniu dret a obtenir per part de l&#8217;empresa confirmaci\u00f3 de si s&#8217;estan tractant o no les vostres dades personals que, i si escau, quines dades tracta.<\/em><\/li>\n<li><em>Dret de rectificaci\u00f3: Teniu dret a obtenir per part de l&#8217;empresa, la rectificaci\u00f3 de les dades personals inexactes que us concerneixen. A la sol\u00b7licitud de rectificaci\u00f3 haur\u00e0s d&#8217;indicar les dades que desitges que es modifiquin. <\/em><\/li>\n<li><em>Dret d&#8217;oposici\u00f3: Teniu dret a oposar-vos en qualsevol moment, per motius relacionats amb la vostra situaci\u00f3 particular, que dades personals que us concerneixin siguin objecte d&#8217;un tractament basat en l&#8217;inter\u00e8s leg\u00edtim de l&#8217;empresa. En aquest cas, l&#8217;empresa deixar\u00e0 de tractar les dades personals, llevat que acreditem motius imperiosos leg\u00edtims per al tractament que prevalguin sobre els teus interessos, drets i llibertats, o per a la formulaci\u00f3, l&#8217;exercici o la defensa de reclamacions.<\/em><\/li>\n<li><em>Dret de supressi\u00f3: Teniu dret a obtenir per part de l&#8217;empresa, la supressi\u00f3 de les dades personals que us concerneixin.<\/em><\/li>\n<li><em>Dret a la portabilitat de les dades: Teniu dret que l&#8217;empresa transfereixi les vostres dades personals a un altre responsable del tractament. Nom\u00e9s \u00e9s possible exercir aquest dret quan el tractament estigui basat en l&#8217;execuci\u00f3 d&#8217;un contracte o en el vostre consentiment i el tractament es realitzi per mitjans automatitzats.<\/em><\/li>\n<li><em>Dret a la limitaci\u00f3 del tractament: Tens dret a sol\u00b7licitar-nos que suspenguem el tractament de les teves dades quan: impugnes l&#8217;exactitud de les dades, mentre l&#8217;empresa verifica aquesta exactitud; hagis exercit el dret d&#8217;oposici\u00f3 al tractament de les teves dades, mentre que es verifica si els motius leg\u00edtims de l&#8217;empresa prevalen sobre els teus com a interessats.<\/em><\/li>\n<li><em>Dret a no ser objecte de decisions individuals automatitzades, inclosa l&#8217;elaboraci\u00f3 de perfils: Tens dret a no ser objecte d&#8217;una decisi\u00f3 basada \u00fanicament en el tractament automatitzat, inclosa l&#8217;elaboraci\u00f3 de perfils, que produeixi efectes jur\u00eddics o t&#8217;afecti significativament de manera semblant.<\/em><\/li>\n<\/ul>\n<p><em>En qualsevol moment, podr\u00e0s exercitar aquests Drets, mitjan\u00e7ant un escrit i acreditant la teva personalitat adre\u00e7at al responsable del tractament, a la direcci\u00f3 que apareix m\u00e9s amunt.<\/em><\/p>\n<p><em>A m\u00e9s, podr\u00e0s presentar una reclamaci\u00f3 davant de l&#8217;autoritat de control, en aquest cas, l&#8217;Ag\u00e8ncia Espanyola de Protecci\u00f3 de Dades, si consideres que el tractament de dades personals infringeix la legislaci\u00f3 aplicable.<\/em><\/p>\n<p>[\/et_pb_text][\/et_pb_column][\/et_pb_row][\/et_pb_section]<\/p>\n","protected":false},"excerpt":{"rendered":"<p>Aquest lloc web utilitza galetes i\/o tecnologies similars que emmagatzemen i recuperen informaci\u00f3 quan navegues. En general, aquestes tecnologies poden servir per a finalitats molt diverses, com, per exemple, recon\u00e8ixer-te com a usuari, obtenir informaci\u00f3 sobre els teus h\u00e0bits de navegaci\u00f3 o personalitzes la manera com es mostra el contingut. Els usos concrets que fem [&hellip;]<\/p>\n","protected":false},"author":1,"featured_media":0,"parent":0,"menu_order":0,"comment_status":"closed","ping_status":"closed","template":"","meta":{"_et_pb_use_builder":"on","_et_pb_old_content":"<!-- wp:divi\/placeholder \/-->","_et_gb_content_width":"","footnotes":""},"class_list":["post-594","page","type-page","status-publish","hentry"],"yoast_head":"<!-- This site is optimized with the Yoast SEO plugin v23.3 - https:\/\/yoast.com\/wordpress\/plugins\/seo\/ -->\n<title>Pol\u00edtica de cookies - Benazet Navarro<\/title>\n<meta name=\"robots\" content=\"noindex, nofollow\" \/>\n<meta property=\"og:locale\" content=\"ca_ES\" \/>\n<meta property=\"og:type\" content=\"article\" \/>\n<meta property=\"og:title\" content=\"Pol\u00edtica de cookies - Benazet Navarro\" \/>\n<meta property=\"og:description\" content=\"Aquest lloc web utilitza galetes i\/o tecnologies similars que emmagatzemen i recuperen informaci\u00f3 quan navegues. En general, aquestes tecnologies poden servir per a finalitats molt diverses, com, per exemple, recon\u00e8ixer-te com a usuari, obtenir informaci\u00f3 sobre els teus h\u00e0bits de navegaci\u00f3 o personalitzes la manera com es mostra el contingut. Els usos concrets que fem [&hellip;]\" \/>\n<meta property=\"og:url\" content=\"https:\/\/benazetnavarro.com\/ca\/politica-de-cookies\/\" \/>\n<meta property=\"og:site_name\" content=\"Benazet Navarro\" \/>\n<meta property=\"article:modified_time\" content=\"2024-08-19T11:14:28+00:00\" \/>\n<meta name=\"twitter:card\" content=\"summary_large_image\" \/>\n<meta name=\"twitter:label1\" content=\"Temps estimat de lectura\" \/>\n\t<meta name=\"twitter:data1\" content=\"7 minuts\" \/>\n<script type=\"application\/ld+json\" class=\"yoast-schema-graph\">{\"@context\":\"https:\/\/schema.org\",\"@graph\":[{\"@type\":\"WebPage\",\"@id\":\"https:\/\/benazetnavarro.com\/ca\/politica-de-cookies\/\",\"url\":\"https:\/\/benazetnavarro.com\/ca\/politica-de-cookies\/\",\"name\":\"Pol\u00edtica de cookies - Benazet Navarro\",\"isPartOf\":{\"@id\":\"https:\/\/benazetnavarro.com\/ca\/#website\"},\"datePublished\":\"2024-05-21T15:08:50+00:00\",\"dateModified\":\"2024-08-19T11:14:28+00:00\",\"breadcrumb\":{\"@id\":\"https:\/\/benazetnavarro.com\/ca\/politica-de-cookies\/#breadcrumb\"},\"inLanguage\":\"ca\",\"potentialAction\":[{\"@type\":\"ReadAction\",\"target\":[\"https:\/\/benazetnavarro.com\/ca\/politica-de-cookies\/\"]}]},{\"@type\":\"BreadcrumbList\",\"@id\":\"https:\/\/benazetnavarro.com\/ca\/politica-de-cookies\/#breadcrumb\",\"itemListElement\":[{\"@type\":\"ListItem\",\"position\":1,\"name\":\"Portada\",\"item\":\"https:\/\/benazetnavarro.com\/ca\/\"},{\"@type\":\"ListItem\",\"position\":2,\"name\":\"Pol\u00edtica de cookies\"}]},{\"@type\":\"WebSite\",\"@id\":\"https:\/\/benazetnavarro.com\/ca\/#website\",\"url\":\"https:\/\/benazetnavarro.com\/ca\/\",\"name\":\"Benazet Navarro\",\"description\":\"Administraci\u00f3n de comunidades, gesti\u00f3n de urbanizaciones, administraci\u00f3n de alquileres y asesoramiento jur\u00eddico\",\"publisher\":{\"@id\":\"https:\/\/benazetnavarro.com\/ca\/#organization\"},\"potentialAction\":[{\"@type\":\"SearchAction\",\"target\":{\"@type\":\"EntryPoint\",\"urlTemplate\":\"https:\/\/benazetnavarro.com\/ca\/?s={search_term_string}\"},\"query-input\":\"required name=search_term_string\"}],\"inLanguage\":\"ca\"},{\"@type\":\"Organization\",\"@id\":\"https:\/\/benazetnavarro.com\/ca\/#organization\",\"name\":\"Benazet Navarro\",\"url\":\"https:\/\/benazetnavarro.com\/ca\/\",\"logo\":{\"@type\":\"ImageObject\",\"inLanguage\":\"ca\",\"@id\":\"https:\/\/benazetnavarro.com\/ca\/#\/schema\/logo\/image\/\",\"url\":\"https:\/\/benazetnavarro.com\/wp-content\/uploads\/cropped-favicon-benazet-navarro.jpg\",\"contentUrl\":\"https:\/\/benazetnavarro.com\/wp-content\/uploads\/cropped-favicon-benazet-navarro.jpg\",\"width\":512,\"height\":512,\"caption\":\"Benazet Navarro\"},\"image\":{\"@id\":\"https:\/\/benazetnavarro.com\/ca\/#\/schema\/logo\/image\/\"}}]}<\/script>\n<!-- \/ Yoast SEO plugin. -->","yoast_head_json":{"title":"Pol\u00edtica de cookies - Benazet Navarro","robots":{"index":"noindex","follow":"nofollow"},"og_locale":"ca_ES","og_type":"article","og_title":"Pol\u00edtica de cookies - Benazet Navarro","og_description":"Aquest lloc web utilitza galetes i\/o tecnologies similars que emmagatzemen i recuperen informaci\u00f3 quan navegues. En general, aquestes tecnologies poden servir per a finalitats molt diverses, com, per exemple, recon\u00e8ixer-te com a usuari, obtenir informaci\u00f3 sobre els teus h\u00e0bits de navegaci\u00f3 o personalitzes la manera com es mostra el contingut. Els usos concrets que fem [&hellip;]","og_url":"https:\/\/benazetnavarro.com\/ca\/politica-de-cookies\/","og_site_name":"Benazet Navarro","article_modified_time":"2024-08-19T11:14:28+00:00","twitter_card":"summary_large_image","twitter_misc":{"Temps estimat de lectura":"7 minuts"},"schema":{"@context":"https:\/\/schema.org","@graph":[{"@type":"WebPage","@id":"https:\/\/benazetnavarro.com\/ca\/politica-de-cookies\/","url":"https:\/\/benazetnavarro.com\/ca\/politica-de-cookies\/","name":"Pol\u00edtica de cookies - Benazet Navarro","isPartOf":{"@id":"https:\/\/benazetnavarro.com\/ca\/#website"},"datePublished":"2024-05-21T15:08:50+00:00","dateModified":"2024-08-19T11:14:28+00:00","breadcrumb":{"@id":"https:\/\/benazetnavarro.com\/ca\/politica-de-cookies\/#breadcrumb"},"inLanguage":"ca","potentialAction":[{"@type":"ReadAction","target":["https:\/\/benazetnavarro.com\/ca\/politica-de-cookies\/"]}]},{"@type":"BreadcrumbList","@id":"https:\/\/benazetnavarro.com\/ca\/politica-de-cookies\/#breadcrumb","itemListElement":[{"@type":"ListItem","position":1,"name":"Portada","item":"https:\/\/benazetnavarro.com\/ca\/"},{"@type":"ListItem","position":2,"name":"Pol\u00edtica de cookies"}]},{"@type":"WebSite","@id":"https:\/\/benazetnavarro.com\/ca\/#website","url":"https:\/\/benazetnavarro.com\/ca\/","name":"Benazet Navarro","description":"Administraci\u00f3n de comunidades, gesti\u00f3n de urbanizaciones, administraci\u00f3n de alquileres y asesoramiento jur\u00eddico","publisher":{"@id":"https:\/\/benazetnavarro.com\/ca\/#organization"},"potentialAction":[{"@type":"SearchAction","target":{"@type":"EntryPoint","urlTemplate":"https:\/\/benazetnavarro.com\/ca\/?s={search_term_string}"},"query-input":"required name=search_term_string"}],"inLanguage":"ca"},{"@type":"Organization","@id":"https:\/\/benazetnavarro.com\/ca\/#organization","name":"Benazet Navarro","url":"https:\/\/benazetnavarro.com\/ca\/","logo":{"@type":"ImageObject","inLanguage":"ca","@id":"https:\/\/benazetnavarro.com\/ca\/#\/schema\/logo\/image\/","url":"https:\/\/benazetnavarro.com\/wp-content\/uploads\/cropped-favicon-benazet-navarro.jpg","contentUrl":"https:\/\/benazetnavarro.com\/wp-content\/uploads\/cropped-favicon-benazet-navarro.jpg","width":512,"height":512,"caption":"Benazet Navarro"},"image":{"@id":"https:\/\/benazetnavarro.com\/ca\/#\/schema\/logo\/image\/"}}]}},"_links":{"self":[{"href":"https:\/\/benazetnavarro.com\/ca\/wp-json\/wp\/v2\/pages\/594"}],"collection":[{"href":"https:\/\/benazetnavarro.com\/ca\/wp-json\/wp\/v2\/pages"}],"about":[{"href":"https:\/\/benazetnavarro.com\/ca\/wp-json\/wp\/v2\/types\/page"}],"author":[{"embeddable":true,"href":"https:\/\/benazetnavarro.com\/ca\/wp-json\/wp\/v2\/users\/1"}],"replies":[{"embeddable":true,"href":"https:\/\/benazetnavarro.com\/ca\/wp-json\/wp\/v2\/comments?post=594"}],"version-history":[{"count":6,"href":"https:\/\/benazetnavarro.com\/ca\/wp-json\/wp\/v2\/pages\/594\/revisions"}],"predecessor-version":[{"id":837,"href":"https:\/\/benazetnavarro.com\/ca\/wp-json\/wp\/v2\/pages\/594\/revisions\/837"}],"wp:attachment":[{"href":"https:\/\/benazetnavarro.com\/ca\/wp-json\/wp\/v2\/media?parent=594"}],"curies":[{"name":"wp","href":"https:\/\/api.w.org\/{rel}","templated":true}]}}