{"id":549,"date":"2024-04-30T18:19:12","date_gmt":"2024-04-30T18:19:12","guid":{"rendered":"https:\/\/lacreateka.es\/serveis\/administracio-de-lloguers\/"},"modified":"2024-08-21T11:42:16","modified_gmt":"2024-08-21T11:42:16","slug":"administracio-de-lloguers","status":"publish","type":"page","link":"https:\/\/benazetnavarro.com\/ca\/serveis\/administracio-de-lloguers\/","title":{"rendered":"Administraci\u00f3 de lloguers"},"content":{"rendered":"<p>[et_pb_section fb_built=&#8221;1&#8243; _builder_version=&#8221;4.25.0&#8243; _module_preset=&#8221;default&#8221; background_image=&#8221;https:\/\/benazetnavarro.com\/wp-content\/uploads\/Porta.jpg&#8221; height=&#8221;40vh&#8221; da_disable_devices=&#8221;off|off|off&#8221; locked=&#8221;off&#8221; global_colors_info=&#8221;{}&#8221; da_is_popup=&#8221;off&#8221; da_exit_intent=&#8221;off&#8221; da_has_close=&#8221;on&#8221; da_alt_close=&#8221;off&#8221; da_dark_close=&#8221;off&#8221; da_not_modal=&#8221;on&#8221; da_is_singular=&#8221;off&#8221; da_with_loader=&#8221;off&#8221; da_has_shadow=&#8221;on&#8221;][et_pb_row column_structure=&#8221;1_2,1_2&#8243; _builder_version=&#8221;4.25.0&#8243; _module_preset=&#8221;default&#8221; global_colors_info=&#8221;{}&#8221;][et_pb_column type=&#8221;1_2&#8243; _builder_version=&#8221;4.25.0&#8243; _module_preset=&#8221;default&#8221; global_colors_info=&#8221;{}&#8221;][et_pb_text _builder_version=&#8221;4.25.0&#8243; _module_preset=&#8221;default&#8221; header_font=&#8221;|700|||||||&#8221; header_text_color=&#8221;#062A30&#8243; header_line_height=&#8221;1.3em&#8221; background_color=&#8221;rgba(255,255,255,0.4)&#8221; custom_margin=&#8221;||||false|false&#8221; custom_padding=&#8221;30px|20px|30px|20px|true|true&#8221; header_font_size_tablet=&#8221;&#8221; header_font_size_phone=&#8221;30px&#8221; header_font_size_last_edited=&#8221;on|phone&#8221; global_colors_info=&#8221;{}&#8221;]<\/p>\n<h1>Administraci\u00f3 de lloguers<\/h1>\n<p>[\/et_pb_text][\/et_pb_column][et_pb_column type=&#8221;1_2&#8243; _builder_version=&#8221;4.25.0&#8243; _module_preset=&#8221;default&#8221; global_colors_info=&#8221;{}&#8221;][\/et_pb_column][\/et_pb_row][\/et_pb_section][et_pb_section fb_built=&#8221;1&#8243; _builder_version=&#8221;4.25.0&#8243; _module_preset=&#8221;default&#8221; da_disable_devices=&#8221;off|off|off&#8221; global_colors_info=&#8221;{}&#8221; da_is_popup=&#8221;off&#8221; da_exit_intent=&#8221;off&#8221; da_has_close=&#8221;on&#8221; da_alt_close=&#8221;off&#8221; da_dark_close=&#8221;off&#8221; da_not_modal=&#8221;on&#8221; da_is_singular=&#8221;off&#8221; da_with_loader=&#8221;off&#8221; da_has_shadow=&#8221;on&#8221;][et_pb_row column_structure=&#8221;1_4,1_4,1_4,1_4&#8243; _builder_version=&#8221;4.25.0&#8243; _module_preset=&#8221;default&#8221; global_colors_info=&#8221;{}&#8221;][et_pb_column type=&#8221;1_4&#8243; _builder_version=&#8221;4.25.0&#8243; _module_preset=&#8221;default&#8221; global_colors_info=&#8221;{}&#8221;][et_pb_blurb title=&#8221;Contractes&#8221; image=&#8221;https:\/\/benazetnavarro.com\/wp-content\/uploads\/BN_icone_contractes-de-lloguer.png&#8221; _builder_version=&#8221;4.25.0&#8243; _module_preset=&#8221;default&#8221; header_font=&#8221;|700||on|||||&#8221; header_text_align=&#8221;center&#8221; header_text_color=&#8221;#062A30&#8243; header_line_height=&#8221;1.2em&#8221; text_orientation=&#8221;center&#8221; global_colors_info=&#8221;{}&#8221;]<\/p>\n<p><span>Formalitzaci\u00f3, actualitzaci\u00f3 i extinci\u00f3 dels contractes de lloguer.<\/span><\/p>\n<p>[\/et_pb_blurb][\/et_pb_column][et_pb_column type=&#8221;1_4&#8243; _builder_version=&#8221;4.25.0&#8243; _module_preset=&#8221;default&#8221; global_colors_info=&#8221;{}&#8221;][et_pb_blurb title=&#8221;Fiances i avals&#8221; image=&#8221;https:\/\/benazetnavarro.com\/wp-content\/uploads\/BN_icone_fiances-i-avals.png&#8221; _builder_version=&#8221;4.25.0&#8243; _module_preset=&#8221;default&#8221; header_font=&#8221;|700||on|||||&#8221; header_text_align=&#8221;center&#8221; header_text_color=&#8221;#062A30&#8243; header_line_height=&#8221;1.2em&#8221; text_orientation=&#8221;center&#8221; global_colors_info=&#8221;{}&#8221;]<\/p>\n<p><span> <\/span><span>Manteniment i liquidaci\u00f3 de fiances, gesti\u00f3 d\u2019avals i garanties.<\/span><\/p>\n<p>[\/et_pb_blurb][\/et_pb_column][et_pb_column type=&#8221;1_4&#8243; _builder_version=&#8221;4.25.0&#8243; _module_preset=&#8221;default&#8221; global_colors_info=&#8221;{}&#8221;][et_pb_blurb title=&#8221;Control i gesti\u00f3 administratiu&#8221; image=&#8221;https:\/\/benazetnavarro.com\/wp-content\/uploads\/BN_icone_custodia.png&#8221; _builder_version=&#8221;4.25.0&#8243; _module_preset=&#8221;default&#8221; header_font=&#8221;|700||on|||||&#8221; header_text_align=&#8221;center&#8221; header_text_color=&#8221;#062A30&#8243; header_line_height=&#8221;1.2em&#8221; text_orientation=&#8221;center&#8221; global_colors_info=&#8221;{}&#8221;]<\/p>\n<p>Emissi\u00f3, gesti\u00f3 i seguiment dels cobraments, elaboraci\u00f3 de liquidacions mensuals.<\/p>\n<p>[\/et_pb_blurb][\/et_pb_column][et_pb_column type=&#8221;1_4&#8243; _builder_version=&#8221;4.25.0&#8243; _module_preset=&#8221;default&#8221; global_colors_info=&#8221;{}&#8221;][et_pb_blurb title=&#8221;Incid\u00e8ncies&#8221; image=&#8221;https:\/\/benazetnavarro.com\/wp-content\/uploads\/BN_icone_incidencies-.png&#8221; _builder_version=&#8221;4.25.0&#8243; _module_preset=&#8221;default&#8221; header_font=&#8221;|700||on|||||&#8221; header_text_align=&#8221;center&#8221; header_text_color=&#8221;#062A30&#8243; header_line_height=&#8221;1.2em&#8221; text_orientation=&#8221;center&#8221; global_colors_info=&#8221;{}&#8221;]<\/p>\n<p><span>Gesti\u00f3 informatitzada de les incid\u00e8ncies.<\/span><\/p>\n<p>[\/et_pb_blurb][\/et_pb_column][\/et_pb_row][\/et_pb_section][et_pb_section fb_built=&#8221;1&#8243; _builder_version=&#8221;4.25.0&#8243; _module_preset=&#8221;default&#8221; background_color=&#8221;RGBA(255,255,255,0)&#8221; custom_margin=&#8221;0px||0px||false|false&#8221; custom_padding=&#8221;0px||0px||false|false&#8221; sticky_position=&#8221;bottom&#8221; sticky_offset_bottom=&#8221;16px&#8221; sticky_limit_top=&#8221;body&#8221; da_disable_devices=&#8221;off|off|off&#8221; saved_tabs=&#8221;all&#8221; global_colors_info=&#8221;{}&#8221; global_module=&#8221;338&#8243; theme_builder_area=&#8221;post_content&#8221; da_is_popup=&#8221;off&#8221; da_exit_intent=&#8221;off&#8221; da_has_close=&#8221;on&#8221; da_alt_close=&#8221;off&#8221; da_dark_close=&#8221;off&#8221; da_not_modal=&#8221;on&#8221; da_is_singular=&#8221;off&#8221; da_with_loader=&#8221;off&#8221; da_has_shadow=&#8221;on&#8221;][et_pb_row _builder_version=&#8221;4.25.0&#8243; _module_preset=&#8221;default&#8221; background_color=&#8221;RGBA(255,255,255,0)&#8221; custom_margin=&#8221;0px||0px||false|false&#8221; custom_padding=&#8221;0px||0px||false|false&#8221; global_colors_info=&#8221;{}&#8221; theme_builder_area=&#8221;post_content&#8221;][et_pb_column type=&#8221;4_4&#8243; _builder_version=&#8221;4.25.0&#8243; _module_preset=&#8221;default&#8221; global_colors_info=&#8221;{}&#8221; theme_builder_area=&#8221;post_content&#8221;][et_pb_button button_url=&#8221;https:\/\/benazetnavarro.com\/ca\/contacte\/&#8221; button_text=&#8221;Contacta&#039;ns&#8221; disabled_on=&#8221;off|off|off&#8221; _builder_version=&#8221;4.25.0&#8243; _module_preset=&#8221;default&#8221; custom_button=&#8221;on&#8221; button_text_color=&#8221;#FFFFFF&#8221; button_bg_color=&#8221;#062A30&#8243; button_border_width=&#8221;0px&#8221; button_border_color=&#8221;RGBA(255,255,255,0)&#8221; button_border_radius=&#8221;14px&#8221; button_icon=&#8221;&#x76;||divi||400&#8243; button_icon_placement=&#8221;left&#8221; button_on_hover=&#8221;off&#8221; positioning=&#8221;fixed&#8221; position_origin_f=&#8221;bottom_right&#8221; vertical_offset=&#8221;15px&#8221; horizontal_offset=&#8221;15px&#8221; z_index=&#8221;99999&#8243; vertical_offset_tablet=&#8221;&#8221; vertical_offset_phone=&#8221;5px&#8221; vertical_offset_last_edited=&#8221;on|phone&#8221; horizontal_offset_tablet=&#8221;&#8221; horizontal_offset_phone=&#8221;5px&#8221; horizontal_offset_last_edited=&#8221;on|phone&#8221; custom_margin=&#8221;0px||0px||false|false&#8221; button_text_size_tablet=&#8221;&#8221; button_text_size_phone=&#8221;17px&#8221; button_text_size_last_edited=&#8221;on|phone&#8221; global_colors_info=&#8221;{}&#8221; button_text_color__hover_enabled=&#8221;on|hover&#8221; button_text_color__hover=&#8221;#DEE2E3&#8243; button_border_color__hover_enabled=&#8221;on|desktop&#8221; button_border_color__hover=&#8221;#FFFFFF&#8221; theme_builder_area=&#8221;post_content&#8221;][\/et_pb_button][\/et_pb_column][\/et_pb_row][\/et_pb_section]<\/p>\n","protected":false},"excerpt":{"rendered":"<p>Administraci\u00f3 de lloguersFormalitzaci\u00f3, actualitzaci\u00f3 i extinci\u00f3 dels contractes de lloguer. Manteniment i liquidaci\u00f3 de fiances, gesti\u00f3 d\u2019avals i garanties.Emissi\u00f3, gesti\u00f3 i seguiment dels cobraments, elaboraci\u00f3 de liquidacions mensuals.Gesti\u00f3 informatitzada de les incid\u00e8ncies.<\/p>\n","protected":false},"author":1,"featured_media":0,"parent":525,"menu_order":0,"comment_status":"closed","ping_status":"closed","template":"","meta":{"_et_pb_use_builder":"on","_et_pb_old_content":"","_et_gb_content_width":"","footnotes":""},"class_list":["post-549","page","type-page","status-publish","hentry"],"yoast_head":"<!-- This site is optimized with the Yoast SEO plugin v23.3 - https:\/\/yoast.com\/wordpress\/plugins\/seo\/ -->\n<title>Administraci\u00f3 de lloguers - Benazet Navarro<\/title>\n<meta name=\"description\" content=\"Servicio de administraci\u00f3n de alquileres en Sitges. Delega la administraci\u00f3n de alquileres a los profesionales de Benazet Navarro. Servicio de administraci\u00f3n de alquileres en Sitges. Delega la administraci\u00f3n de alquileres a los profesionales de Benazet Navarro.\" \/>\n<meta name=\"robots\" content=\"index, follow, max-snippet:-1, max-image-preview:large, max-video-preview:-1\" \/>\n<link rel=\"canonical\" href=\"https:\/\/benazetnavarro.com\/ca\/serveis\/administracio-de-lloguers\/\" \/>\n<meta property=\"og:locale\" content=\"ca_ES\" \/>\n<meta property=\"og:type\" content=\"article\" \/>\n<meta property=\"og:title\" content=\"Administraci\u00f3 de lloguers - Benazet Navarro\" \/>\n<meta property=\"og:description\" content=\"Servicio de administraci\u00f3n de alquileres en Sitges. Delega la administraci\u00f3n de alquileres a los profesionales de Benazet Navarro. Servicio de administraci\u00f3n de alquileres en Sitges. Delega la administraci\u00f3n de alquileres a los profesionales de Benazet Navarro.\" \/>\n<meta property=\"og:url\" content=\"https:\/\/benazetnavarro.com\/ca\/serveis\/administracio-de-lloguers\/\" \/>\n<meta property=\"og:site_name\" content=\"Benazet Navarro\" \/>\n<meta property=\"article:modified_time\" content=\"2024-08-21T11:42:16+00:00\" \/>\n<meta name=\"twitter:card\" content=\"summary_large_image\" \/>\n<meta name=\"twitter:label1\" content=\"Temps estimat de lectura\" \/>\n\t<meta name=\"twitter:data1\" content=\"4 minuts\" \/>\n<script type=\"application\/ld+json\" class=\"yoast-schema-graph\">{\"@context\":\"https:\/\/schema.org\",\"@graph\":[{\"@type\":\"WebPage\",\"@id\":\"https:\/\/benazetnavarro.com\/ca\/serveis\/administracio-de-lloguers\/\",\"url\":\"https:\/\/benazetnavarro.com\/ca\/serveis\/administracio-de-lloguers\/\",\"name\":\"Administraci\u00f3 de lloguers - Benazet Navarro\",\"isPartOf\":{\"@id\":\"https:\/\/benazetnavarro.com\/ca\/#website\"},\"datePublished\":\"2024-04-30T18:19:12+00:00\",\"dateModified\":\"2024-08-21T11:42:16+00:00\",\"description\":\"Servicio de administraci\u00f3n de alquileres en Sitges. Delega la administraci\u00f3n de alquileres a los profesionales de Benazet Navarro. Servicio de administraci\u00f3n de alquileres en Sitges. Delega la administraci\u00f3n de alquileres a los profesionales de Benazet Navarro.\",\"breadcrumb\":{\"@id\":\"https:\/\/benazetnavarro.com\/ca\/serveis\/administracio-de-lloguers\/#breadcrumb\"},\"inLanguage\":\"ca\",\"potentialAction\":[{\"@type\":\"ReadAction\",\"target\":[\"https:\/\/benazetnavarro.com\/ca\/serveis\/administracio-de-lloguers\/\"]}]},{\"@type\":\"BreadcrumbList\",\"@id\":\"https:\/\/benazetnavarro.com\/ca\/serveis\/administracio-de-lloguers\/#breadcrumb\",\"itemListElement\":[{\"@type\":\"ListItem\",\"position\":1,\"name\":\"Portada\",\"item\":\"https:\/\/benazetnavarro.com\/ca\/\"},{\"@type\":\"ListItem\",\"position\":2,\"name\":\"Serveis\",\"item\":\"https:\/\/benazetnavarro.com\/ca\/serveis\/\"},{\"@type\":\"ListItem\",\"position\":3,\"name\":\"Administraci\u00f3 de lloguers\"}]},{\"@type\":\"WebSite\",\"@id\":\"https:\/\/benazetnavarro.com\/ca\/#website\",\"url\":\"https:\/\/benazetnavarro.com\/ca\/\",\"name\":\"Benazet Navarro\",\"description\":\"Administraci\u00f3n de comunidades, gesti\u00f3n de urbanizaciones, administraci\u00f3n de alquileres y asesoramiento jur\u00eddico\",\"publisher\":{\"@id\":\"https:\/\/benazetnavarro.com\/ca\/#organization\"},\"potentialAction\":[{\"@type\":\"SearchAction\",\"target\":{\"@type\":\"EntryPoint\",\"urlTemplate\":\"https:\/\/benazetnavarro.com\/ca\/?s={search_term_string}\"},\"query-input\":\"required name=search_term_string\"}],\"inLanguage\":\"ca\"},{\"@type\":\"Organization\",\"@id\":\"https:\/\/benazetnavarro.com\/ca\/#organization\",\"name\":\"Benazet Navarro\",\"url\":\"https:\/\/benazetnavarro.com\/ca\/\",\"logo\":{\"@type\":\"ImageObject\",\"inLanguage\":\"ca\",\"@id\":\"https:\/\/benazetnavarro.com\/ca\/#\/schema\/logo\/image\/\",\"url\":\"https:\/\/benazetnavarro.com\/wp-content\/uploads\/cropped-favicon-benazet-navarro.jpg\",\"contentUrl\":\"https:\/\/benazetnavarro.com\/wp-content\/uploads\/cropped-favicon-benazet-navarro.jpg\",\"width\":512,\"height\":512,\"caption\":\"Benazet Navarro\"},\"image\":{\"@id\":\"https:\/\/benazetnavarro.com\/ca\/#\/schema\/logo\/image\/\"}}]}<\/script>\n<!-- \/ Yoast SEO plugin. -->","yoast_head_json":{"title":"Administraci\u00f3 de lloguers - Benazet Navarro","description":"Servicio de administraci\u00f3n de alquileres en Sitges. Delega la administraci\u00f3n de alquileres a los profesionales de Benazet Navarro. Servicio de administraci\u00f3n de alquileres en Sitges. Delega la administraci\u00f3n de alquileres a los profesionales de Benazet Navarro.","robots":{"index":"index","follow":"follow","max-snippet":"max-snippet:-1","max-image-preview":"max-image-preview:large","max-video-preview":"max-video-preview:-1"},"canonical":"https:\/\/benazetnavarro.com\/ca\/serveis\/administracio-de-lloguers\/","og_locale":"ca_ES","og_type":"article","og_title":"Administraci\u00f3 de lloguers - Benazet Navarro","og_description":"Servicio de administraci\u00f3n de alquileres en Sitges. Delega la administraci\u00f3n de alquileres a los profesionales de Benazet Navarro. Servicio de administraci\u00f3n de alquileres en Sitges. Delega la administraci\u00f3n de alquileres a los profesionales de Benazet Navarro.","og_url":"https:\/\/benazetnavarro.com\/ca\/serveis\/administracio-de-lloguers\/","og_site_name":"Benazet Navarro","article_modified_time":"2024-08-21T11:42:16+00:00","twitter_card":"summary_large_image","twitter_misc":{"Temps estimat de lectura":"4 minuts"},"schema":{"@context":"https:\/\/schema.org","@graph":[{"@type":"WebPage","@id":"https:\/\/benazetnavarro.com\/ca\/serveis\/administracio-de-lloguers\/","url":"https:\/\/benazetnavarro.com\/ca\/serveis\/administracio-de-lloguers\/","name":"Administraci\u00f3 de lloguers - Benazet Navarro","isPartOf":{"@id":"https:\/\/benazetnavarro.com\/ca\/#website"},"datePublished":"2024-04-30T18:19:12+00:00","dateModified":"2024-08-21T11:42:16+00:00","description":"Servicio de administraci\u00f3n de alquileres en Sitges. Delega la administraci\u00f3n de alquileres a los profesionales de Benazet Navarro. Servicio de administraci\u00f3n de alquileres en Sitges. Delega la administraci\u00f3n de alquileres a los profesionales de Benazet Navarro.","breadcrumb":{"@id":"https:\/\/benazetnavarro.com\/ca\/serveis\/administracio-de-lloguers\/#breadcrumb"},"inLanguage":"ca","potentialAction":[{"@type":"ReadAction","target":["https:\/\/benazetnavarro.com\/ca\/serveis\/administracio-de-lloguers\/"]}]},{"@type":"BreadcrumbList","@id":"https:\/\/benazetnavarro.com\/ca\/serveis\/administracio-de-lloguers\/#breadcrumb","itemListElement":[{"@type":"ListItem","position":1,"name":"Portada","item":"https:\/\/benazetnavarro.com\/ca\/"},{"@type":"ListItem","position":2,"name":"Serveis","item":"https:\/\/benazetnavarro.com\/ca\/serveis\/"},{"@type":"ListItem","position":3,"name":"Administraci\u00f3 de lloguers"}]},{"@type":"WebSite","@id":"https:\/\/benazetnavarro.com\/ca\/#website","url":"https:\/\/benazetnavarro.com\/ca\/","name":"Benazet Navarro","description":"Administraci\u00f3n de comunidades, gesti\u00f3n de urbanizaciones, administraci\u00f3n de alquileres y asesoramiento jur\u00eddico","publisher":{"@id":"https:\/\/benazetnavarro.com\/ca\/#organization"},"potentialAction":[{"@type":"SearchAction","target":{"@type":"EntryPoint","urlTemplate":"https:\/\/benazetnavarro.com\/ca\/?s={search_term_string}"},"query-input":"required name=search_term_string"}],"inLanguage":"ca"},{"@type":"Organization","@id":"https:\/\/benazetnavarro.com\/ca\/#organization","name":"Benazet Navarro","url":"https:\/\/benazetnavarro.com\/ca\/","logo":{"@type":"ImageObject","inLanguage":"ca","@id":"https:\/\/benazetnavarro.com\/ca\/#\/schema\/logo\/image\/","url":"https:\/\/benazetnavarro.com\/wp-content\/uploads\/cropped-favicon-benazet-navarro.jpg","contentUrl":"https:\/\/benazetnavarro.com\/wp-content\/uploads\/cropped-favicon-benazet-navarro.jpg","width":512,"height":512,"caption":"Benazet Navarro"},"image":{"@id":"https:\/\/benazetnavarro.com\/ca\/#\/schema\/logo\/image\/"}}]}},"_links":{"self":[{"href":"https:\/\/benazetnavarro.com\/ca\/wp-json\/wp\/v2\/pages\/549"}],"collection":[{"href":"https:\/\/benazetnavarro.com\/ca\/wp-json\/wp\/v2\/pages"}],"about":[{"href":"https:\/\/benazetnavarro.com\/ca\/wp-json\/wp\/v2\/types\/page"}],"author":[{"embeddable":true,"href":"https:\/\/benazetnavarro.com\/ca\/wp-json\/wp\/v2\/users\/1"}],"replies":[{"embeddable":true,"href":"https:\/\/benazetnavarro.com\/ca\/wp-json\/wp\/v2\/comments?post=549"}],"version-history":[{"count":4,"href":"https:\/\/benazetnavarro.com\/ca\/wp-json\/wp\/v2\/pages\/549\/revisions"}],"predecessor-version":[{"id":859,"href":"https:\/\/benazetnavarro.com\/ca\/wp-json\/wp\/v2\/pages\/549\/revisions\/859"}],"up":[{"embeddable":true,"href":"https:\/\/benazetnavarro.com\/ca\/wp-json\/wp\/v2\/pages\/525"}],"wp:attachment":[{"href":"https:\/\/benazetnavarro.com\/ca\/wp-json\/wp\/v2\/media?parent=549"}],"curies":[{"name":"wp","href":"https:\/\/api.w.org\/{rel}","templated":true}]}}